{"id":166796,"date":"2025-12-19T16:13:13","date_gmt":"2025-12-19T13:13:13","guid":{"rendered":"https:\/\/baldumarket.lt\/product\/dallas-17-witryna-2d2s-dab-sonoma\/"},"modified":"2026-02-09T12:13:13","modified_gmt":"2026-02-09T09:13:13","slug":"dallas-17-witryna-2d2s-dab-sonoma","status":"publish","type":"product","link":"https:\/\/baldumarket.lt\/lt\/product\/dallas-17-witryna-2d2s-dab-sonoma\/","title":{"rendered":"DALLAS-17 \u2013 2D2S vitrina, Sonoma \u0105\u017euolas"},"content":{"rendered":"<p>DALLAS-17 \u2013 tai vitrina, kuri ne tik atitinka funkcionalumo l\u016bkes\u010dius, bet ir tampa bet kurio kambario traukos centru. Jos dizainas derina paprastum\u0105 ir elegancij\u0105, tod\u0117l puikiai tinka tiek moderniam, tiek klasikiniam interjerui. Sukurta galvojant apie gro\u017eio ir prakti\u0161kumo m\u0117g\u0117jus, \u201eSonoma Oak\u201c vitrina suteikia interjerui \u0161ilt\u0105 ir jauk\u0173 charakter\u012f, o tvirta konstrukcija u\u017etikrina ilgalaik\u012f naudojim\u0105. Viduje yra trys \u012fsp\u016bdingos stiklin\u0117s lentynos, leid\u017eian\u010dios eleganti\u0161kai eksponuoti m\u0117gstamus daiktus. Tai puiki vieta knygoms, kolekciniams daiktams ar dekoracijoms, kurios suteiks j\u016bs\u0173 namams asmeni\u0161kumo. Be to, du erdv\u016bs stal\u010diai suteikia prakti\u0161k\u0105 viet\u0105 smulkiems daiktams laikyti ir padeda palaikyti tvark\u0105. DALLAS-17 vitrina yra puikus pasirinkimas visiems, kurie vertina ir estetik\u0105, ir funkcionalum\u0105. Juodi apdailos r\u0117meliai ir metalin\u0117s rankenos suteikia vitrinai \u017eavesio. \u0160ie elementai pabr\u0117\u017eia unikal\u0173 baldo stili\u0173 ir paver\u010dia j\u012f unikaliu bet kokio interjero papildymu. Kiekviena detal\u0117 yra kruop\u0161\u010diai apgalvota, tod\u0117l vitrina yra ne tik gra\u017ei, bet ir lengvai naudojama kiekvien\u0105 dien\u0105. Rinkit\u0117s DALLAS-17, kad suteiktum\u0117te savo interjerui elegancijos ir modernumo.<\/p>","protected":false},"excerpt":{"rendered":"<p>Plotis (cm): 97<br \/>\n\u016agis (cm): 192<br \/>\nGylis (cm): 45<\/p>","protected":false},"featured_media":166797,"comment_status":"open","ping_status":"open","template":"","meta":[],"product_brand":[],"product_cat":[9504,4108,2006],"product_tag":[],"class_list":{"0":"post-166796","1":"product","2":"type-product","3":"status-publish","4":"has-post-thumbnail","6":"product_cat-furniture-system-dallas-jarstol-meble","7":"product_cat-jarstol","8":"product_cat-vitrines","10":"first","11":"instock","12":"purchasable","13":"product-type-simple"},"_links":{"self":[{"href":"https:\/\/baldumarket.lt\/lt\/wp-json\/wp\/v2\/product\/166796","targetHints":{"allow":["GET"]}}],"collection":[{"href":"https:\/\/baldumarket.lt\/lt\/wp-json\/wp\/v2\/product"}],"about":[{"href":"https:\/\/baldumarket.lt\/lt\/wp-json\/wp\/v2\/types\/product"}],"replies":[{"embeddable":true,"href":"https:\/\/baldumarket.lt\/lt\/wp-json\/wp\/v2\/comments?post=166796"}],"wp:featuredmedia":[{"embeddable":true,"href":"https:\/\/baldumarket.lt\/lt\/wp-json\/wp\/v2\/media\/166797"}],"wp:attachment":[{"href":"https:\/\/baldumarket.lt\/lt\/wp-json\/wp\/v2\/media?parent=166796"}],"wp:term":[{"taxonomy":"product_brand","embeddable":true,"href":"https:\/\/baldumarket.lt\/lt\/wp-json\/wp\/v2\/product_brand?post=166796"},{"taxonomy":"product_cat","embeddable":true,"href":"https:\/\/baldumarket.lt\/lt\/wp-json\/wp\/v2\/product_cat?post=166796"},{"taxonomy":"product_tag","embeddable":true,"href":"https:\/\/baldumarket.lt\/lt\/wp-json\/wp\/v2\/product_tag?post=166796"}],"curies":[{"name":"wp","href":"https:\/\/api.w.org\/{rel}","templated":true}]}}