{"id":166788,"date":"2025-12-19T16:12:56","date_gmt":"2025-12-19T13:12:56","guid":{"rendered":"https:\/\/baldumarket.lt\/product\/dallas-17-witryna-2d2s-dab-truflowy\/"},"modified":"2026-02-09T12:13:13","modified_gmt":"2026-02-09T09:13:13","slug":"dallas-17-witryna-2d2s-dab-truflowy","status":"publish","type":"product","link":"https:\/\/baldumarket.lt\/lt\/product\/dallas-17-witryna-2d2s-dab-truflowy\/","title":{"rendered":"DALLAS-17 \u2013 2D2S triufeli\u0173 \u0105\u017euolo vitrina"},"content":{"rendered":"<p>DALLAS-17 \u2013 tai unikali vitrina, atspindinti elegancij\u0105 ir modernum\u0105, puikiai papildanti bet kok\u012f interjer\u0105. Minimalistinis dizainas ir grie\u017etas triufeli\u0173 \u0105\u017euolo \u017eavesys daro j\u0105 idealiai tinkan\u010di\u0105 \u012fvairiems interjerams \u2013 nuo klasikinio iki modernesnio. Pasirinkdami \u0161i\u0105 vitrin\u0105, u\u017etikrinate, kad baldas ne tik atliks praktin\u0119 funkcij\u0105, bet ir suteiks bet kokiam kambariui charakterio bei klas\u0117s. Sukurta atsi\u017evelgiant \u012f funkcionalum\u0105, DALLAS-17 vitrina turi tris eleganti\u0161kas stiklines lentynas, puikiai tinkan\u010dias j\u016bs\u0173 kolekcijai, knygoms ar aksesuarams eksponuoti. Kiekvien\u0105 spintel\u0117je esant\u012f daikt\u0105 praturtins puikus ap\u0161vietimas ir skaidr\u016bs fasadai. Be to, du erdv\u016bs stal\u010diai puikiai tinka smulkiems daiktams laikyti, tod\u0117l \u0161i vitrina yra ne tik esteti\u0161kai patraukli, bet ir prakti\u0161kas j\u016bs\u0173 nam\u0173 papildymas. DALLAS-17 vitrina pasi\u017eymi ry\u0161kiomis juodomis rankenomis ir metaliniu r\u0117mu, derinan\u010diu stili\u0173 su moderniu dizainu. \u0160ios detal\u0117s traukia ak\u012f ir suteikia spintelei unikal\u0173 charakter\u012f. Triufeli\u0173 \u0105\u017euolo spalva yra tokia universali, kad lengvai dera prie \u012fvairi\u0173 spalv\u0173 paleti\u0173, tod\u0117l ji puikiai tinka tiek svetainei, tiek valgomajam.<\/p>","protected":false},"excerpt":{"rendered":"<p>Plotis (cm): 97<br \/>\n\u016agis (cm): 192<br \/>\nGylis (cm): 45<\/p>","protected":false},"featured_media":166789,"comment_status":"open","ping_status":"open","template":"","meta":[],"product_brand":[],"product_cat":[9504,4108,2006],"product_tag":[],"class_list":{"0":"post-166788","1":"product","2":"type-product","3":"status-publish","4":"has-post-thumbnail","6":"product_cat-furniture-system-dallas-jarstol-meble","7":"product_cat-jarstol","8":"product_cat-vitrines","10":"first","11":"instock","12":"purchasable","13":"product-type-simple"},"_links":{"self":[{"href":"https:\/\/baldumarket.lt\/lt\/wp-json\/wp\/v2\/product\/166788","targetHints":{"allow":["GET"]}}],"collection":[{"href":"https:\/\/baldumarket.lt\/lt\/wp-json\/wp\/v2\/product"}],"about":[{"href":"https:\/\/baldumarket.lt\/lt\/wp-json\/wp\/v2\/types\/product"}],"replies":[{"embeddable":true,"href":"https:\/\/baldumarket.lt\/lt\/wp-json\/wp\/v2\/comments?post=166788"}],"wp:featuredmedia":[{"embeddable":true,"href":"https:\/\/baldumarket.lt\/lt\/wp-json\/wp\/v2\/media\/166789"}],"wp:attachment":[{"href":"https:\/\/baldumarket.lt\/lt\/wp-json\/wp\/v2\/media?parent=166788"}],"wp:term":[{"taxonomy":"product_brand","embeddable":true,"href":"https:\/\/baldumarket.lt\/lt\/wp-json\/wp\/v2\/product_brand?post=166788"},{"taxonomy":"product_cat","embeddable":true,"href":"https:\/\/baldumarket.lt\/lt\/wp-json\/wp\/v2\/product_cat?post=166788"},{"taxonomy":"product_tag","embeddable":true,"href":"https:\/\/baldumarket.lt\/lt\/wp-json\/wp\/v2\/product_tag?post=166788"}],"curies":[{"name":"wp","href":"https:\/\/api.w.org\/{rel}","templated":true}]}}