{"id":166780,"date":"2025-12-19T16:12:38","date_gmt":"2025-12-19T13:12:38","guid":{"rendered":"https:\/\/baldumarket.lt\/product\/dallas-19-szafa-1d1s-dab-sonoma\/"},"modified":"2026-02-09T12:13:13","modified_gmt":"2026-02-09T09:13:13","slug":"dallas-19-szafa-1d1s-dab-sonoma","status":"publish","type":"product","link":"https:\/\/baldumarket.lt\/lt\/product\/dallas-19-szafa-1d1s-dab-sonoma\/","title":{"rendered":"DALLAS-19 \u2013 Drabu\u017ein\u0117 1D1S Sonoma Oak"},"content":{"rendered":"<p>\u201eDallas-19\u201c spinta i\u0161 \u201eSonoma Oak\u201c \u2013 tai paprasta, ta\u010diau stilinga spinta, kuri suteiks charakterio bet kuriam kambariui. D\u0117l universalaus dizaino j\u0105 galima lengvai integruoti tiek \u012f modern\u0173, tiek \u012f klasikin\u012f interjer\u0105 \u2013 nuo svetain\u0117s, per prie\u0161kambar\u012f iki miegamojo. \u201eDallas-19\u201c spintos vidin\u0117 erdv\u0117 stebina funkcionalumu. Vieno stal\u010diaus ir spintel\u0117s derinys slepia patog\u0173 drabu\u017ei\u0173 kabykl\u0105, tod\u0117l daikt\u0173 laikymo valdymas yra tikras malonumas. Be to, juodos metalin\u0117s ranken\u0117l\u0117s puikiai papildo subtilius juodus akcentus, suteikdamos rafinuotumo. D\u0117l i\u0161skirtinio d\u0117mesio detal\u0117ms \u201eDallas-19\u201c spinta ne tik patenkins j\u016bs\u0173 daikt\u0173 laikymo poreikius, bet ir taps j\u016bs\u0173 interjero dizaino stipriu akcentu. D\u0117l plon\u0173, ta\u010diau stabili\u0173 proporcij\u0173 \u0161i spinta yra erdvi ir kompakti\u0161ka, tod\u0117l tai idealus sprendimas ma\u017eesn\u0117ms erdv\u0117ms.<\/p>","protected":false},"excerpt":{"rendered":"<p>Plotis (cm): 58<br \/>\n\u016agis (cm): 192<br \/>\nGylis (cm): 45<\/p>","protected":false},"featured_media":166781,"comment_status":"open","ping_status":"open","template":"","meta":[],"product_brand":[],"product_cat":[9504,4108,1177],"product_tag":[],"class_list":{"0":"post-166780","1":"product","2":"type-product","3":"status-publish","4":"has-post-thumbnail","6":"product_cat-furniture-system-dallas-jarstol-meble","7":"product_cat-jarstol","8":"product_cat-wardrobes","10":"first","11":"instock","12":"purchasable","13":"product-type-simple"},"_links":{"self":[{"href":"https:\/\/baldumarket.lt\/lt\/wp-json\/wp\/v2\/product\/166780","targetHints":{"allow":["GET"]}}],"collection":[{"href":"https:\/\/baldumarket.lt\/lt\/wp-json\/wp\/v2\/product"}],"about":[{"href":"https:\/\/baldumarket.lt\/lt\/wp-json\/wp\/v2\/types\/product"}],"replies":[{"embeddable":true,"href":"https:\/\/baldumarket.lt\/lt\/wp-json\/wp\/v2\/comments?post=166780"}],"wp:featuredmedia":[{"embeddable":true,"href":"https:\/\/baldumarket.lt\/lt\/wp-json\/wp\/v2\/media\/166781"}],"wp:attachment":[{"href":"https:\/\/baldumarket.lt\/lt\/wp-json\/wp\/v2\/media?parent=166780"}],"wp:term":[{"taxonomy":"product_brand","embeddable":true,"href":"https:\/\/baldumarket.lt\/lt\/wp-json\/wp\/v2\/product_brand?post=166780"},{"taxonomy":"product_cat","embeddable":true,"href":"https:\/\/baldumarket.lt\/lt\/wp-json\/wp\/v2\/product_cat?post=166780"},{"taxonomy":"product_tag","embeddable":true,"href":"https:\/\/baldumarket.lt\/lt\/wp-json\/wp\/v2\/product_tag?post=166780"}],"curies":[{"name":"wp","href":"https:\/\/api.w.org\/{rel}","templated":true}]}}