{"id":166773,"date":"2025-12-19T16:12:23","date_gmt":"2025-12-19T13:12:23","guid":{"rendered":"https:\/\/baldumarket.lt\/product\/dallas-19-szafa-1d1s-dab-truflowy\/"},"modified":"2026-02-09T12:13:21","modified_gmt":"2026-02-09T09:13:21","slug":"dallas-19-szafa-1d1s-dab-truflowy","status":"publish","type":"product","link":"https:\/\/baldumarket.lt\/lt\/product\/dallas-19-szafa-1d1s-dab-truflowy\/","title":{"rendered":"DALLAS-19 \u2013 Spinta 1D1S, \u0105\u017euolo spalvos triufeliai"},"content":{"rendered":"<p>Kvie\u010diame atrasti \u201eDallas-19\u201c spint\u0105, kurioje dera paprastumas ir elegancija, tod\u0117l tai puikus sprendimas bet kokiam interjerui. Pagaminta i\u0161 auk\u0161tos kokyb\u0117s laminuotos plok\u0161t\u0117s, pasi\u017eymin\u010dios \u012fsp\u016bdinga triufeli\u0173 \u0105\u017euolo spalva, \u0161i spinta taps ne tik funkcionaliu baldu, bet ir reik\u0161mingu dekoratyviniu akcentu. Jos prislopintas atspalvis puikiai dera su \u012fvairiais interjero stiliais \u2013 nuo modernaus iki klasikinio, tod\u0117l tai universalus baldas, suteiksiantis charakterio bet kokiam kambariui. \u201eDallas-19\u201c spintos viduje slypi apgalvoti sprendimai, leid\u017eiantys efektyviai valdyti erdv\u0119. Su vienu stal\u010diumi ir pakaba drabu\u017eiams, ji si\u016blo daug vietos j\u016bs\u0173 drabu\u017eiams ir aksesuarams. D\u0117l sumanios organizacin\u0117s sistemos galite lengvai susitvarkyti savo daiktus, tod\u0117l kasdienis naudojimas bus malonus. Tai puikus pasirinkimas tiems, kurie vertina tvark\u0105 ir funkcionalum\u0105 savo aplinkoje. Eleganti\u0161kos juodos metalin\u0117s ranken\u0117l\u0117s \u2013 detal\u0117, pabr\u0117\u017eianti modern\u0173 \u0161ios spintos charakter\u012f. J\u0173 dizainerio i\u0161vaizda harmoningai dera su juodais akcentais, suteikdama spintai unikal\u0173 stili\u0173. \u012esireng\u0119 \u0161\u012f bald\u0105 svetain\u0117je, prie\u0161kambaryje ar miegamajame, i\u0161 karto pajusite interjero atmosferos pasikeitim\u0105 \u2013 jis prad\u0117s spinduliuoti elegancija ir pra\u0161matnumu.<\/p>","protected":false},"excerpt":{"rendered":"<p>Plotis (cm): 58<br \/>\n\u016agis (cm): 192<br \/>\nGylis (cm): 59<\/p>","protected":false},"featured_media":166774,"comment_status":"open","ping_status":"open","template":"","meta":[],"product_brand":[],"product_cat":[9504,4108,1177],"product_tag":[],"class_list":{"0":"post-166773","1":"product","2":"type-product","3":"status-publish","4":"has-post-thumbnail","6":"product_cat-furniture-system-dallas-jarstol-meble","7":"product_cat-jarstol","8":"product_cat-wardrobes","10":"first","11":"instock","12":"purchasable","13":"product-type-simple"},"_links":{"self":[{"href":"https:\/\/baldumarket.lt\/lt\/wp-json\/wp\/v2\/product\/166773","targetHints":{"allow":["GET"]}}],"collection":[{"href":"https:\/\/baldumarket.lt\/lt\/wp-json\/wp\/v2\/product"}],"about":[{"href":"https:\/\/baldumarket.lt\/lt\/wp-json\/wp\/v2\/types\/product"}],"replies":[{"embeddable":true,"href":"https:\/\/baldumarket.lt\/lt\/wp-json\/wp\/v2\/comments?post=166773"}],"wp:featuredmedia":[{"embeddable":true,"href":"https:\/\/baldumarket.lt\/lt\/wp-json\/wp\/v2\/media\/166774"}],"wp:attachment":[{"href":"https:\/\/baldumarket.lt\/lt\/wp-json\/wp\/v2\/media?parent=166773"}],"wp:term":[{"taxonomy":"product_brand","embeddable":true,"href":"https:\/\/baldumarket.lt\/lt\/wp-json\/wp\/v2\/product_brand?post=166773"},{"taxonomy":"product_cat","embeddable":true,"href":"https:\/\/baldumarket.lt\/lt\/wp-json\/wp\/v2\/product_cat?post=166773"},{"taxonomy":"product_tag","embeddable":true,"href":"https:\/\/baldumarket.lt\/lt\/wp-json\/wp\/v2\/product_tag?post=166773"}],"curies":[{"name":"wp","href":"https:\/\/api.w.org\/{rel}","templated":true}]}}