{"id":166766,"date":"2025-12-19T16:12:07","date_gmt":"2025-12-19T13:12:07","guid":{"rendered":"https:\/\/baldumarket.lt\/product\/dallas-20-szafa-2-drzwiowa-dab-truflowy\/"},"modified":"2026-02-09T12:13:21","modified_gmt":"2026-02-09T09:13:21","slug":"dallas-20-szafa-2-drzwiowa-dab-truflowy","status":"publish","type":"product","link":"https:\/\/baldumarket.lt\/lt\/product\/dallas-20-szafa-2-drzwiowa-dab-truflowy\/","title":{"rendered":"DALLAS-20 \u2013 Dviej\u0173 dur\u0173 spinta i\u0161 \u201eTruffle Oak\u201c spalvos"},"content":{"rendered":"<p>J\u016bs\u0173 namai nusipelno stiling\u0173 ir funkcionali\u0173 sprendim\u0173, kurie suteiks jiems unikal\u0173 charakter\u012f. Pristatome dviej\u0173 dur\u0173 \u201eDallas-20\u201c spint\u0105, pagamint\u0105 i\u0161 auk\u0161tos kokyb\u0117s laminuotos plok\u0161t\u0117s, eleganti\u0161ko triufeli\u0173 \u0105\u017euolo atspalvio. Minimalistinis dizainas puikiai atspindi dabartines tendencijas, o juodos rankenos ir skersiniai sukuria harmoning\u0105, ak\u012f traukian\u010di\u0105 visum\u0105. \u0160i spinta, puikiai tinkanti industrinio stiliaus gerb\u0117jams, suteiks j\u016bs\u0173 interjerui modernumo ir elegancijos. \u201eDallas-20\u201c spinta pasi\u017eymi ne tik estetika, bet ir prakti\u0161kumu. Su dviem erdviomis, lengvai atidaromomis durel\u0117mis, ji suteikia patogi\u0105 prieig\u0105 prie vidaus, kur rasite 88,1 cm ilgio drabu\u017ei\u0173 kabykl\u0105, skirt\u0105 drabu\u017eiams kabinti. Be to, apa\u010dioje esantis stal\u010dius leid\u017eia efektyviai susid\u0117ti aksesuarus, apatinius ar sezoninius drabu\u017eius \u2013 tai savyb\u0117, kuri\u0105 tikrai \u012fvertins visi, vertinantys tvark\u0105 savo namuose. Spintos dizainas ne tik puo\u0161ia interjer\u0105, bet ir sukuria jauki\u0105 atmosfer\u0105. Nat\u016brali triufeli\u0173 \u0105\u017euolo spalva kartu su rafinuotais juodais akcentais daro \u0161\u012f bald\u0105 tinkam\u0105 \u012fvairiems interjerams. Nesvarbu, ar j\u016bs\u0173 interjeras modernus, klasikinis, ar industrinis, \u201eDallas-20\u201c spinta tikrai taps tikra puo\u0161mena.<\/p>","protected":false},"excerpt":{"rendered":"<p>Plotis (cm): 97<br \/>\n\u016agis (cm): 192<br \/>\nGylis (cm): 59<\/p>","protected":false},"featured_media":166767,"comment_status":"open","ping_status":"open","template":"","meta":[],"product_brand":[],"product_cat":[9504,4108,1177],"product_tag":[],"class_list":{"0":"post-166766","1":"product","2":"type-product","3":"status-publish","4":"has-post-thumbnail","6":"product_cat-furniture-system-dallas-jarstol-meble","7":"product_cat-jarstol","8":"product_cat-wardrobes","10":"first","11":"instock","12":"purchasable","13":"product-type-simple"},"_links":{"self":[{"href":"https:\/\/baldumarket.lt\/lt\/wp-json\/wp\/v2\/product\/166766","targetHints":{"allow":["GET"]}}],"collection":[{"href":"https:\/\/baldumarket.lt\/lt\/wp-json\/wp\/v2\/product"}],"about":[{"href":"https:\/\/baldumarket.lt\/lt\/wp-json\/wp\/v2\/types\/product"}],"replies":[{"embeddable":true,"href":"https:\/\/baldumarket.lt\/lt\/wp-json\/wp\/v2\/comments?post=166766"}],"wp:featuredmedia":[{"embeddable":true,"href":"https:\/\/baldumarket.lt\/lt\/wp-json\/wp\/v2\/media\/166767"}],"wp:attachment":[{"href":"https:\/\/baldumarket.lt\/lt\/wp-json\/wp\/v2\/media?parent=166766"}],"wp:term":[{"taxonomy":"product_brand","embeddable":true,"href":"https:\/\/baldumarket.lt\/lt\/wp-json\/wp\/v2\/product_brand?post=166766"},{"taxonomy":"product_cat","embeddable":true,"href":"https:\/\/baldumarket.lt\/lt\/wp-json\/wp\/v2\/product_cat?post=166766"},{"taxonomy":"product_tag","embeddable":true,"href":"https:\/\/baldumarket.lt\/lt\/wp-json\/wp\/v2\/product_tag?post=166766"}],"curies":[{"name":"wp","href":"https:\/\/api.w.org\/{rel}","templated":true}]}}