{"id":166758,"date":"2025-12-19T16:11:49","date_gmt":"2025-12-19T13:11:49","guid":{"rendered":"https:\/\/baldumarket.lt\/product\/dallas-23-regal-2d2s-dab-sonoma\/"},"modified":"2026-02-09T12:13:21","modified_gmt":"2026-02-09T09:13:21","slug":"dallas-23-regal-2d2s-dab-sonoma","status":"publish","type":"product","link":"https:\/\/baldumarket.lt\/lt\/product\/dallas-23-regal-2d2s-dab-sonoma\/","title":{"rendered":"DALLAS-23 \u2013 2D2S knyg\u0173 lentyna, Sonoma \u0105\u017euolas"},"content":{"rendered":"<p>Suteikite savo interjerui modernumo su \u201eDallas-23\u201c knyg\u0173 lentyna, kuri \u017eavi eleganti\u0161ku dizainu. \u0160i erdvi Sonoma \u0105\u017euolo apdaila taps ne tik funkcionaliu elementu, bet ir stilingu akcentu bet kuriame kambaryje. Harmoninga spalv\u0173 gama kartu su rafinuotomis detal\u0117mis puikiai tinka tiek minimalistiniam, tiek klasikiniam interjerui. \u201eDallas-23\u201c knyg\u0173 lentyna nustato naujus sand\u0117liavimo standartus. Ji si\u016blo penkias erdvias lentynas ir papildom\u0105 erdv\u0119 dviejose spintel\u0117se bei stal\u010diuose, suteikdama neribotas organizavimo galimybes. Tai puikus sprendimas visiems, norintiems, kad knygos, dekoracijos ir kiti daiktai visada b\u016bt\u0173 po ranka, o viskas b\u016bt\u0173 nepriekai\u0161tingai sutvarkyta. I\u0161skirtin\u0117s metalin\u0117s rankenos ir juodos dekoratyvin\u0117s juostel\u0117s suteikia modernumo, tod\u0117l \u201eDallas-23\u201c knyg\u0173 lentyna tampa tikra bet kokio interjero puo\u0161mena. \u0160i lentyna ne tik \u017eavi savo forma, bet ir i\u0161siskiria tvirta konstrukcija, u\u017etikrinan\u010dia patvarum\u0105 ir funkcionalum\u0105. Pasirinkdami j\u0105, investuojate \u012f kokyb\u0119, kuri tarnaus ilgus metus.<\/p>","protected":false},"excerpt":{"rendered":"<p>Plotis (cm): 97<br \/>\n\u016agis (cm): 192<br \/>\nGylis (cm): 59<\/p>","protected":false},"featured_media":166759,"comment_status":"open","ping_status":"open","template":"","meta":[],"product_brand":[],"product_cat":[9504,4108,1987],"product_tag":[],"class_list":{"0":"post-166758","1":"product","2":"type-product","3":"status-publish","4":"has-post-thumbnail","6":"product_cat-furniture-system-dallas-jarstol-meble","7":"product_cat-jarstol","8":"product_cat-shelving-units","10":"first","11":"instock","12":"purchasable","13":"product-type-simple"},"_links":{"self":[{"href":"https:\/\/baldumarket.lt\/lt\/wp-json\/wp\/v2\/product\/166758","targetHints":{"allow":["GET"]}}],"collection":[{"href":"https:\/\/baldumarket.lt\/lt\/wp-json\/wp\/v2\/product"}],"about":[{"href":"https:\/\/baldumarket.lt\/lt\/wp-json\/wp\/v2\/types\/product"}],"replies":[{"embeddable":true,"href":"https:\/\/baldumarket.lt\/lt\/wp-json\/wp\/v2\/comments?post=166758"}],"wp:featuredmedia":[{"embeddable":true,"href":"https:\/\/baldumarket.lt\/lt\/wp-json\/wp\/v2\/media\/166759"}],"wp:attachment":[{"href":"https:\/\/baldumarket.lt\/lt\/wp-json\/wp\/v2\/media?parent=166758"}],"wp:term":[{"taxonomy":"product_brand","embeddable":true,"href":"https:\/\/baldumarket.lt\/lt\/wp-json\/wp\/v2\/product_brand?post=166758"},{"taxonomy":"product_cat","embeddable":true,"href":"https:\/\/baldumarket.lt\/lt\/wp-json\/wp\/v2\/product_cat?post=166758"},{"taxonomy":"product_tag","embeddable":true,"href":"https:\/\/baldumarket.lt\/lt\/wp-json\/wp\/v2\/product_tag?post=166758"}],"curies":[{"name":"wp","href":"https:\/\/api.w.org\/{rel}","templated":true}]}}