{"id":166752,"date":"2025-12-19T16:11:35","date_gmt":"2025-12-19T13:11:35","guid":{"rendered":"https:\/\/baldumarket.lt\/product\/dallas-23-regal-2d2s-dab-truflowy\/"},"modified":"2026-02-09T12:13:21","modified_gmt":"2026-02-09T09:13:21","slug":"dallas-23-regal-2d2s-dab-truflowy","status":"publish","type":"product","link":"https:\/\/baldumarket.lt\/lt\/product\/dallas-23-regal-2d2s-dab-truflowy\/","title":{"rendered":"DALLAS-23 \u2013 2D2S lentyna, \u0105\u017euolo spalvos, triufeliai"},"content":{"rendered":"<p>Atraskite elegancij\u0105 ir funkcionalum\u0105 viename \u2013 garsaus \u201eJarstol\u201c prek\u0117s \u017eenklo sukurta knyg\u0173 lentyna \u201eDallas-23\u201c neabejotinai suteiks charakterio bet kokiam interjerui. Nuostabus triufeli\u0173 spalvos \u0105\u017euolo atspalvis pavers j\u0105 j\u016bs\u0173 svetain\u0117s, biuro ar miegamojo traukos centru. Skandinavi\u0161kas stilius, kuriuo \u0161is baldas buvo sukurtas, derina modernum\u0105 ir klasik\u0105, tod\u0117l tai universalus sprendimas bet kokiems namams. \u0160i knyg\u0173 lentyna pasi\u017eymi gerai apgalvotu dizainu, turi penkias lentynas, du stal\u010dius ir dvi spinteles. Tai suteikia daug vietos j\u016bs\u0173 knygoms, dekoracijoms ir kitiems kasdieniams daiktams susid\u0117ti. Kiekviena lentyna yra kruop\u0161\u010diai suprojektuota, kad b\u016bt\u0173 lengva pasiekti visus laikomus daiktus, tuo pa\u010diu suteikiant erdvei modernaus \u017eavesio. Metalin\u0117s rankenos, neatsiejama dizaino dalis, puikiai dera su juoda apdaila, pabr\u0117\u017eiant modern\u0173 knyg\u0173 lentynos stili\u0173. Auk\u0161tos kokyb\u0117s laminuotos plok\u0161t\u0117s naudojimas daro \u0161i\u0105 lentyn\u0105 ne tik esteti\u0161kai patraukli\u0105, bet ir patvari\u0105 bei lengvai valom\u0105. Tai puikus pasirinkimas \u017emon\u0117ms, ie\u0161kantiems prakti\u0161k\u0173 ir stiling\u0173 sprendim\u0173 savo interjerui.<\/p>","protected":false},"excerpt":{"rendered":"<p>Plotis (cm): 97<br \/>\n\u016agis (cm): 192<br \/>\nGylis (cm): 45<\/p>","protected":false},"featured_media":166753,"comment_status":"open","ping_status":"open","template":"","meta":[],"product_brand":[],"product_cat":[9504,4108,1987],"product_tag":[],"class_list":{"0":"post-166752","1":"product","2":"type-product","3":"status-publish","4":"has-post-thumbnail","6":"product_cat-furniture-system-dallas-jarstol-meble","7":"product_cat-jarstol","8":"product_cat-shelving-units","10":"first","11":"instock","12":"purchasable","13":"product-type-simple"},"_links":{"self":[{"href":"https:\/\/baldumarket.lt\/lt\/wp-json\/wp\/v2\/product\/166752","targetHints":{"allow":["GET"]}}],"collection":[{"href":"https:\/\/baldumarket.lt\/lt\/wp-json\/wp\/v2\/product"}],"about":[{"href":"https:\/\/baldumarket.lt\/lt\/wp-json\/wp\/v2\/types\/product"}],"replies":[{"embeddable":true,"href":"https:\/\/baldumarket.lt\/lt\/wp-json\/wp\/v2\/comments?post=166752"}],"wp:featuredmedia":[{"embeddable":true,"href":"https:\/\/baldumarket.lt\/lt\/wp-json\/wp\/v2\/media\/166753"}],"wp:attachment":[{"href":"https:\/\/baldumarket.lt\/lt\/wp-json\/wp\/v2\/media?parent=166752"}],"wp:term":[{"taxonomy":"product_brand","embeddable":true,"href":"https:\/\/baldumarket.lt\/lt\/wp-json\/wp\/v2\/product_brand?post=166752"},{"taxonomy":"product_cat","embeddable":true,"href":"https:\/\/baldumarket.lt\/lt\/wp-json\/wp\/v2\/product_cat?post=166752"},{"taxonomy":"product_tag","embeddable":true,"href":"https:\/\/baldumarket.lt\/lt\/wp-json\/wp\/v2\/product_tag?post=166752"}],"curies":[{"name":"wp","href":"https:\/\/api.w.org\/{rel}","templated":true}]}}