{"id":166746,"date":"2025-12-19T16:11:21","date_gmt":"2025-12-19T13:11:21","guid":{"rendered":"https:\/\/baldumarket.lt\/product\/dallas-30-polki-wiszace-dab-sonoma\/"},"modified":"2026-02-09T12:13:21","modified_gmt":"2026-02-09T09:13:21","slug":"dallas-30-polki-wiszace-dab-sonoma","status":"publish","type":"product","link":"https:\/\/baldumarket.lt\/lt\/product\/dallas-30-polki-wiszace-dab-sonoma\/","title":{"rendered":"DALLAS-30 \u2013 Sonoma \u0105\u017euolo pakabinamos lentynos"},"content":{"rendered":"<p>Pakabinama lentyna DALLAS-30 yra eleganti\u0161kas papildymas, kuris lengvai pabr\u0117\u0161 bet kokio interjero charakter\u012f. Pagaminta i\u0161 auk\u0161tos kokyb\u0117s laminuotos Sonoma \u0105\u017euolo medienos dro\u017eli\u0173 plok\u0161t\u0117s, ji spinduliuoja nat\u016brali\u0105 \u0161ilum\u0105 ir modern\u0173 stili\u0173. Rafinuotas dizainas ir neutralus atspalvis puikiai tinka tiek klasikiniam, tiek moderniam interjerui, suteikdami jai unikalaus \u017eavesio. \u0160i erdvi lentyna, kurios plotis 77 cm, auk\u0161tis 63,5 cm ir gylis 18 cm, yra puikus sprendimas daikt\u0173 laikymui ir dekoravimui. Penki lygiai leid\u017eia ant jos susid\u0117ti visk\u0105, ko norite \u2013 nuo m\u0117gstam\u0173 knyg\u0173, eleganti\u0161k\u0173 papuo\u0161al\u0173 iki ve\u0161li\u0173 vazonini\u0173 augal\u0173. \u0160is universalumas paver\u010dia lentyn\u0105 ne tik funkcionaliu baldu, bet ir tikru ak\u012f traukian\u010diu elementu bet kuriame kambaryje. Lentyna DALLAS-30 idealiai tinka \u012fvairiems interjerams \u2013 jaukiam miegamajam, eleganti\u0161kai svetainei ar k\u016brybiniam biurui. Minimalistin\u0117 estetika pabr\u0117\u0161 unikal\u0173 j\u016bs\u0173 nam\u0173 stili\u0173 ir leis m\u0117gautis laisva grind\u0173 erdve. Tai baldas, kuris derina estetik\u0105 ir funkcionalum\u0105, tapdamas nepakei\u010diamu bet kokio i\u0161d\u0117stymo elementu.<\/p>","protected":false},"excerpt":{"rendered":"<p>Plotis (cm): 77<br \/>\n\u016agis (cm): 63,5<br \/>\nGylis (cm): 45<\/p>","protected":false},"featured_media":166747,"comment_status":"open","ping_status":"open","template":"","meta":[],"product_brand":[],"product_cat":[9504,1174,4108],"product_tag":[],"class_list":{"0":"post-166746","1":"product","2":"type-product","3":"status-publish","4":"has-post-thumbnail","6":"product_cat-furniture-system-dallas-jarstol-meble","7":"product_cat-hanging-shelves","8":"product_cat-jarstol","10":"first","11":"instock","12":"purchasable","13":"product-type-simple"},"_links":{"self":[{"href":"https:\/\/baldumarket.lt\/lt\/wp-json\/wp\/v2\/product\/166746","targetHints":{"allow":["GET"]}}],"collection":[{"href":"https:\/\/baldumarket.lt\/lt\/wp-json\/wp\/v2\/product"}],"about":[{"href":"https:\/\/baldumarket.lt\/lt\/wp-json\/wp\/v2\/types\/product"}],"replies":[{"embeddable":true,"href":"https:\/\/baldumarket.lt\/lt\/wp-json\/wp\/v2\/comments?post=166746"}],"wp:featuredmedia":[{"embeddable":true,"href":"https:\/\/baldumarket.lt\/lt\/wp-json\/wp\/v2\/media\/166747"}],"wp:attachment":[{"href":"https:\/\/baldumarket.lt\/lt\/wp-json\/wp\/v2\/media?parent=166746"}],"wp:term":[{"taxonomy":"product_brand","embeddable":true,"href":"https:\/\/baldumarket.lt\/lt\/wp-json\/wp\/v2\/product_brand?post=166746"},{"taxonomy":"product_cat","embeddable":true,"href":"https:\/\/baldumarket.lt\/lt\/wp-json\/wp\/v2\/product_cat?post=166746"},{"taxonomy":"product_tag","embeddable":true,"href":"https:\/\/baldumarket.lt\/lt\/wp-json\/wp\/v2\/product_tag?post=166746"}],"curies":[{"name":"wp","href":"https:\/\/api.w.org\/{rel}","templated":true}]}}