{"id":166740,"date":"2025-12-19T16:11:08","date_gmt":"2025-12-19T13:11:08","guid":{"rendered":"https:\/\/baldumarket.lt\/product\/dallas-30-polki-wiszace-dab-truflowy\/"},"modified":"2026-02-09T12:13:21","modified_gmt":"2026-02-09T09:13:21","slug":"dallas-30-polki-wiszace-dab-truflowy","status":"publish","type":"product","link":"https:\/\/baldumarket.lt\/lt\/product\/dallas-30-polki-wiszace-dab-truflowy\/","title":{"rendered":"DALLAS-30 \u2013 Pakabinamos lentynos su triufeli\u0173 spalv\u0173 \u0105\u017euolu"},"content":{"rendered":"<p>Atraskite erdv\u0117s organizavimo magij\u0105 su DALLAS-30 \u2013 pakabinama lentyna i\u0161 \u2019Jarstol\u201c \u0105\u017euolo spalvos triufeli\u0173 spalvos. \u0160is baldas ne tik suteiks harmonijos j\u016bs\u0173 interjerui, bet ir taps i\u0161skirtinai prakti\u0161ku sprendimu bet kuriame kambaryje. D\u0117l minimalistinio dizaino ir eleganti\u0161kos apdailos jis puikiai dera tiek prie modernaus, tiek prie klasikinio interjero. Lentyna bus puikus miegamojo, svetain\u0117s ar biuro akcentas, suteikiantis unikalumo. Sukurta atsi\u017evelgiant \u012f funkcionalum\u0105, DALLAS-30 si\u016blo penkis lygius, kuriuos galima u\u017epildyti \u012fvairiais daiktais. Naudokite j\u012f m\u0117gstamoms knygoms, stilingoms dekoracijoms ar sukulentams eksponuoti, kad pagyvintum\u0117te savo interjer\u0105. Kiekvienas lygis kvie\u010dia k\u016brybi\u0161kai organizuoti savo erdv\u0119 ir tuo pa\u010diu metu atkreipti lankytoj\u0173 d\u0117mes\u012f \u012f j\u016bs\u0173 estetinius pasirinkimus. Tereikia \u0161iek tiek k\u016brybi\u0161kumo, kad sukurtum\u0117te unikali\u0105 kompozicij\u0105! Lentyna pagaminta i\u0161 auk\u0161tos kokyb\u0117s laminuotos plok\u0161t\u0117s, kuri ne tik u\u017etikrina stiling\u0105 i\u0161vaizd\u0105, bet ir patvarum\u0105 bei ilgaam\u017ei\u0161kum\u0105. Triufeli\u0173 \u0105\u017euolo spalva suteikia \u0161ilumos ir nat\u016bralumo, tod\u0117l baldas gra\u017eiai dera su kitais dekoro elementais. D\u0117l savo universalumo j\u012f lengva derinti su \u012fvairiomis spalvomis ir tekst\u016bromis, tod\u0117l tai puikus pasirinkimas bet kokiam skoniui.<\/p>","protected":false},"excerpt":{"rendered":"<p>Plotis (cm): 77<br \/>\n\u016agis (cm): 63,5<br \/>\nGylis (cm): 18<\/p>","protected":false},"featured_media":166741,"comment_status":"open","ping_status":"open","template":"","meta":[],"product_brand":[],"product_cat":[9504,1174,4108],"product_tag":[],"class_list":{"0":"post-166740","1":"product","2":"type-product","3":"status-publish","4":"has-post-thumbnail","6":"product_cat-furniture-system-dallas-jarstol-meble","7":"product_cat-hanging-shelves","8":"product_cat-jarstol","10":"first","11":"instock","12":"purchasable","13":"product-type-simple"},"_links":{"self":[{"href":"https:\/\/baldumarket.lt\/lt\/wp-json\/wp\/v2\/product\/166740","targetHints":{"allow":["GET"]}}],"collection":[{"href":"https:\/\/baldumarket.lt\/lt\/wp-json\/wp\/v2\/product"}],"about":[{"href":"https:\/\/baldumarket.lt\/lt\/wp-json\/wp\/v2\/types\/product"}],"replies":[{"embeddable":true,"href":"https:\/\/baldumarket.lt\/lt\/wp-json\/wp\/v2\/comments?post=166740"}],"wp:featuredmedia":[{"embeddable":true,"href":"https:\/\/baldumarket.lt\/lt\/wp-json\/wp\/v2\/media\/166741"}],"wp:attachment":[{"href":"https:\/\/baldumarket.lt\/lt\/wp-json\/wp\/v2\/media?parent=166740"}],"wp:term":[{"taxonomy":"product_brand","embeddable":true,"href":"https:\/\/baldumarket.lt\/lt\/wp-json\/wp\/v2\/product_brand?post=166740"},{"taxonomy":"product_cat","embeddable":true,"href":"https:\/\/baldumarket.lt\/lt\/wp-json\/wp\/v2\/product_cat?post=166740"},{"taxonomy":"product_tag","embeddable":true,"href":"https:\/\/baldumarket.lt\/lt\/wp-json\/wp\/v2\/product_tag?post=166740"}],"curies":[{"name":"wp","href":"https:\/\/api.w.org\/{rel}","templated":true}]}}