{"id":166734,"date":"2025-12-19T16:10:55","date_gmt":"2025-12-19T13:10:55","guid":{"rendered":"https:\/\/baldumarket.lt\/product\/fonti-1-szafa-2d1s-dab-karmel\/"},"modified":"2026-04-12T15:43:33","modified_gmt":"2026-04-12T12:43:33","slug":"fonti-1-szafa-2d1s-dab-karmel","status":"publish","type":"product","link":"https:\/\/baldumarket.lt\/lt\/product\/fonti-1-szafa-2d1s-dab-karmel\/","title":{"rendered":"FONTI-1 \u2013 Spinta 2D1S Karamelinis \u0105\u017euolas"},"content":{"rendered":"<p>FONTI-1 spinta i\u0161 karamelinio \u0105\u017euolo \u2013 puikus pasirinkimas tiems, kurie vertina elegancij\u0105 ir funkcionalum\u0105. D\u0117l neutrali\u0173 atspalvi\u0173 ir nat\u016bralios apdailos ji puikiai der\u0117s prie \u012fvairi\u0173 interjer\u0173 \u2013 nuo minimalistini\u0173 iki tradicini\u0173. Paprastas, ta\u010diau stilingas spintos dizainas traukia ak\u012f ir spinduliuoja gamtos \u0161ilum\u0105. Gra\u017eios, \u0161iek tiek vingiuotos linijos ir subtilios detal\u0117s paver\u010dia j\u0105 ne tik baldu, bet ir dekoratyviniu elementu bet kuriame kambaryje. Juoda metalin\u0117 rankena suteikia spintai modernumo, sukurdama harmoning\u0105 visum\u0105 su \u0105\u017euoliniu korpusu. Tai puikus pasirinkimas ie\u0161kantiems unikali\u0173 interjero akcent\u0173, kurie kasdien d\u017eiugins ak\u012f. Be estetinio patrauklumo, FONTI-1 spinta taip pat yra puikus sprendimas tiems, kuriems reikia prakti\u0161kos vietos daiktams susid\u0117ti. Erdvus stal\u010dius apatin\u0117je spintos dalyje, puikiai tinkantis apatiniams drabu\u017eiams ar smulkiems daiktams, leid\u017eia lengvai ir intuityviai organizuoti erdv\u0119. De\u0161in\u0117je spintos pus\u0117je yra lentynos, leid\u017eian\u010dios patogiai sud\u0117ti drabu\u017eius, o kair\u0117je pus\u0117je yra pakaba daiktams kabinti, leid\u017eianti tvarkingai ir lengvai laikyti drabu\u017eius.<\/p>","protected":false},"excerpt":{"rendered":"<p>Plotis (cm): 86,5<br \/>\n\u016agis (cm): 187,4<br \/>\nGylis (cm): 18<\/p>","protected":false},"featured_media":166735,"comment_status":"open","ping_status":"open","template":"","meta":[],"product_brand":[],"product_cat":[9505,4108,1177],"product_tag":[],"class_list":{"0":"post-166734","1":"product","2":"type-product","3":"status-publish","4":"has-post-thumbnail","6":"product_cat-furniture-system-fonti-jarstol-meble","7":"product_cat-jarstol","8":"product_cat-wardrobes","10":"first","11":"instock","12":"purchasable","13":"product-type-simple"},"_links":{"self":[{"href":"https:\/\/baldumarket.lt\/lt\/wp-json\/wp\/v2\/product\/166734","targetHints":{"allow":["GET"]}}],"collection":[{"href":"https:\/\/baldumarket.lt\/lt\/wp-json\/wp\/v2\/product"}],"about":[{"href":"https:\/\/baldumarket.lt\/lt\/wp-json\/wp\/v2\/types\/product"}],"replies":[{"embeddable":true,"href":"https:\/\/baldumarket.lt\/lt\/wp-json\/wp\/v2\/comments?post=166734"}],"wp:featuredmedia":[{"embeddable":true,"href":"https:\/\/baldumarket.lt\/lt\/wp-json\/wp\/v2\/media\/166735"}],"wp:attachment":[{"href":"https:\/\/baldumarket.lt\/lt\/wp-json\/wp\/v2\/media?parent=166734"}],"wp:term":[{"taxonomy":"product_brand","embeddable":true,"href":"https:\/\/baldumarket.lt\/lt\/wp-json\/wp\/v2\/product_brand?post=166734"},{"taxonomy":"product_cat","embeddable":true,"href":"https:\/\/baldumarket.lt\/lt\/wp-json\/wp\/v2\/product_cat?post=166734"},{"taxonomy":"product_tag","embeddable":true,"href":"https:\/\/baldumarket.lt\/lt\/wp-json\/wp\/v2\/product_tag?post=166734"}],"curies":[{"name":"wp","href":"https:\/\/api.w.org\/{rel}","templated":true}]}}