{"id":166728,"date":"2025-12-19T16:10:42","date_gmt":"2025-12-19T13:10:42","guid":{"rendered":"https:\/\/baldumarket.lt\/product\/fonti-2-witryna-2d1s-dab-karmel\/"},"modified":"2026-04-12T15:43:33","modified_gmt":"2026-04-12T12:43:33","slug":"fonti-2-witryna-2d1s-dab-karmel","status":"publish","type":"product","link":"https:\/\/baldumarket.lt\/lt\/product\/fonti-2-witryna-2d1s-dab-karmel\/","title":{"rendered":"FONTI-2 \u2013 Vitrinos spintel\u0117 2D1S karamelinis \u0105\u017euolas"},"content":{"rendered":"<p>Pristatome FONTI-2 vitrin\u0105, kuri puikiai derina estetik\u0105 ir funkcionalum\u0105 j\u016bs\u0173 interjere. Eleganti\u0161ka karamelinio \u0105\u017euolo spalva suteikia kambariui \u0161ilt\u0105, jauki\u0105 atmosfer\u0105, sukurdama tobul\u0105 fon\u0105 j\u016bs\u0173 meno k\u016brini\u0173, knyg\u0173 ar dekoracij\u0173 kolekcijai. Vitrina pasi\u017eymi paprastu, bet stilingu dizainu, kuris skland\u017eiai integruojasi \u012f \u012fvairius interjerus \u2013 nuo klasikinio iki modernaus. FONTI-2 vitrina yra ne tik baldas, bet ir b\u016bdas pademonstruoti gra\u017eiausius j\u016bs\u0173 dekoro elementus. Tur\u0117dami dvi spinteles, viena kvie\u010dia atrasti turin\u012f per stikl\u0105, o kita saugo j\u016bs\u0173 lobius u\u017e tvirto fasado, galite lengvai sutvarkyti savo erdv\u0119. Erdv\u016bs stal\u010diai centrin\u0117je dalyje yra puiki vieta smulkiems daiktams, kartu u\u017etikrinant tvark\u0105 ir prieig\u0105 prie vis\u0173 b\u016btiniausi\u0173 daikt\u0173. Paverskite savo interjer\u0105 gyvybinga ir stilinga erdve su \u0161ia prakti\u0161ka ir esteti\u0161ka \u201eJarstol\u201c vitrina. Pagaminta i\u0161 auk\u0161tos kokyb\u0117s laminuotos plok\u0161t\u0117s, vitrina u\u017etikrina patvarum\u0105 ir atsparum\u0105 kasdieniam naudojimui. Be to, tyliai u\u017esidarantys vyriai ir metalin\u0117s kreipian\u010diosios prisideda prie naudojimo patogumo, pa\u0161alindamos nemalonius spinteli\u0173 u\u017edarymo garsus.<\/p>","protected":false},"excerpt":{"rendered":"<p>Plotis (cm): 50<br \/>\n\u016agis (cm): 187,4<br \/>\nGylis (cm): 60,5<\/p>","protected":false},"featured_media":166729,"comment_status":"open","ping_status":"open","template":"","meta":[],"product_brand":[],"product_cat":[9505,4108,2006],"product_tag":[],"class_list":{"0":"post-166728","1":"product","2":"type-product","3":"status-publish","4":"has-post-thumbnail","6":"product_cat-furniture-system-fonti-jarstol-meble","7":"product_cat-jarstol","8":"product_cat-vitrines","10":"first","11":"instock","12":"purchasable","13":"product-type-simple"},"_links":{"self":[{"href":"https:\/\/baldumarket.lt\/lt\/wp-json\/wp\/v2\/product\/166728","targetHints":{"allow":["GET"]}}],"collection":[{"href":"https:\/\/baldumarket.lt\/lt\/wp-json\/wp\/v2\/product"}],"about":[{"href":"https:\/\/baldumarket.lt\/lt\/wp-json\/wp\/v2\/types\/product"}],"replies":[{"embeddable":true,"href":"https:\/\/baldumarket.lt\/lt\/wp-json\/wp\/v2\/comments?post=166728"}],"wp:featuredmedia":[{"embeddable":true,"href":"https:\/\/baldumarket.lt\/lt\/wp-json\/wp\/v2\/media\/166729"}],"wp:attachment":[{"href":"https:\/\/baldumarket.lt\/lt\/wp-json\/wp\/v2\/media?parent=166728"}],"wp:term":[{"taxonomy":"product_brand","embeddable":true,"href":"https:\/\/baldumarket.lt\/lt\/wp-json\/wp\/v2\/product_brand?post=166728"},{"taxonomy":"product_cat","embeddable":true,"href":"https:\/\/baldumarket.lt\/lt\/wp-json\/wp\/v2\/product_cat?post=166728"},{"taxonomy":"product_tag","embeddable":true,"href":"https:\/\/baldumarket.lt\/lt\/wp-json\/wp\/v2\/product_tag?post=166728"}],"curies":[{"name":"wp","href":"https:\/\/api.w.org\/{rel}","templated":true}]}}