{"id":166720,"date":"2025-12-19T16:10:25","date_gmt":"2025-12-19T13:10:25","guid":{"rendered":"https:\/\/baldumarket.lt\/product\/fonti-3-komoda-2d3s-dab-karmel\/"},"modified":"2026-04-12T15:43:33","modified_gmt":"2026-04-12T12:43:33","slug":"fonti-3-komoda-2d3s-dab-karmel","status":"publish","type":"product","link":"https:\/\/baldumarket.lt\/lt\/product\/fonti-3-komoda-2d3s-dab-karmel\/","title":{"rendered":"FONTI-3 \u2013 Komoda 2D3S Karamel\u0117s \u0105\u017euolo spalvos"},"content":{"rendered":"<p>Karamel\u0117s spalvos \u0105\u017euolo spalvos komoda FONTI-3 suteikia namams \u0161ilumos ir jaukumo. D\u0117l modernios i\u0161vaizdos ji tampa ne tik funkcionaliu baldu, bet ir dekoratyviniu elementu, pabr\u0117\u017eian\u010diu kambario charakter\u012f. Kiekviena detal\u0117 \u2013 nuo subtili\u0173 juod\u0173 ranken\u0117li\u0173 iki harmoningo bendro dizaino \u2013 traukia d\u0117mes\u012f ir d\u017eiugina savo dizainu. Sukurta savaranki\u0161kai surinkti, komoda FONTI-3 leid\u017eia lengvai pritaikyti j\u0105 prie savo gyvenimo b\u016bdo. Jos i\u0161manus dizainas si\u016blo prakti\u0161kus sprendimus, o padalinus erdv\u0119 \u012f spinteles ir stal\u010dius, gausite puiki\u0105 viet\u0105 tiek kasdieniams daiktams, tiek didesniems daiktams laikyti. Trys erdv\u016bs stal\u010diai centrin\u0117je dalyje padeda palaikyti tvark\u0105, o lentynos \u0161onin\u0117se spintel\u0117se leid\u017eia efektyviai valdyti erdv\u0119. \u0160e\u0161ios darnios ir esteti\u0161kos metalin\u0117s ranken\u0117l\u0117s ne tik pabr\u0117\u017eia modern\u0173 baldo stili\u0173, bet ir suteikia patog\u0173 pri\u0117jim\u0105 prie vidaus. Komoda FONTI-3 yra ne tik baldas, bet ir s\u0105junginink\u0117 kovoje su chaosu, o d\u0117l savo funkcionalumo ji idealiai tinka miegamajam, svetainei ar prie\u0161kambariui. Tylus dureli\u0173 ir stal\u010di\u0173 u\u017edarymas yra papildomas privalumas, d\u0117l kurio naudotis komoda malonu.<\/p>","protected":false},"excerpt":{"rendered":"<p>Plotis (cm): 158<br \/>\n\u016agis (cm): 90<br \/>\nGylis (cm): 40,6<\/p>","protected":false},"featured_media":166721,"comment_status":"open","ping_status":"open","template":"","meta":[],"product_brand":[],"product_cat":[9505,1173,4108],"product_tag":[],"class_list":{"0":"post-166720","1":"product","2":"type-product","3":"status-publish","4":"has-post-thumbnail","6":"product_cat-furniture-system-fonti-jarstol-meble","7":"product_cat-chests-of-drawers","8":"product_cat-jarstol","10":"first","11":"instock","12":"purchasable","13":"product-type-simple"},"_links":{"self":[{"href":"https:\/\/baldumarket.lt\/lt\/wp-json\/wp\/v2\/product\/166720","targetHints":{"allow":["GET"]}}],"collection":[{"href":"https:\/\/baldumarket.lt\/lt\/wp-json\/wp\/v2\/product"}],"about":[{"href":"https:\/\/baldumarket.lt\/lt\/wp-json\/wp\/v2\/types\/product"}],"replies":[{"embeddable":true,"href":"https:\/\/baldumarket.lt\/lt\/wp-json\/wp\/v2\/comments?post=166720"}],"wp:featuredmedia":[{"embeddable":true,"href":"https:\/\/baldumarket.lt\/lt\/wp-json\/wp\/v2\/media\/166721"}],"wp:attachment":[{"href":"https:\/\/baldumarket.lt\/lt\/wp-json\/wp\/v2\/media?parent=166720"}],"wp:term":[{"taxonomy":"product_brand","embeddable":true,"href":"https:\/\/baldumarket.lt\/lt\/wp-json\/wp\/v2\/product_brand?post=166720"},{"taxonomy":"product_cat","embeddable":true,"href":"https:\/\/baldumarket.lt\/lt\/wp-json\/wp\/v2\/product_cat?post=166720"},{"taxonomy":"product_tag","embeddable":true,"href":"https:\/\/baldumarket.lt\/lt\/wp-json\/wp\/v2\/product_tag?post=166720"}],"curies":[{"name":"wp","href":"https:\/\/api.w.org\/{rel}","templated":true}]}}