{"id":166713,"date":"2025-12-19T16:10:10","date_gmt":"2025-12-19T13:10:10","guid":{"rendered":"https:\/\/baldumarket.lt\/product\/fonti-4-komoda-3-drzwiowa-dab-karmel\/"},"modified":"2026-04-12T15:43:33","modified_gmt":"2026-04-12T12:43:33","slug":"fonti-4-komoda-3-drzwiowa-dab-karmel","status":"publish","type":"product","link":"https:\/\/baldumarket.lt\/lt\/product\/fonti-4-komoda-3-drzwiowa-dab-karmel\/","title":{"rendered":"FONTI-4 \u2013 Trij\u0173 dur\u0173 komoda, karamelinis \u0105\u017euolas"},"content":{"rendered":"<p>Atraskite erdvum\u0105 ir elegancij\u0105 savo interjere su FONTI-4 komoda, kurioje dera funkcionalumas ir modernus dizainas. Subtilus karamelinio \u0105\u017euolo atspalvis suteikia klas\u0117s bet kuriam kambariui, puikiai papildydamas \u012fvairius interjero stilius. \u0160i komoda ne tik suteikia daug vietos daiktams susid\u0117ti, bet ir tampa estetiniu akcentu bet kurioje svetain\u0117je ar miegamajame. Stiklinis fasadas komodos centre kvie\u010dia eksponuoti m\u0117gstamiausius daiktus \u2013 nuo knyg\u0173 iki dekoracij\u0173. Tai suteikia j\u016bs\u0173 daikt\u0173 laikymo vietai nauj\u0105 dimensij\u0105, tod\u0117l ji tampa ne tik prakti\u0161ka, bet ir labai stilinga. 158 cm plo\u010dio komoda puikiai tinka tiek didesn\u0117se, tiek ma\u017eesn\u0117se erdv\u0117se, kartu u\u017etikrindama daug erdv\u0117s. FONTI-4 komoda pasi\u017eymi ne tik gra\u017eaus dizaino, bet ir i\u0161maniais daikt\u0173 laikymo sprendimais. \u0160onuose yra rakinamos spintel\u0117s su lentynomis, kurios padeda palaikyti tvark\u0105 ir organizuotum\u0105. Nesvarbu, ar norite laikyti aksesuarus, ar susisteminti dokumentus, \u0161i komoda suteikia galimyb\u0119 visk\u0105 laikyti savo vietose.<\/p>","protected":false},"excerpt":{"rendered":"<p>Plotis (cm): 158<br \/>\n\u016agis (cm): 90<br \/>\nGylis (cm): 40,6<\/p>","protected":false},"featured_media":166714,"comment_status":"open","ping_status":"open","template":"","meta":[],"product_brand":[],"product_cat":[9505,1173,4108],"product_tag":[],"class_list":{"0":"post-166713","1":"product","2":"type-product","3":"status-publish","4":"has-post-thumbnail","6":"product_cat-furniture-system-fonti-jarstol-meble","7":"product_cat-chests-of-drawers","8":"product_cat-jarstol","10":"first","11":"instock","12":"purchasable","13":"product-type-simple"},"_links":{"self":[{"href":"https:\/\/baldumarket.lt\/lt\/wp-json\/wp\/v2\/product\/166713","targetHints":{"allow":["GET"]}}],"collection":[{"href":"https:\/\/baldumarket.lt\/lt\/wp-json\/wp\/v2\/product"}],"about":[{"href":"https:\/\/baldumarket.lt\/lt\/wp-json\/wp\/v2\/types\/product"}],"replies":[{"embeddable":true,"href":"https:\/\/baldumarket.lt\/lt\/wp-json\/wp\/v2\/comments?post=166713"}],"wp:featuredmedia":[{"embeddable":true,"href":"https:\/\/baldumarket.lt\/lt\/wp-json\/wp\/v2\/media\/166714"}],"wp:attachment":[{"href":"https:\/\/baldumarket.lt\/lt\/wp-json\/wp\/v2\/media?parent=166713"}],"wp:term":[{"taxonomy":"product_brand","embeddable":true,"href":"https:\/\/baldumarket.lt\/lt\/wp-json\/wp\/v2\/product_brand?post=166713"},{"taxonomy":"product_cat","embeddable":true,"href":"https:\/\/baldumarket.lt\/lt\/wp-json\/wp\/v2\/product_cat?post=166713"},{"taxonomy":"product_tag","embeddable":true,"href":"https:\/\/baldumarket.lt\/lt\/wp-json\/wp\/v2\/product_tag?post=166713"}],"curies":[{"name":"wp","href":"https:\/\/api.w.org\/{rel}","templated":true}]}}