{"id":166705,"date":"2025-12-19T16:09:52","date_gmt":"2025-12-19T13:09:52","guid":{"rendered":"https:\/\/baldumarket.lt\/product\/fonti-5-komoda-1d3s-dab-karmel\/"},"modified":"2026-04-12T15:43:33","modified_gmt":"2026-04-12T12:43:33","slug":"fonti-5-komoda-1d3s-dab-karmel","status":"publish","type":"product","link":"https:\/\/baldumarket.lt\/lt\/product\/fonti-5-komoda-1d3s-dab-karmel\/","title":{"rendered":"FONTI-5 \u2013 Komoda 1D3S Karamel\u0117s \u0105\u017euolo spalvos"},"content":{"rendered":"<p>Atraskite nauj\u0105 interjero dizaino lyg\u012f su \u017eavingo karamelinio \u0105\u017euolo atspalvio komoda FONTI-5. \u0160i stilinga, garsaus \u201eJarstol\u201c prek\u0117s \u017eenklo sukurta komoda puikiai dera su \u012fvairiomis interjero dizaino tendencijomis \u2013 nuo skandinavi\u0161ko minimalizmo iki jaukaus kaimi\u0161ko stiliaus. Eleganti\u0161kas jos dizainas dera su bet kokia erdve, suteikdamas \u0161ilumos ir unikalaus charakterio. Prakti\u0161kumas yra pagrindinis \u0161io baldo bruo\u017eas. Nepaisant kompakti\u0161k\u0173 matmen\u0173, komoda FONTI-5 si\u016blo steb\u0117tinai daug vietos daiktams susid\u0117ti. Lengvai sutvarkykite savo erdv\u0119 su trimis erdviais stal\u010diais, puikiai tinkan\u010diais drabu\u017eiams, apatiniams drabu\u017eiams ar smulkiems aksesuarams laikyti. Be to, de\u0161in\u0117je pus\u0117je yra spintel\u0117 su lentyna, puikiai tinkan\u010dia m\u0117gstamiems aksesuarams eksponuoti ar didesniems daiktams laikyti. D\u0117l laminuotos plok\u0161t\u0117s naudojimo komoda FONTI-5 yra ne tik esteti\u0161kai patraukli, bet ir patvari. Tyl\u016bs vyriai u\u017etikrina patog\u0173 naudojim\u0105, nes pa\u0161alina gars\u0173 dur\u0173 trankym\u0105, tod\u0117l kasdienis bald\u0173 naudojimas tampa dar malonesnis. Be to, modernios metalin\u0117s klasikin\u0117s juodos spalvos rankenos suteikia komodai eleganti\u0161k\u0105 ir modern\u0173 vaizd\u0105.<\/p>","protected":false},"excerpt":{"rendered":"<p>Plotis (cm): 117,5<br \/>\n\u016agis (cm): 90<br \/>\nGylis (cm): 40,6<\/p>","protected":false},"featured_media":166706,"comment_status":"open","ping_status":"open","template":"","meta":[],"product_brand":[],"product_cat":[9505,1173,4108],"product_tag":[],"class_list":{"0":"post-166705","1":"product","2":"type-product","3":"status-publish","4":"has-post-thumbnail","6":"product_cat-furniture-system-fonti-jarstol-meble","7":"product_cat-chests-of-drawers","8":"product_cat-jarstol","10":"first","11":"instock","12":"purchasable","13":"product-type-simple"},"_links":{"self":[{"href":"https:\/\/baldumarket.lt\/lt\/wp-json\/wp\/v2\/product\/166705","targetHints":{"allow":["GET"]}}],"collection":[{"href":"https:\/\/baldumarket.lt\/lt\/wp-json\/wp\/v2\/product"}],"about":[{"href":"https:\/\/baldumarket.lt\/lt\/wp-json\/wp\/v2\/types\/product"}],"replies":[{"embeddable":true,"href":"https:\/\/baldumarket.lt\/lt\/wp-json\/wp\/v2\/comments?post=166705"}],"wp:featuredmedia":[{"embeddable":true,"href":"https:\/\/baldumarket.lt\/lt\/wp-json\/wp\/v2\/media\/166706"}],"wp:attachment":[{"href":"https:\/\/baldumarket.lt\/lt\/wp-json\/wp\/v2\/media?parent=166705"}],"wp:term":[{"taxonomy":"product_brand","embeddable":true,"href":"https:\/\/baldumarket.lt\/lt\/wp-json\/wp\/v2\/product_brand?post=166705"},{"taxonomy":"product_cat","embeddable":true,"href":"https:\/\/baldumarket.lt\/lt\/wp-json\/wp\/v2\/product_cat?post=166705"},{"taxonomy":"product_tag","embeddable":true,"href":"https:\/\/baldumarket.lt\/lt\/wp-json\/wp\/v2\/product_tag?post=166705"}],"curies":[{"name":"wp","href":"https:\/\/api.w.org\/{rel}","templated":true}]}}