{"id":166698,"date":"2025-12-19T16:09:37","date_gmt":"2025-12-19T13:09:37","guid":{"rendered":"https:\/\/baldumarket.lt\/product\/fonti-6-komoda-rtv-2d1s-dab-karmel\/"},"modified":"2026-04-12T15:43:33","modified_gmt":"2026-04-12T12:43:33","slug":"fonti-6-komoda-rtv-2d1s-dab-karmel","status":"publish","type":"product","link":"https:\/\/baldumarket.lt\/lt\/product\/fonti-6-komoda-rtv-2d1s-dab-karmel\/","title":{"rendered":"FONTI-6 \u2013 TV spintel\u0117 2D1S karamelinis \u0105\u017euolas"},"content":{"rendered":"<p>FONTI-6 televizoriaus staliukas i\u0161 karamelinio \u0105\u017euolo suteikia \u0161ilumos ir jaukumo, suteikdamas j\u016bs\u0173 svetainei nat\u016bralumo. Klasikin\u0117 forma su subtiliomis detal\u0117mis puikiai tinka tiek moderniam, tiek tradiciniam interjerui. D\u0117l universalios spalv\u0173 gamos jis der\u0117s prie daugelio dekoravimo stili\u0173. FONTI-6 staliukas i\u0161siskiria kruop\u0161\u010diai apgalvotu dizainu. Jame yra erdvus centrinis stal\u010dius, puikiai tinkantis nuotolinio valdymo pultams, laidams ir kitiems smulkiems daiktams laikyti, taip u\u017etikrinant tvark\u0105 j\u016bs\u0173 multimedijos erdv\u0117je. Papildoma lentyna vir\u0161 stal\u010diaus yra puiki vieta dekoderiui, \u017eaidim\u0173 konsolei ar DVD grotuvui. Gra\u017eiai suprojektuoti \u0161oniniai fasadai su lentynomis suteikia puiki\u0105 viet\u0105 laikyti visus priedus, kuriuos norite tur\u0117ti po ranka. Ne tik stilius ir funkcionalumas daro \u0161\u012f bald\u0105 unikaliu. FONTI-6 televizoriaus staliukas taip pat turi modern\u0173 \u0161velnaus u\u017edarymo mechanizm\u0105, u\u017etikrinant\u012f komfort\u0105 ir pa\u0161alinant\u012f triuk\u0161m\u0105 u\u017edarant duris. Eleganti\u0161kos juodos spalvos metalin\u0117s kreipian\u010diosios ir rankenos u\u017ebaigia estetik\u0105, suteikdamos visumai modernumo ir elegancijos.<\/p>","protected":false},"excerpt":{"rendered":"<p>Plotis (cm): 157,8<br \/>\n\u016agis (cm): 53<br \/>\nGylis (cm): 40,6<\/p>","protected":false},"featured_media":166699,"comment_status":"open","ping_status":"open","template":"","meta":[],"product_brand":[],"product_cat":[9505,4108,1175],"product_tag":[],"class_list":{"0":"post-166698","1":"product","2":"type-product","3":"status-publish","4":"has-post-thumbnail","6":"product_cat-furniture-system-fonti-jarstol-meble","7":"product_cat-jarstol","8":"product_cat-tv-stands","10":"first","11":"instock","12":"purchasable","13":"product-type-simple"},"_links":{"self":[{"href":"https:\/\/baldumarket.lt\/lt\/wp-json\/wp\/v2\/product\/166698","targetHints":{"allow":["GET"]}}],"collection":[{"href":"https:\/\/baldumarket.lt\/lt\/wp-json\/wp\/v2\/product"}],"about":[{"href":"https:\/\/baldumarket.lt\/lt\/wp-json\/wp\/v2\/types\/product"}],"replies":[{"embeddable":true,"href":"https:\/\/baldumarket.lt\/lt\/wp-json\/wp\/v2\/comments?post=166698"}],"wp:featuredmedia":[{"embeddable":true,"href":"https:\/\/baldumarket.lt\/lt\/wp-json\/wp\/v2\/media\/166699"}],"wp:attachment":[{"href":"https:\/\/baldumarket.lt\/lt\/wp-json\/wp\/v2\/media?parent=166698"}],"wp:term":[{"taxonomy":"product_brand","embeddable":true,"href":"https:\/\/baldumarket.lt\/lt\/wp-json\/wp\/v2\/product_brand?post=166698"},{"taxonomy":"product_cat","embeddable":true,"href":"https:\/\/baldumarket.lt\/lt\/wp-json\/wp\/v2\/product_cat?post=166698"},{"taxonomy":"product_tag","embeddable":true,"href":"https:\/\/baldumarket.lt\/lt\/wp-json\/wp\/v2\/product_tag?post=166698"}],"curies":[{"name":"wp","href":"https:\/\/api.w.org\/{rel}","templated":true}]}}