{"id":166691,"date":"2025-12-19T16:09:22","date_gmt":"2025-12-19T13:09:22","guid":{"rendered":"https:\/\/baldumarket.lt\/product\/fonti-7-komoda-rtv-1d1s-dab-karmel\/"},"modified":"2026-04-12T15:43:33","modified_gmt":"2026-04-12T12:43:33","slug":"fonti-7-komoda-rtv-1d1s-dab-karmel","status":"publish","type":"product","link":"https:\/\/baldumarket.lt\/lt\/product\/fonti-7-komoda-rtv-1d1s-dab-karmel\/","title":{"rendered":"FONTI-7 \u2013 TV spintel\u0117 1D1S karamelinis \u0105\u017euolas"},"content":{"rendered":"<p>Atraskite gra\u017eios karamelinio \u0105\u017euolo spalvos FONTI-7 televizoriaus spintel\u0119, kuri puikiai papildys bet kur\u012f modern\u0173 svetain\u0117s kambar\u012f. Jos galutinis vizualinis efektas yra ak\u012f traukiantis, o nat\u016bralaus med\u017eio ra\u0161to d\u0117ka sukuria jauki\u0105 atmosfer\u0105. Spintel\u0117 derina elegancij\u0105 ir funkcionalum\u0105, tod\u0117l tai ne tik prakti\u0161kas sprendimas, bet ir dekoratyvinis elementas j\u016bs\u0173 interjere. \u0160is stilingas baldas pasi\u017eymi kruop\u0161\u010diai apgalvotu dizainu. Joje yra erdvus stal\u010dius, puikiai tinkantis televizoriaus priedams ir kitiems smulkiems daiktams laikyti. Vir\u0161 jo yra lentyna, kurioje lengvai telpa garso ir vaizdo \u012franga, taip pat dekoratyviniai elementai, kurie suteiks charakterio visam kambariui. FONTI-7 spintel\u0117 yra sprendimas tiems, kurie vertina ir estetik\u0105, ir prakti\u0161kum\u0105. Nepamir\u0161kime ir detali\u0173 \u2013 juoda rankena suteikia kontrasto ir modernumo, dera su \u0161ilta \u0105\u017euolo spalva. D\u0117l tyli\u0173 vyri\u0173 naudojimo fasad\u0173 atidarymas ir u\u017edarymas yra ne tik patogus, bet ir itin tylus, o tai padidina naudotojo komfort\u0105. Baldai pagaminti i\u0161 auk\u0161tos kokyb\u0117s laminuotos plok\u0161t\u0117s, kuri garantuoja ilgaam\u017ei\u0161kum\u0105 ir atsparum\u0105 kasdieniam naudojimui.<\/p>","protected":false},"excerpt":{"rendered":"<p>Plotis (cm): 117,5<br \/>\n\u016agis (cm): 53<br \/>\nGylis (cm): 40,6<\/p>","protected":false},"featured_media":166692,"comment_status":"open","ping_status":"open","template":"","meta":[],"product_brand":[],"product_cat":[9505,4108,1175],"product_tag":[],"class_list":{"0":"post-166691","1":"product","2":"type-product","3":"status-publish","4":"has-post-thumbnail","6":"product_cat-furniture-system-fonti-jarstol-meble","7":"product_cat-jarstol","8":"product_cat-tv-stands","10":"first","11":"instock","12":"purchasable","13":"product-type-simple"},"_links":{"self":[{"href":"https:\/\/baldumarket.lt\/lt\/wp-json\/wp\/v2\/product\/166691","targetHints":{"allow":["GET"]}}],"collection":[{"href":"https:\/\/baldumarket.lt\/lt\/wp-json\/wp\/v2\/product"}],"about":[{"href":"https:\/\/baldumarket.lt\/lt\/wp-json\/wp\/v2\/types\/product"}],"replies":[{"embeddable":true,"href":"https:\/\/baldumarket.lt\/lt\/wp-json\/wp\/v2\/comments?post=166691"}],"wp:featuredmedia":[{"embeddable":true,"href":"https:\/\/baldumarket.lt\/lt\/wp-json\/wp\/v2\/media\/166692"}],"wp:attachment":[{"href":"https:\/\/baldumarket.lt\/lt\/wp-json\/wp\/v2\/media?parent=166691"}],"wp:term":[{"taxonomy":"product_brand","embeddable":true,"href":"https:\/\/baldumarket.lt\/lt\/wp-json\/wp\/v2\/product_brand?post=166691"},{"taxonomy":"product_cat","embeddable":true,"href":"https:\/\/baldumarket.lt\/lt\/wp-json\/wp\/v2\/product_cat?post=166691"},{"taxonomy":"product_tag","embeddable":true,"href":"https:\/\/baldumarket.lt\/lt\/wp-json\/wp\/v2\/product_tag?post=166691"}],"curies":[{"name":"wp","href":"https:\/\/api.w.org\/{rel}","templated":true}]}}