{"id":166686,"date":"2025-12-19T16:09:13","date_gmt":"2025-12-19T13:09:13","guid":{"rendered":"https:\/\/baldumarket.lt\/product\/fonti-8-stolik-kawowy-lawa-dab-karmel\/"},"modified":"2026-04-12T15:43:24","modified_gmt":"2026-04-12T12:43:24","slug":"fonti-8-stolik-kawowy-lawa-dab-karmel","status":"publish","type":"product","link":"https:\/\/baldumarket.lt\/lt\/product\/fonti-8-stolik-kawowy-lawa-dab-karmel\/","title":{"rendered":"FONTI-8 \u2013 Kavos staliukas, Karamel\u0117s \u0105\u017euolo spalvos"},"content":{"rendered":"<p>FONTI-8 \u2013 unikalus kavos staliukas, kuris bet kokiam interjerui suteiks klas\u0117s. Pagamintas i\u0161 eleganti\u0161kos karamelin\u0117s \u0105\u017euolo medienos, jis puikiai derina modernum\u0105 ir klasikin\u012f stili\u0173. Didelis, 120 cm x 60 cm dyd\u017eio stalvir\u0161is suteikia daug vietos tiek puodeliui kavos, tiek m\u0117gstamai knygai. Prakti\u0161kas, bet esteti\u0161kai patrauklus, jis taps bet kurios erdv\u0117s traukos centru. FONTI-8 \u2013 idealus pasirinkimas tiek svetain\u0117ms, tiek biurams. Universalus dizainas leid\u017eia j\u012f pritaikyti \u012fvairiems interjerams \u2013 nuo skandinavi\u0161ko iki minimalistinio ir modernaus. D\u0117l neutrali\u0173 spalv\u0173 staliuk\u0105 galima lengvai derinti su kitais interjero elementais, sukuriant harmoning\u0105 ir jauki\u0105 erdv\u0119. FONTI-8 yra ne tik esteti\u0161kai patrauklus, bet ir funkcionalus. Didelis stalvir\u0161is leid\u017eia patogiai naudoti \u012fvairius aksesuarus ir kasdienius daiktus, tokius kaip nuotolinio valdymo pulteliai, laikra\u0161\u010diai ar u\u017ekand\u017eiai, susib\u016brim\u0173 su \u0161eima ir draugais metu. Be to, tvirta laminuotos plok\u0161t\u0117s konstrukcija u\u017etikrina patvarum\u0105 ir lengv\u0105 prie\u017ei\u016br\u0105, o tai svarbu kasdien naudojant.<\/p>","protected":false},"excerpt":{"rendered":"<p>Plotis (cm): 120<br \/>\n\u016agis (cm): 45,5<br \/>\nGylis (cm): 40,6<\/p>","protected":false},"featured_media":166687,"comment_status":"open","ping_status":"open","template":"","meta":[],"product_brand":[],"product_cat":[9505,866,4108],"product_tag":[],"class_list":{"0":"post-166686","1":"product","2":"type-product","3":"status-publish","4":"has-post-thumbnail","6":"product_cat-furniture-system-fonti-jarstol-meble","7":"product_cat-coffee-tables","8":"product_cat-jarstol","10":"first","11":"instock","12":"purchasable","13":"product-type-simple"},"_links":{"self":[{"href":"https:\/\/baldumarket.lt\/lt\/wp-json\/wp\/v2\/product\/166686","targetHints":{"allow":["GET"]}}],"collection":[{"href":"https:\/\/baldumarket.lt\/lt\/wp-json\/wp\/v2\/product"}],"about":[{"href":"https:\/\/baldumarket.lt\/lt\/wp-json\/wp\/v2\/types\/product"}],"replies":[{"embeddable":true,"href":"https:\/\/baldumarket.lt\/lt\/wp-json\/wp\/v2\/comments?post=166686"}],"wp:featuredmedia":[{"embeddable":true,"href":"https:\/\/baldumarket.lt\/lt\/wp-json\/wp\/v2\/media\/166687"}],"wp:attachment":[{"href":"https:\/\/baldumarket.lt\/lt\/wp-json\/wp\/v2\/media?parent=166686"}],"wp:term":[{"taxonomy":"product_brand","embeddable":true,"href":"https:\/\/baldumarket.lt\/lt\/wp-json\/wp\/v2\/product_brand?post=166686"},{"taxonomy":"product_cat","embeddable":true,"href":"https:\/\/baldumarket.lt\/lt\/wp-json\/wp\/v2\/product_cat?post=166686"},{"taxonomy":"product_tag","embeddable":true,"href":"https:\/\/baldumarket.lt\/lt\/wp-json\/wp\/v2\/product_tag?post=166686"}],"curies":[{"name":"wp","href":"https:\/\/api.w.org\/{rel}","templated":true}]}}