{"id":166681,"date":"2025-12-19T16:09:03","date_gmt":"2025-12-19T13:09:03","guid":{"rendered":"https:\/\/baldumarket.lt\/product\/fonti-9-polka-wiszaca-dab-karmel\/"},"modified":"2026-04-12T15:43:24","modified_gmt":"2026-04-12T12:43:24","slug":"fonti-9-polka-wiszaca-dab-karmel","status":"publish","type":"product","link":"https:\/\/baldumarket.lt\/lt\/product\/fonti-9-polka-wiszaca-dab-karmel\/","title":{"rendered":"FONTI-9 \u2013 Karamel\u0117s \u0105\u017euolo pakabinama lentyna"},"content":{"rendered":"<p>Pristatome unikali\u0105 \u201eJarstol\u201c pakabinam\u0105 lentyn\u0105 FONTI-9 i\u0161 karamelinio \u0105\u017euolo, kuri taps ne tik prakti\u0161ku baldu, bet ir eleganti\u0161ka j\u016bs\u0173 interjero puo\u0161mena. D\u0117l minimalistinio dizaino lentyna der\u0117s prie \u012fvairi\u0173 interjero stili\u0173 \u2013 nuo modernaus iki klasikinio, suteikdama erdvei \u0161ilumos ir harmonijos. \u0160i funkcionali lentyna, kurios matmenys \u2013 120 cm plo\u010dio, 32 cm auk\u0161\u010dio ir 18 cm gylio, sukuria tobul\u0105 aplink\u0105 j\u016bs\u0173 m\u0117gstamiausiems nieku\u010diams ir g\u0117l\u0117ms eksponuoti. Sukurkite jauk\u0173 kampel\u012f, kuriame kiekviena detal\u0117 turi savo viet\u0105. Nesvarbu, ar tai knygos, \u012fr\u0117mintos nuotraukos, ar dekoratyviniai aksesuarai, FONTI-9 lentyna bus puikus j\u016bs\u0173 stiliaus fonas. Pagaminta i\u0161 patvarios laminuotos plok\u0161t\u0117s, lentyna garantuoja auk\u0161t\u0105 kokyb\u0119 ir ilgaam\u017ei\u0161kum\u0105, o eleganti\u0161ka karamelinio \u0105\u017euolo spalva suteiks j\u016bs\u0173 interjerui unikalaus charakterio. Paprastas surinkimas, greitai ir lengvai paver\u010dia j\u0105 ry\u0161kiu dekoratyviniu elementu j\u016bs\u0173 erdvei. Ji puikiai tinka svetainei, miegamajam, biurui ar prie\u0161kambariui, i\u0161laikant funkcionalum\u0105 bet kokiomis s\u0105lygomis.<\/p>","protected":false},"excerpt":{"rendered":"<p>Plotis (cm): 120<br \/>\n\u016agis (cm): 32<br \/>\nGylis (cm): 60<\/p>","protected":false},"featured_media":166682,"comment_status":"open","ping_status":"open","template":"","meta":[],"product_brand":[],"product_cat":[9505,1174,4108],"product_tag":[],"class_list":{"0":"post-166681","1":"product","2":"type-product","3":"status-publish","4":"has-post-thumbnail","6":"product_cat-furniture-system-fonti-jarstol-meble","7":"product_cat-hanging-shelves","8":"product_cat-jarstol","10":"first","11":"instock","12":"purchasable","13":"product-type-simple"},"_links":{"self":[{"href":"https:\/\/baldumarket.lt\/lt\/wp-json\/wp\/v2\/product\/166681","targetHints":{"allow":["GET"]}}],"collection":[{"href":"https:\/\/baldumarket.lt\/lt\/wp-json\/wp\/v2\/product"}],"about":[{"href":"https:\/\/baldumarket.lt\/lt\/wp-json\/wp\/v2\/types\/product"}],"replies":[{"embeddable":true,"href":"https:\/\/baldumarket.lt\/lt\/wp-json\/wp\/v2\/comments?post=166681"}],"wp:featuredmedia":[{"embeddable":true,"href":"https:\/\/baldumarket.lt\/lt\/wp-json\/wp\/v2\/media\/166682"}],"wp:attachment":[{"href":"https:\/\/baldumarket.lt\/lt\/wp-json\/wp\/v2\/media?parent=166681"}],"wp:term":[{"taxonomy":"product_brand","embeddable":true,"href":"https:\/\/baldumarket.lt\/lt\/wp-json\/wp\/v2\/product_brand?post=166681"},{"taxonomy":"product_cat","embeddable":true,"href":"https:\/\/baldumarket.lt\/lt\/wp-json\/wp\/v2\/product_cat?post=166681"},{"taxonomy":"product_tag","embeddable":true,"href":"https:\/\/baldumarket.lt\/lt\/wp-json\/wp\/v2\/product_tag?post=166681"}],"curies":[{"name":"wp","href":"https:\/\/api.w.org\/{rel}","templated":true}]}}