{"id":166670,"date":"2025-12-19T16:08:41","date_gmt":"2025-12-19T13:08:41","guid":{"rendered":"https:\/\/baldumarket.lt\/product\/fonti-11-szafa-z-lustrem-drzwi-przesuwne-dab-karmel\/"},"modified":"2026-04-12T15:43:24","modified_gmt":"2026-04-12T12:43:24","slug":"fonti-11-szafa-z-lustrem-drzwi-przesuwne-dab-karmel","status":"publish","type":"product","link":"https:\/\/baldumarket.lt\/lt\/product\/fonti-11-szafa-z-lustrem-drzwi-przesuwne-dab-karmel\/","title":{"rendered":"FONTI-11 &#8211; Spinta su veidrod\u017eiu, stumdomomis durimis, karamelinio \u0105\u017euolo spalvos"},"content":{"rendered":"<p>Atraskite i\u0161skirtin\u0119 FONTI-11 spint\u0105 i\u0161 karamelinio \u0105\u017euolo, puikiai atitinkan\u010di\u0105 dabartines tendencijas, kurioje dera nat\u016bralus med\u017eio \u017eavesys ir paprastas dizainas. \u0160iltas \u0105\u017euolo atspalvis suteikia interjerui jaukumo ir dera prie \u012fvairi\u0173 interjero stili\u0173.<br \/>\nDidelis veidrodis spintos priekyje ne tik suteikia elegancijos, bet ir vizualiai padidina erdv\u0119, o tai ypa\u010d svarbu ma\u017eesniuose interjeruose. Tai sukuria didesnio gylio ir erdv\u0117s poj\u016bt\u012f, neabejotinai pagerinant kasdienio naudojimo komfort\u0105. Veidrodis tampa ne tik funkciniu elementu, bet ir eleganti\u0161ku, ak\u012f traukian\u010diu dekoratyviniu akcentu.<br \/>\nFONTI-11 spintos funkcionalumas yra dar vienas privalumas, kur\u012f \u012fvertinsite kiekvien\u0105 dien\u0105. Spintos viduje yra daug erdvi\u0173 lentyn\u0173, kuriose puikiai tilps visi j\u016bs\u0173 drabu\u017eiai, aksesuarai ir kiti daiktai. Be to, drabu\u017ei\u0173 kabykla leid\u017eia patogiai laikyti paltus, sukneles ir mar\u0161kinius, i\u0161laikant juos tvarkingus ir tvarkingus. Tai rei\u0161kia, kad galite greitai rasti tai, ko jums reikia, negai\u0161dami brangaus laiko. Pati spinta yra sukurta taip, kad j\u0105 b\u016bt\u0173 galima surinkti savaranki\u0161kai, tod\u0117l galite j\u0105 pritaikyti prie savo individuali\u0173 poreiki\u0173. Paprastas surinkimo procesas leis jums netrukus m\u0117gautis nauja, funkcionalia erdve savo namuose. Nedvejokite \u2013 rinkit\u0117s prabang\u0105 ir komfort\u0105 su \u201eJarstol\u201c FONTI-11 spinta, kuri pakeis j\u016bs\u0173 interjer\u0105 ir kasdien\u0119 kov\u0105 su organizavimu pavers nauju malonumu.<\/p>","protected":false},"excerpt":{"rendered":"<p>Plotis (cm): 199<br \/>\n\u016agis (cm): 217<br \/>\nGylis (cm): 110<\/p>","protected":false},"featured_media":166671,"comment_status":"open","ping_status":"open","template":"","meta":[],"product_brand":[],"product_cat":[9505,4108,1177],"product_tag":[],"class_list":{"0":"post-166670","1":"product","2":"type-product","3":"status-publish","4":"has-post-thumbnail","6":"product_cat-furniture-system-fonti-jarstol-meble","7":"product_cat-jarstol","8":"product_cat-wardrobes","10":"first","11":"instock","12":"purchasable","13":"product-type-simple"},"_links":{"self":[{"href":"https:\/\/baldumarket.lt\/lt\/wp-json\/wp\/v2\/product\/166670","targetHints":{"allow":["GET"]}}],"collection":[{"href":"https:\/\/baldumarket.lt\/lt\/wp-json\/wp\/v2\/product"}],"about":[{"href":"https:\/\/baldumarket.lt\/lt\/wp-json\/wp\/v2\/types\/product"}],"replies":[{"embeddable":true,"href":"https:\/\/baldumarket.lt\/lt\/wp-json\/wp\/v2\/comments?post=166670"}],"wp:featuredmedia":[{"embeddable":true,"href":"https:\/\/baldumarket.lt\/lt\/wp-json\/wp\/v2\/media\/166671"}],"wp:attachment":[{"href":"https:\/\/baldumarket.lt\/lt\/wp-json\/wp\/v2\/media?parent=166670"}],"wp:term":[{"taxonomy":"product_brand","embeddable":true,"href":"https:\/\/baldumarket.lt\/lt\/wp-json\/wp\/v2\/product_brand?post=166670"},{"taxonomy":"product_cat","embeddable":true,"href":"https:\/\/baldumarket.lt\/lt\/wp-json\/wp\/v2\/product_cat?post=166670"},{"taxonomy":"product_tag","embeddable":true,"href":"https:\/\/baldumarket.lt\/lt\/wp-json\/wp\/v2\/product_tag?post=166670"}],"curies":[{"name":"wp","href":"https:\/\/api.w.org\/{rel}","templated":true}]}}