{"id":166665,"date":"2025-12-19T16:08:30","date_gmt":"2025-12-19T13:08:30","guid":{"rendered":"https:\/\/baldumarket.lt\/product\/fonti-12-lozko-ze-stelazem-160x200-cm-dab-karmel\/"},"modified":"2026-04-12T15:43:24","modified_gmt":"2026-04-12T12:43:24","slug":"fonti-12-lozko-ze-stelazem-160x200-cm-dab-karmel","status":"publish","type":"product","link":"https:\/\/baldumarket.lt\/lt\/product\/fonti-12-lozko-ze-stelazem-160x200-cm-dab-karmel\/","title":{"rendered":"FONTI-12 &#8211; Lova su r\u0117mu 160&#215;200 cm, karamelinio \u0105\u017euolo spalvos"},"content":{"rendered":"<p>Lova FONTI-12 \u2013 eleganti\u0161kas baldas, puikiai papildantis bet kur\u012f miegam\u0105j\u012f. Pagaminta i\u0161 auk\u0161tos kokyb\u0117s laminuotos plok\u0161t\u0117s, karamelinio \u0105\u017euolo spalvos, ji spinduliuoja nat\u016brali\u0105 \u0161ilum\u0105 ir klasikin\u012f stili\u0173. Paprasta forma ir auk\u0161tos kokyb\u0117s apdaila paver\u010dia \u0161i\u0105 lov\u0105 j\u016bs\u0173 erdv\u0117s traukos centru, sukurdama jauki\u0105 atmosfer\u0105, kurioje gal\u0117site m\u0117gautis kiekvien\u0105 nakt\u012f. Lovos matmenys \u2013 160 \u00d7 200 cm \u2013 u\u017etikrina patog\u0173 mieg\u0105 dviem \u017emon\u0117ms, o tvirta konstrukcija \u2013 stabilum\u0105 ir ilgaam\u017ei\u0161kum\u0105. Be to, komplekte esantis r\u0117mas yra funkcionalus elementas, suteikiantis \u010diu\u017einio atram\u0105 ir maksimaliai padidinantis komfort\u0105. Tai puikus sprendimas visiems, kurie vertina kokyb\u0119 ir komfort\u0105 savo miegamajame. FONTI-12 lova yra ne tik prakti\u0161ka, bet ir esteti\u0161kai patraukli, ji atitinka \u0161iuolaikines interjero dizaino tendencijas. Karamelio \u0105\u017euolo spalva suteikia elegancijos ir sukuria harmoning\u0105 erdv\u0119. Galite j\u0105 derinti su \u012fvairiais aksesuarais, tokiais kaip mink\u0161tos antklod\u0117s ar dekoratyvin\u0117s pagalv\u0117s, kad dar labiau sustiprintum\u0117te jos \u017eaves\u012f.<\/p>","protected":false},"excerpt":{"rendered":"<p>Plotis (cm): 167,3<br \/>\n\u016agis (cm): 100<br \/>\nGylis (cm): 60,2<\/p>","protected":false},"featured_media":166666,"comment_status":"open","ping_status":"open","template":"","meta":[],"product_brand":[],"product_cat":[9505,505,1971,4108],"product_tag":[],"class_list":{"0":"post-166665","1":"product","2":"type-product","3":"status-publish","4":"has-post-thumbnail","6":"product_cat-furniture-system-fonti-jarstol-meble","7":"product_cat-bedroom-beds","8":"product_cat-beds-160x200","9":"product_cat-jarstol","11":"first","12":"instock","13":"purchasable","14":"product-type-simple"},"_links":{"self":[{"href":"https:\/\/baldumarket.lt\/lt\/wp-json\/wp\/v2\/product\/166665","targetHints":{"allow":["GET"]}}],"collection":[{"href":"https:\/\/baldumarket.lt\/lt\/wp-json\/wp\/v2\/product"}],"about":[{"href":"https:\/\/baldumarket.lt\/lt\/wp-json\/wp\/v2\/types\/product"}],"replies":[{"embeddable":true,"href":"https:\/\/baldumarket.lt\/lt\/wp-json\/wp\/v2\/comments?post=166665"}],"wp:featuredmedia":[{"embeddable":true,"href":"https:\/\/baldumarket.lt\/lt\/wp-json\/wp\/v2\/media\/166666"}],"wp:attachment":[{"href":"https:\/\/baldumarket.lt\/lt\/wp-json\/wp\/v2\/media?parent=166665"}],"wp:term":[{"taxonomy":"product_brand","embeddable":true,"href":"https:\/\/baldumarket.lt\/lt\/wp-json\/wp\/v2\/product_brand?post=166665"},{"taxonomy":"product_cat","embeddable":true,"href":"https:\/\/baldumarket.lt\/lt\/wp-json\/wp\/v2\/product_cat?post=166665"},{"taxonomy":"product_tag","embeddable":true,"href":"https:\/\/baldumarket.lt\/lt\/wp-json\/wp\/v2\/product_tag?post=166665"}],"curies":[{"name":"wp","href":"https:\/\/api.w.org\/{rel}","templated":true}]}}