{"id":166661,"date":"2025-12-19T16:08:22","date_gmt":"2025-12-19T13:08:22","guid":{"rendered":"https:\/\/baldumarket.lt\/product\/fonti-12-lozko-ze-stelazem-140x200-cm-dab-karmel\/"},"modified":"2026-04-12T15:43:24","modified_gmt":"2026-04-12T12:43:24","slug":"fonti-12-lozko-ze-stelazem-140x200-cm-dab-karmel","status":"publish","type":"product","link":"https:\/\/baldumarket.lt\/lt\/product\/fonti-12-lozko-ze-stelazem-140x200-cm-dab-karmel\/","title":{"rendered":"FONTI-12 &#8211; Lova su r\u0117mu 140&#215;200 cm, karamelinio \u0105\u017euolo spalvos"},"content":{"rendered":"<p>FONTI-12 lova j\u016bs\u0173 miegamajame derina funkcionalum\u0105 ir elegancij\u0105. Ji si\u016blo erdv\u0119 dviem asmenims ir \u017eavi savo klasikiniu dizainu, puikiai papildan\u010diu \u012fvairius interjerus. Subtilios linijos spinduliuoja harmonij\u0105 ir ramyb\u0119, tod\u0117l tai puiki vieta atsipalaiduoti po ilgos dienos. Karamel\u0117s \u0105\u017euolo spalva suteikia jai unikalaus \u017eavesio ir \u0161iltos atmosferos, kuri kiekvien\u0105 vakar\u0105 pavers maloniu.<\/p>\n<p>Pagaminta i\u0161 auk\u0161\u010diausios kokyb\u0117s med\u017eiag\u0173, FONTI-12 lova yra ne tik gra\u017ei, bet ir patvari. Laminuota plok\u0161t\u0117, i\u0161 kurios ji pagaminta, u\u017etikrina ilgaam\u017ei\u0161kum\u0105 ir lengv\u0105 prie\u017ei\u016br\u0105, tod\u0117l tai puiki investicija ateinantiems metams. Kruop\u0161\u010diai suprojektuotos detal\u0117s ir kruop\u0161ti apdaila u\u017etikrina, kad lova ne tik gra\u017eiai atrodo, bet ir atlaiko kasdien\u012f naudojim\u0105, pateisindama reikliausi\u0173 vartotoj\u0173 l\u016bkes\u010dius.<\/p>\n<p>FONTI-12 lova taip pat turi r\u0117m\u0105, kad b\u016bt\u0173 lengva paruo\u0161ti, o \u010diu\u017ein\u012f galima pasirinkti pagal j\u016bs\u0173 pageidavimus, u\u017etikrinant ideal\u0173 miego komfort\u0105. D\u0117l savaranki\u0161ko surinkimo galimybi\u0173 kiekvienas gali lengvai pritaikyti j\u0105 prie savo interjero, o paprastas dizainas leid\u017eia greitai ir intuityviai atlikti \u0161\u012f proces\u0105.<br \/>\nTegul FONTI-12 lova tampa j\u016bs\u0173 miegamojo traukos centru! Investuokite \u012f \u0161io nuostabaus baldo elegancij\u0105 ir komfort\u0105. D\u0117l savo universali\u0173 spalv\u0173 ir klasikinio dizaino jis puikiai papildys tiek modern\u0173, tiek tradicin\u012f interjer\u0105. Neapsiribokite standartiniais sprendimais \u2013 rinkit\u0117s lov\u0105, kuri suteiks j\u016bs\u0173 poilsio erdvei charakterio.<br \/>\nLova FONTI-12 pavers j\u016bs\u0173 miegam\u0105j\u012f jaukia poilsio oaze ir ne tik supaprastins j\u016bs\u0173 kasdienyb\u0119, bet ir suteiks d\u017eiaugsmo nepamir\u0161tamomis akimirkomis, praleistomis stilingoje aplinkoje. Pasirinkite bald\u0105, kuris atspind\u0117t\u0173 j\u016bs\u0173 skon\u012f ir gyvenimo b\u016bd\u0105. \u012esitikinkite patys, kaip komfortas ir estetika gali harmoningai der\u0117ti su lova FONTI-12!<\/p>","protected":false},"excerpt":{"rendered":"<p>Plotis (cm): 167,3<br \/>\n\u016agis (cm): 100<br \/>\nGylis (cm): 209<\/p>","protected":false},"featured_media":166662,"comment_status":"open","ping_status":"open","template":"","meta":[],"product_brand":[],"product_cat":[9505,505,1970,4108],"product_tag":[],"class_list":{"0":"post-166661","1":"product","2":"type-product","3":"status-publish","4":"has-post-thumbnail","6":"product_cat-furniture-system-fonti-jarstol-meble","7":"product_cat-bedroom-beds","8":"product_cat-beds-140x200","9":"product_cat-jarstol","11":"first","12":"instock","13":"purchasable","14":"product-type-simple"},"_links":{"self":[{"href":"https:\/\/baldumarket.lt\/lt\/wp-json\/wp\/v2\/product\/166661","targetHints":{"allow":["GET"]}}],"collection":[{"href":"https:\/\/baldumarket.lt\/lt\/wp-json\/wp\/v2\/product"}],"about":[{"href":"https:\/\/baldumarket.lt\/lt\/wp-json\/wp\/v2\/types\/product"}],"replies":[{"embeddable":true,"href":"https:\/\/baldumarket.lt\/lt\/wp-json\/wp\/v2\/comments?post=166661"}],"wp:featuredmedia":[{"embeddable":true,"href":"https:\/\/baldumarket.lt\/lt\/wp-json\/wp\/v2\/media\/166662"}],"wp:attachment":[{"href":"https:\/\/baldumarket.lt\/lt\/wp-json\/wp\/v2\/media?parent=166661"}],"wp:term":[{"taxonomy":"product_brand","embeddable":true,"href":"https:\/\/baldumarket.lt\/lt\/wp-json\/wp\/v2\/product_brand?post=166661"},{"taxonomy":"product_cat","embeddable":true,"href":"https:\/\/baldumarket.lt\/lt\/wp-json\/wp\/v2\/product_cat?post=166661"},{"taxonomy":"product_tag","embeddable":true,"href":"https:\/\/baldumarket.lt\/lt\/wp-json\/wp\/v2\/product_tag?post=166661"}],"curies":[{"name":"wp","href":"https:\/\/api.w.org\/{rel}","templated":true}]}}