{"id":166650,"date":"2025-12-19T16:08:00","date_gmt":"2025-12-19T13:08:00","guid":{"rendered":"https:\/\/baldumarket.lt\/product\/fonti-14-biurko-1d-dab-karmel\/"},"modified":"2026-04-12T15:43:24","modified_gmt":"2026-04-12T12:43:24","slug":"fonti-14-biurko-1d-dab-karmel","status":"publish","type":"product","link":"https:\/\/baldumarket.lt\/lt\/product\/fonti-14-biurko-1d-dab-karmel\/","title":{"rendered":"FONTI-14 \u2013 1D Stalinis karamelinis \u0105\u017euolas"},"content":{"rendered":"<p>Atraskite elegancij\u0105 ir funkcionalum\u0105 su FONTI-14 stalu i\u0161 karamelinio \u0105\u017euolo \u2013 puikiu pasirinkimu bet kokiam moderniam interjerui. D\u0117l prislopintos spalvos ir minimalistinio dizaino jis puikiai tinka tiek paauglio kambariui, tiek profesionaliam biurui. \u0160i klasikin\u0117 forma tikrai patrauks ak\u012f ir suteiks erdvei ramyb\u0117s bei harmonijos atmosfer\u0105. FONTI-14 stalas pasi\u017eymi ne tik estetika, bet ir, svarbiausia, dideliu funkcionalumu. Prakti\u0161kos savyb\u0117s, tokios kaip i\u0161traukiama klaviat\u016bros lentyna, leid\u017eia patogiai dirbti ar mokytis, o papildoma spintel\u0117 su lentyna de\u0161in\u0117je pus\u0117je padeda palaikyti tvark\u0105. Padalij\u0119 stal\u0105 \u012f dvi atskiras erdves, gausite daugiau vietos svarbiausiems biuro reikmenims ar knygoms laikyti, taip prisid\u0117site prie efektyvaus darbo organizavimo. Pagamintas i\u0161 auk\u0161tos kokyb\u0117s laminuotos plok\u0161t\u0117s, stalas yra patvarus ir atsparus pa\u017eeidimams, tod\u0117l tarnaus jums ilgus metus. \u0160velniai u\u017esidarantys vyriai yra dar vienas privalumas, kur\u012f tikrai \u012fvertinsite \u2013 jie panaikina gars\u0173 trankymo gars\u0105 ir leid\u017eia durims u\u017esidaryti tyliai, suteikdami dar daugiau ramyb\u0117s j\u016bs\u0173 darbo aplinkai.<\/p>","protected":false},"excerpt":{"rendered":"<p>Plotis (cm): 120<br \/>\n\u016agis (cm): 78<br \/>\nGylis (cm): 40,6<\/p>","protected":false},"featured_media":166651,"comment_status":"open","ping_status":"open","template":"","meta":[],"product_brand":[],"product_cat":[9505,1312,4108],"product_tag":[],"class_list":{"0":"post-166650","1":"product","2":"type-product","3":"status-publish","4":"has-post-thumbnail","6":"product_cat-furniture-system-fonti-jarstol-meble","7":"product_cat-desks","8":"product_cat-jarstol","10":"first","11":"instock","12":"purchasable","13":"product-type-simple"},"_links":{"self":[{"href":"https:\/\/baldumarket.lt\/lt\/wp-json\/wp\/v2\/product\/166650","targetHints":{"allow":["GET"]}}],"collection":[{"href":"https:\/\/baldumarket.lt\/lt\/wp-json\/wp\/v2\/product"}],"about":[{"href":"https:\/\/baldumarket.lt\/lt\/wp-json\/wp\/v2\/types\/product"}],"replies":[{"embeddable":true,"href":"https:\/\/baldumarket.lt\/lt\/wp-json\/wp\/v2\/comments?post=166650"}],"wp:featuredmedia":[{"embeddable":true,"href":"https:\/\/baldumarket.lt\/lt\/wp-json\/wp\/v2\/media\/166651"}],"wp:attachment":[{"href":"https:\/\/baldumarket.lt\/lt\/wp-json\/wp\/v2\/media?parent=166650"}],"wp:term":[{"taxonomy":"product_brand","embeddable":true,"href":"https:\/\/baldumarket.lt\/lt\/wp-json\/wp\/v2\/product_brand?post=166650"},{"taxonomy":"product_cat","embeddable":true,"href":"https:\/\/baldumarket.lt\/lt\/wp-json\/wp\/v2\/product_cat?post=166650"},{"taxonomy":"product_tag","embeddable":true,"href":"https:\/\/baldumarket.lt\/lt\/wp-json\/wp\/v2\/product_tag?post=166650"}],"curies":[{"name":"wp","href":"https:\/\/api.w.org\/{rel}","templated":true}]}}