{"id":166645,"date":"2025-12-19T16:07:51","date_gmt":"2025-12-19T13:07:51","guid":{"rendered":"https:\/\/baldumarket.lt\/product\/indianapolis-12-lustro-wiszace-jesion-ciemny\/"},"modified":"2026-02-09T12:28:32","modified_gmt":"2026-02-09T09:28:32","slug":"indianapolis-12-lustro-wiszace-jesion-ciemny","status":"publish","type":"product","link":"https:\/\/baldumarket.lt\/lt\/product\/indianapolis-12-lustro-wiszace-jesion-ciemny\/","title":{"rendered":"INDIANAPOLIS-12 \u2013 Tamsaus uosio pakabinamas veidrodis"},"content":{"rendered":"<p>Atraskite kerin\u010di\u0105 \u201eIndianapolis-12\u201c pakabinamo veidrod\u017eio elegancij\u0105, kuri suteiks i\u0161skirtinio \u017eavesio bet kokiam interjerui. Pagamintas i\u0161 tamsaus uosio, \u0161is veidrodis spinduliuoja \u0161ilum\u0105 ir stili\u0173, sukurdamas tobul\u0105 harmonij\u0105 tiek su moderniu, tiek su klasikiniu interjeru. Subtilios, minimalistin\u0117s linijos leid\u017eia j\u012f pritaikyti beveik bet kokiam kambariui, suteikdamos unikalaus charakterio. 120 cm x 80 cm dyd\u017eio veidrodis yra ne tik funkcionalus dekoratyvinis elementas, bet ir puikus akcentas, i\u0161ple\u010diantis erdv\u0119 ir vizualiai j\u0105 pa\u0161viesinantis. Pastatytas miegamajame ar prie\u0161kambaryje, jis neabejotinai pritrauks sve\u010di\u0173 ir \u0161eimos d\u0117mes\u012f, tapdamas dizaino traukos centru. D\u0117l savo estetikos jis suteiks interjerui elegancijos ir modernumo. Puikus \u0161io veidrod\u017eio bruo\u017eas yra jo universalumas. Galite j\u012f pakabinti vir\u0161 tualetinio staliuko, kad gal\u0117tum\u0117te greitai ap\u017ei\u016br\u0117ti prie\u0161 i\u0161eidami, arba naudoti kaip dekoratyvin\u012f akcent\u0105 ant sienos. D\u0117l spalv\u0173 \u012fvairov\u0117s j\u012f galima pritaikyti individualiam skoniui ir stiliui \u2013 nuo gryno skandinavi\u0161ko iki prabangaus \u017eavesio.<\/p>","protected":false},"excerpt":{"rendered":"<p>Plotis (cm): 120<br \/>\n\u016agis (cm): 80<br \/>\nGylis (cm): 60<\/p>","protected":false},"featured_media":166646,"comment_status":"open","ping_status":"open","template":"","meta":[],"product_brand":[],"product_cat":[9507,4108,1108],"product_tag":[],"class_list":{"0":"post-166645","1":"product","2":"type-product","3":"status-publish","4":"has-post-thumbnail","6":"product_cat-furniture-system-indianapolis-jarstol-meble","7":"product_cat-jarstol","8":"product_cat-mirrors","10":"first","11":"instock","12":"purchasable","13":"product-type-simple"},"_links":{"self":[{"href":"https:\/\/baldumarket.lt\/lt\/wp-json\/wp\/v2\/product\/166645","targetHints":{"allow":["GET"]}}],"collection":[{"href":"https:\/\/baldumarket.lt\/lt\/wp-json\/wp\/v2\/product"}],"about":[{"href":"https:\/\/baldumarket.lt\/lt\/wp-json\/wp\/v2\/types\/product"}],"replies":[{"embeddable":true,"href":"https:\/\/baldumarket.lt\/lt\/wp-json\/wp\/v2\/comments?post=166645"}],"wp:featuredmedia":[{"embeddable":true,"href":"https:\/\/baldumarket.lt\/lt\/wp-json\/wp\/v2\/media\/166646"}],"wp:attachment":[{"href":"https:\/\/baldumarket.lt\/lt\/wp-json\/wp\/v2\/media?parent=166645"}],"wp:term":[{"taxonomy":"product_brand","embeddable":true,"href":"https:\/\/baldumarket.lt\/lt\/wp-json\/wp\/v2\/product_brand?post=166645"},{"taxonomy":"product_cat","embeddable":true,"href":"https:\/\/baldumarket.lt\/lt\/wp-json\/wp\/v2\/product_cat?post=166645"},{"taxonomy":"product_tag","embeddable":true,"href":"https:\/\/baldumarket.lt\/lt\/wp-json\/wp\/v2\/product_tag?post=166645"}],"curies":[{"name":"wp","href":"https:\/\/api.w.org\/{rel}","templated":true}]}}