{"id":166640,"date":"2025-12-19T16:07:41","date_gmt":"2025-12-19T13:07:41","guid":{"rendered":"https:\/\/baldumarket.lt\/product\/indianapolis-12-lustro-wiszace-jesion-jasny\/"},"modified":"2026-02-09T12:28:32","modified_gmt":"2026-02-09T09:28:32","slug":"indianapolis-12-lustro-wiszace-jesion-jasny","status":"publish","type":"product","link":"https:\/\/baldumarket.lt\/lt\/product\/indianapolis-12-lustro-wiszace-jesion-jasny\/","title":{"rendered":"INDIANAPOLIS-12 \u2013 \u0160viesaus uosio spalvos pakabinamas veidrodis"},"content":{"rendered":"<p>Atraskite pakabinamo veidrod\u017eio \u201eIndianapolis-12\u201c gro\u017e\u012f ir funkcionalum\u0105, kuris puikiai dera prie modernaus ir eleganti\u0161ko interjero. \u0160is \u0161viesaus uosio veidrodis spinduliuoja nat\u016bralia \u0161iluma ir stiliumi, suteiksian\u010diu bet kokiam kambariui unikalumo. Jo matmenys \u2013 120 cm plo\u010dio, 80 cm auk\u0161\u010dio ir tik 5 cm gylio \u2013 daro j\u012f idealiu sprendimu tiems, kurie ie\u0161ko estetikos ir prakti\u0161kumo interjero dizaine. \u201eIndianapolis\u201c kolekcijos veidrodis yra ne tik funkcionalus baldas, bet ir eleganti\u0161ka dekoracija, galinti vizualiai padidinti bet kurio kambario erdv\u0119. Jis puikiai tinka kaip tualetinio staliuko elementas, pabr\u0117\u0161iant kiekvienos detal\u0117s gro\u017e\u012f, arba kaip ry\u0161ki sien\u0173 dekoracija, suteikianti kambariui subtilumo ir erdvumo poj\u016bt\u012f. Minimalistinis dizainas leid\u017eia j\u012f pritaikyti daugeliui interjero stili\u0173 \u2013 nuo modernaus, skandinavi\u0161ko iki klasikinio. Pagamintas i\u0161 auk\u0161tos kokyb\u0117s laminuotos plok\u0161t\u0117s, veidrodis yra ne tik esteti\u0161kai patrauklus, bet ir patvarus bei atsparus kasdieniam naudojimui. Jis tarnaus jums daugel\u012f met\u0173, i\u0161laikydamas savo \u017eaves\u012f ir gaivum\u0105. Veidrod\u012f sumontuoti paprasta ir galite atlikti patys, tod\u0117l jis yra dar patrauklesnis pasirinkimas \u017emon\u0117ms, kurie vertina savaranki\u0161kum\u0105 tvarkydami savo interjer\u0105.<\/p>","protected":false},"excerpt":{"rendered":"<p>Plotis (cm): 120<br \/>\n\u016agis (cm): 80<br \/>\nGylis (cm): 5<\/p>","protected":false},"featured_media":166641,"comment_status":"open","ping_status":"open","template":"","meta":[],"product_brand":[],"product_cat":[9507,4108,1108],"product_tag":[],"class_list":{"0":"post-166640","1":"product","2":"type-product","3":"status-publish","4":"has-post-thumbnail","6":"product_cat-furniture-system-indianapolis-jarstol-meble","7":"product_cat-jarstol","8":"product_cat-mirrors","10":"first","11":"instock","12":"purchasable","13":"product-type-simple"},"_links":{"self":[{"href":"https:\/\/baldumarket.lt\/lt\/wp-json\/wp\/v2\/product\/166640","targetHints":{"allow":["GET"]}}],"collection":[{"href":"https:\/\/baldumarket.lt\/lt\/wp-json\/wp\/v2\/product"}],"about":[{"href":"https:\/\/baldumarket.lt\/lt\/wp-json\/wp\/v2\/types\/product"}],"replies":[{"embeddable":true,"href":"https:\/\/baldumarket.lt\/lt\/wp-json\/wp\/v2\/comments?post=166640"}],"wp:featuredmedia":[{"embeddable":true,"href":"https:\/\/baldumarket.lt\/lt\/wp-json\/wp\/v2\/media\/166641"}],"wp:attachment":[{"href":"https:\/\/baldumarket.lt\/lt\/wp-json\/wp\/v2\/media?parent=166640"}],"wp:term":[{"taxonomy":"product_brand","embeddable":true,"href":"https:\/\/baldumarket.lt\/lt\/wp-json\/wp\/v2\/product_brand?post=166640"},{"taxonomy":"product_cat","embeddable":true,"href":"https:\/\/baldumarket.lt\/lt\/wp-json\/wp\/v2\/product_cat?post=166640"},{"taxonomy":"product_tag","embeddable":true,"href":"https:\/\/baldumarket.lt\/lt\/wp-json\/wp\/v2\/product_tag?post=166640"}],"curies":[{"name":"wp","href":"https:\/\/api.w.org\/{rel}","templated":true}]}}