{"id":166635,"date":"2025-12-19T16:07:32","date_gmt":"2025-12-19T13:07:32","guid":{"rendered":"https:\/\/baldumarket.lt\/product\/indianapolis-12-lustro-wiszace-kraft-bialy\/"},"modified":"2026-02-09T12:28:32","modified_gmt":"2026-02-09T09:28:32","slug":"indianapolis-12-lustro-wiszace-kraft-bialy","status":"publish","type":"product","link":"https:\/\/baldumarket.lt\/lt\/product\/indianapolis-12-lustro-wiszace-kraft-bialy\/","title":{"rendered":"INDIANAPOLIS-12 \u2013 Baltas Kraft pakabinamas veidrodis"},"content":{"rendered":"<p>\u201eJarstol\u201c pakabinamas veidrodis \u201eIndianapolis-12\u201c \u2013 tai tobulas stiliaus ir funkcionalumo derinys, kuris pakeis bet kok\u012f interjer\u0105. Eleganti\u0161kas \u201eKraft White\u201c dizainas leid\u017eia jam dera \u012fvairiems interjerams \u2013 tiek moderniems, tiek klasikiniams. 120 cm plo\u010dio ir 80 cm auk\u0161\u010dio veidrodis gali vizualiai padidinti erdv\u0119, tod\u0117l idealiai tinka ma\u017eesn\u0117ms patalpoms, kur svarbus kiekvienas centimetras. Pagamintas i\u0161 auk\u0161tos kokyb\u0117s laminuotos plok\u0161t\u0117s, veidrodis yra ne tik esteti\u0161kai patrauklus, bet ir patvarus, u\u017etikrinantis ilgalaik\u012f naudojim\u0105. Minimalistin\u0117 forma kartu su subtilia apdaila suteikia jam asmenin\u012f akcent\u0105 j\u016bs\u0173 namuose. \u201eIndianapolis-12\u201c yra daugiau nei tik veidrodis \u2013 tai tikras dekoratyvinis elementas, suteikiantis harmonijos ir gaivumo bet kokiam interjerui. Galimyb\u0117 veidrod\u012f montuoti vir\u0161 tualetinio staliuko arba kaip atskir\u0105 bald\u0105 suteikia jums laisv\u0119 susikurti norim\u0105 erdv\u0119. D\u0117l savo universalumo jis puikiai tinka ne tik miegamajam, bet ir prie\u0161kambariui ar svetainei. Naudokite j\u012f, kad suteiktum\u0117te savo kambariams gylio ir \u0161viesos bei sukurtum\u0117te jauki\u0105 atmosfer\u0105.<\/p>","protected":false},"excerpt":{"rendered":"<p>Plotis (cm): 120<br \/>\n\u016agis (cm): 80<br \/>\nGylis (cm): 5<\/p>","protected":false},"featured_media":166636,"comment_status":"open","ping_status":"open","template":"","meta":[],"product_brand":[],"product_cat":[9507,4108,1108],"product_tag":[],"class_list":{"0":"post-166635","1":"product","2":"type-product","3":"status-publish","4":"has-post-thumbnail","6":"product_cat-furniture-system-indianapolis-jarstol-meble","7":"product_cat-jarstol","8":"product_cat-mirrors","10":"first","11":"instock","12":"purchasable","13":"product-type-simple"},"_links":{"self":[{"href":"https:\/\/baldumarket.lt\/lt\/wp-json\/wp\/v2\/product\/166635","targetHints":{"allow":["GET"]}}],"collection":[{"href":"https:\/\/baldumarket.lt\/lt\/wp-json\/wp\/v2\/product"}],"about":[{"href":"https:\/\/baldumarket.lt\/lt\/wp-json\/wp\/v2\/types\/product"}],"replies":[{"embeddable":true,"href":"https:\/\/baldumarket.lt\/lt\/wp-json\/wp\/v2\/comments?post=166635"}],"wp:featuredmedia":[{"embeddable":true,"href":"https:\/\/baldumarket.lt\/lt\/wp-json\/wp\/v2\/media\/166636"}],"wp:attachment":[{"href":"https:\/\/baldumarket.lt\/lt\/wp-json\/wp\/v2\/media?parent=166635"}],"wp:term":[{"taxonomy":"product_brand","embeddable":true,"href":"https:\/\/baldumarket.lt\/lt\/wp-json\/wp\/v2\/product_brand?post=166635"},{"taxonomy":"product_cat","embeddable":true,"href":"https:\/\/baldumarket.lt\/lt\/wp-json\/wp\/v2\/product_cat?post=166635"},{"taxonomy":"product_tag","embeddable":true,"href":"https:\/\/baldumarket.lt\/lt\/wp-json\/wp\/v2\/product_tag?post=166635"}],"curies":[{"name":"wp","href":"https:\/\/api.w.org\/{rel}","templated":true}]}}