{"id":166630,"date":"2025-12-19T16:07:22","date_gmt":"2025-12-19T13:07:22","guid":{"rendered":"https:\/\/baldumarket.lt\/product\/indianapolis-11-polka-wiszaca-jesion-ciemny\/"},"modified":"2026-02-09T12:28:32","modified_gmt":"2026-02-09T09:28:32","slug":"indianapolis-11-polka-wiszaca-jesion-ciemny","status":"publish","type":"product","link":"https:\/\/baldumarket.lt\/lt\/product\/indianapolis-11-polka-wiszaca-jesion-ciemny\/","title":{"rendered":"INDIANAPOLIS-11 \u2013 Tamsaus uosio pakabinama lentyna"},"content":{"rendered":"<p>Atraskite elegancij\u0105 ir funkcionalum\u0105 pakabinamos lentynos \u201eIndianapolis-11\u201c, kuri taps nepakei\u010diamu j\u016bs\u0173 interjero elementu. Pagaminta i\u0161 tamsiai rudos uosio medienos, lentyna ne tik \u017eavi moderniu dizainu, bet ir puikiai dera prie \u012fvairi\u0173 i\u0161d\u0117stym\u0173. Minimalistin\u0117 forma leid\u017eia jai der\u0117ti tiek klasikiniame, tiek moderniame interjere, suteikdama stiliaus ir elegancijos. Lentynos plotis yra 120 cm, tod\u0117l ji idealiai tinka m\u0117gstamoms knygoms, nuotraukoms ar dekoracijoms eksponuoti. 18 cm gylis suteikia daug vietos \u012fvairiems daiktams, o 32 cm auk\u0161tis leid\u017eia j\u0105 pastatyti bet kur \u2013 vir\u0161 stalo, sofos ar koridoriuje. Tai daro j\u0105 ne tik esteti\u0161ku, bet ir prakti\u0161ku elementu, kuriame viskas, ko jums reikia, yra po ranka. Lentyna pagaminta i\u0161 auk\u0161tos kokyb\u0117s laminuotos plok\u0161t\u0117s, u\u017etikrinan\u010dios patvarum\u0105 ir ilgaam\u017ei\u0161kum\u0105. Atsparumas pa\u017eeidimams ir lengvas valymas daro j\u0105 puikiu pasirinkimu \u0161eimoms ir tiems, kurie m\u0117gsta aktyv\u0173 gyvenimo b\u016bd\u0105. Be to, surinkimo komponentai sukurti taip, kad b\u016bt\u0173 galima greitai ir lengvai surinkti, tod\u0117l netrukus gal\u0117site m\u0117gautis savo nauju nam\u0173 dekoru.<\/p>","protected":false},"excerpt":{"rendered":"<p>Plotis (cm): 120<br \/>\n\u016agis (cm): 32<br \/>\nGylis (cm): 5<\/p>","protected":false},"featured_media":166631,"comment_status":"open","ping_status":"open","template":"","meta":[],"product_brand":[],"product_cat":[9507,1174,4108],"product_tag":[],"class_list":{"0":"post-166630","1":"product","2":"type-product","3":"status-publish","4":"has-post-thumbnail","6":"product_cat-furniture-system-indianapolis-jarstol-meble","7":"product_cat-hanging-shelves","8":"product_cat-jarstol","10":"first","11":"instock","12":"purchasable","13":"product-type-simple"},"_links":{"self":[{"href":"https:\/\/baldumarket.lt\/lt\/wp-json\/wp\/v2\/product\/166630","targetHints":{"allow":["GET"]}}],"collection":[{"href":"https:\/\/baldumarket.lt\/lt\/wp-json\/wp\/v2\/product"}],"about":[{"href":"https:\/\/baldumarket.lt\/lt\/wp-json\/wp\/v2\/types\/product"}],"replies":[{"embeddable":true,"href":"https:\/\/baldumarket.lt\/lt\/wp-json\/wp\/v2\/comments?post=166630"}],"wp:featuredmedia":[{"embeddable":true,"href":"https:\/\/baldumarket.lt\/lt\/wp-json\/wp\/v2\/media\/166631"}],"wp:attachment":[{"href":"https:\/\/baldumarket.lt\/lt\/wp-json\/wp\/v2\/media?parent=166630"}],"wp:term":[{"taxonomy":"product_brand","embeddable":true,"href":"https:\/\/baldumarket.lt\/lt\/wp-json\/wp\/v2\/product_brand?post=166630"},{"taxonomy":"product_cat","embeddable":true,"href":"https:\/\/baldumarket.lt\/lt\/wp-json\/wp\/v2\/product_cat?post=166630"},{"taxonomy":"product_tag","embeddable":true,"href":"https:\/\/baldumarket.lt\/lt\/wp-json\/wp\/v2\/product_tag?post=166630"}],"curies":[{"name":"wp","href":"https:\/\/api.w.org\/{rel}","templated":true}]}}