{"id":166625,"date":"2025-12-19T16:07:12","date_gmt":"2025-12-19T13:07:12","guid":{"rendered":"https:\/\/baldumarket.lt\/product\/indianapolis-11-polka-wiszaca-jesion-jasny\/"},"modified":"2026-02-09T12:28:32","modified_gmt":"2026-02-09T09:28:32","slug":"indianapolis-11-polka-wiszaca-jesion-jasny","status":"publish","type":"product","link":"https:\/\/baldumarket.lt\/lt\/product\/indianapolis-11-polka-wiszaca-jesion-jasny\/","title":{"rendered":"INDIANAPOLIS-11 \u2013 \u0160viesaus uosio pakabinama lentyna"},"content":{"rendered":"<p>Pakabinama lentyna \u201eIndianapolis-11\u201c \u2013 puikus sprendimas ie\u0161kantiems prakti\u0161ko ir stilingo interjero papildymo. Minimalistinis ir modernus \u0161viesios uosio spalvos dizainas puikiai dera su \u012fvairiais i\u0161d\u0117stymais, suteikdamas erdvei jauki\u0105 atmosfer\u0105. 120 cm plo\u010dio ir 18 cm gylio \u0161i lentyna yra puiki vieta eksponuoti m\u0117gstamas knygas, nuotraukas ar dekoracijas, suteikiant bet kokiai patalpai unikal\u0173 charakter\u012f. Pagaminta i\u0161 auk\u0161tos kokyb\u0117s laminuotos plok\u0161t\u0117s, lentyna derina estetik\u0105 ir funkcionalum\u0105. Paprastas, ta\u010diau eleganti\u0161kas dizainas puikiai tinka svetain\u0117ms, miegamiesiems ir biurams. Trij\u0173 spalv\u0173 pasirinkimas leid\u017eia lengvai priderinti lentyn\u0105 prie esam\u0173 bald\u0173, tod\u0117l ji yra universalus dizaino elementas. Tvirta konstrukcija u\u017etikrina patvarum\u0105 ir ilgalaik\u0119 investicij\u0105. \u201eIndianapolis-11\u201c lentynos montavimas yra paprastas ir intuityvus, tod\u0117l galite j\u0105 patys sumontuoti bet kurioje savo nam\u0173 vietoje. Auk\u0161tos kokyb\u0117s med\u017eiag\u0173 naudojimas garantuoja ne tik estetik\u0105, bet ir lengv\u0105 valym\u0105, o tai itin svarbu kasdien naudojant. Tai leid\u017eia jums sutelkti d\u0117mes\u012f \u012f tai, kas svarbiausia \u2013 sukurti erdv\u0119, kuri atspind\u0117t\u0173 j\u016bs\u0173 poreikius ir gyvenimo b\u016bd\u0105.<\/p>","protected":false},"excerpt":{"rendered":"<p>Plotis (cm): 120<br \/>\n\u016agis (cm): 32<br \/>\nGylis (cm): 18<\/p>","protected":false},"featured_media":166626,"comment_status":"open","ping_status":"open","template":"","meta":[],"product_brand":[],"product_cat":[9507,1174,4108],"product_tag":[],"class_list":{"0":"post-166625","1":"product","2":"type-product","3":"status-publish","4":"has-post-thumbnail","6":"product_cat-furniture-system-indianapolis-jarstol-meble","7":"product_cat-hanging-shelves","8":"product_cat-jarstol","10":"first","11":"instock","12":"purchasable","13":"product-type-simple"},"_links":{"self":[{"href":"https:\/\/baldumarket.lt\/lt\/wp-json\/wp\/v2\/product\/166625","targetHints":{"allow":["GET"]}}],"collection":[{"href":"https:\/\/baldumarket.lt\/lt\/wp-json\/wp\/v2\/product"}],"about":[{"href":"https:\/\/baldumarket.lt\/lt\/wp-json\/wp\/v2\/types\/product"}],"replies":[{"embeddable":true,"href":"https:\/\/baldumarket.lt\/lt\/wp-json\/wp\/v2\/comments?post=166625"}],"wp:featuredmedia":[{"embeddable":true,"href":"https:\/\/baldumarket.lt\/lt\/wp-json\/wp\/v2\/media\/166626"}],"wp:attachment":[{"href":"https:\/\/baldumarket.lt\/lt\/wp-json\/wp\/v2\/media?parent=166625"}],"wp:term":[{"taxonomy":"product_brand","embeddable":true,"href":"https:\/\/baldumarket.lt\/lt\/wp-json\/wp\/v2\/product_brand?post=166625"},{"taxonomy":"product_cat","embeddable":true,"href":"https:\/\/baldumarket.lt\/lt\/wp-json\/wp\/v2\/product_cat?post=166625"},{"taxonomy":"product_tag","embeddable":true,"href":"https:\/\/baldumarket.lt\/lt\/wp-json\/wp\/v2\/product_tag?post=166625"}],"curies":[{"name":"wp","href":"https:\/\/api.w.org\/{rel}","templated":true}]}}