{"id":166620,"date":"2025-12-19T16:07:02","date_gmt":"2025-12-19T13:07:02","guid":{"rendered":"https:\/\/baldumarket.lt\/product\/indianapolis-11-polka-wiszaca-kraft-bialy\/"},"modified":"2026-02-09T12:28:32","modified_gmt":"2026-02-09T09:28:32","slug":"indianapolis-11-polka-wiszaca-kraft-bialy","status":"publish","type":"product","link":"https:\/\/baldumarket.lt\/lt\/product\/indianapolis-11-polka-wiszaca-kraft-bialy\/","title":{"rendered":"INDIANAPOLIS-11 \u2013 Kraft balta pakabinama lentyna"},"content":{"rendered":"<p>\u201eKraft White\u201c pakabinama lentyna i\u0161 \u201eIndianapolis\u201c kolekcijos \u2013 puikus sprendimas tiems, kurie ie\u0161ko paprastumo ir elegancijos savo interjere. Pagaminta i\u0161 auk\u0161tos kokyb\u0117s laminuotos plok\u0161t\u0117s, kuri yra ne tik esteti\u0161kai patraukli, bet ir patvari, \u0161i lentyna taps stilingu akcentu j\u016bs\u0173 kambaryje. Minimalistinis dizainas leid\u017eia jai puikiai der\u0117ti prie \u012fvairi\u0173 interjer\u0173 \u2013 tiek moderni\u0173, tiek klasikini\u0173. Svajojate apie erdv\u0119, kuri skatint\u0173 ir atsipalaidavim\u0105, ir \u012fkv\u0117pim\u0105? \u201eIndianapolis\u201c lentyna \u201eKraft White\u201c puikiai tinka laikyti m\u0117gstamas knygas, dekoracijas ar \u0161eimos nuotraukas. 120 cm plo\u010dio ir 32 cm auk\u0161\u010dio lentyna lengvai sutalpins visus j\u016bs\u0173 lobius neu\u017eimdama per daug vietos. \u0160is baldas ne tik puo\u0161ia, bet ir atlieka praktin\u0119 funkcij\u0105, \u012fne\u0161damas tvarkos \u012f j\u016bs\u0173 interjer\u0105. \u0160ios lentynos pasirinkimas taip pat yra \u017eingsnis tvarkant savo gyvenim\u0105. Galite j\u0105 pakabinti savo svetain\u0117je, miegamajame ar net biure \u2013 ji suteiks \u017eavesio ir pad\u0117s palaikyti tvark\u0105 bet kurioje i\u0161 \u0161i\u0173 viet\u0173. D\u0117l kompakti\u0161k\u0173 matmen\u0173 (18 cm gylio) ji puikiai tinka net ir ma\u017eesn\u0117ms erdv\u0117ms. \u201eKraft White\u201c pakabinama lentyna \u2013 tai pasirinkimas, atspindintis \u201eJarstol\u201c prek\u0117s \u017eenklo filosofij\u0105, kuri pabr\u0117\u017eia funkcionalum\u0105 ir estetik\u0105 kiekvienoje detal\u0117je.<\/p>","protected":false},"excerpt":{"rendered":"<p>Plotis (cm): 120<br \/>\n\u016agis (cm): 32<br \/>\nGylis (cm): 18<\/p>","protected":false},"featured_media":166621,"comment_status":"open","ping_status":"open","template":"","meta":[],"product_brand":[],"product_cat":[9507,1174,4108],"product_tag":[],"class_list":{"0":"post-166620","1":"product","2":"type-product","3":"status-publish","4":"has-post-thumbnail","6":"product_cat-furniture-system-indianapolis-jarstol-meble","7":"product_cat-hanging-shelves","8":"product_cat-jarstol","10":"first","11":"instock","12":"purchasable","13":"product-type-simple"},"_links":{"self":[{"href":"https:\/\/baldumarket.lt\/lt\/wp-json\/wp\/v2\/product\/166620","targetHints":{"allow":["GET"]}}],"collection":[{"href":"https:\/\/baldumarket.lt\/lt\/wp-json\/wp\/v2\/product"}],"about":[{"href":"https:\/\/baldumarket.lt\/lt\/wp-json\/wp\/v2\/types\/product"}],"replies":[{"embeddable":true,"href":"https:\/\/baldumarket.lt\/lt\/wp-json\/wp\/v2\/comments?post=166620"}],"wp:featuredmedia":[{"embeddable":true,"href":"https:\/\/baldumarket.lt\/lt\/wp-json\/wp\/v2\/media\/166621"}],"wp:attachment":[{"href":"https:\/\/baldumarket.lt\/lt\/wp-json\/wp\/v2\/media?parent=166620"}],"wp:term":[{"taxonomy":"product_brand","embeddable":true,"href":"https:\/\/baldumarket.lt\/lt\/wp-json\/wp\/v2\/product_brand?post=166620"},{"taxonomy":"product_cat","embeddable":true,"href":"https:\/\/baldumarket.lt\/lt\/wp-json\/wp\/v2\/product_cat?post=166620"},{"taxonomy":"product_tag","embeddable":true,"href":"https:\/\/baldumarket.lt\/lt\/wp-json\/wp\/v2\/product_tag?post=166620"}],"curies":[{"name":"wp","href":"https:\/\/api.w.org\/{rel}","templated":true}]}}