{"id":166614,"date":"2025-12-19T16:06:49","date_gmt":"2025-12-19T13:06:49","guid":{"rendered":"https:\/\/baldumarket.lt\/product\/indianapolis-10-komoda-rtv-2-drzwiowa-jesion-ciemny\/"},"modified":"2026-02-09T12:28:32","modified_gmt":"2026-02-09T09:28:32","slug":"indianapolis-10-komoda-rtv-2-drzwiowa-jesion-ciemny","status":"publish","type":"product","link":"https:\/\/baldumarket.lt\/lt\/product\/indianapolis-10-komoda-rtv-2-drzwiowa-jesion-ciemny\/","title":{"rendered":"INDIANAPOLIS-10 \u2013 2 dur\u0173 TV spintel\u0117, tamsaus uosio spalvos"},"content":{"rendered":"<p>Si\u016blome \u201cIndianapolis\u201d 2 dur\u0173 televizoriaus spintel\u0119, kuri subtiliai suteiks elegancijos ir modernumo j\u016bs\u0173 interjerui. Tamsaus uosio apdaila puikiai atspindi dabartines tendencijas, suteikdama \u0161ilumos ir klas\u0117s bet kuriam kambariui. Minimalistinis dizainas idealiai tinka tiek svetainei, tiek miegamajam, sukurdamas harmoning\u0105 erdv\u0119, kurioje gal\u0117site m\u0117gautis atsipalaidavimo akimirkomis. D\u0117l kompakti\u0161ko dyd\u017eio (plotis 96 cm, auk\u0161tis 72,5 cm, gylis 42 cm) \u201cIndianapolis\u201d spintel\u0117 tiks ma\u017eesniuose kambariuose, nejausdama per didelio t\u016brio. Nepaisant plonos formos, ji suteikia daug vietos j\u016bs\u0173 televizoriaus \u012frangai. Pagrindin\u0117 spintel\u0117 su erdvia lentyna suteikia funkcionalumo, o vir\u0161utin\u0117 lentyna puikiai tinka dekoderiui, knygoms ar ma\u017eiems dekoravimams, papildantiems interjer\u0105. Taip pat verta d\u0117mesio \u0161ios spintel\u0117s i\u0161skirtinumui. Eleganti\u0161kos matin\u0117s juodos spalvos metalin\u0117s ranken\u0117l\u0117s pabr\u0117\u017eia modern\u0173 baldo charakter\u012f ir tvirtum\u0105. M\u016bs\u0173 televizoriaus spintel\u0117 yra ne tik esteti\u0161kai patraukli, bet ir atitinka kasdienio naudojimo poreikius d\u0117l funkcionalaus i\u0161d\u0117stymo, kuris padeda sutvarkyti j\u016bs\u0173 \u012frang\u0105 ir priedus.<\/p>","protected":false},"excerpt":{"rendered":"<p>Plotis (cm): 96<br \/>\n\u016agis (cm): 72,5<br \/>\nGylis (cm): 18<\/p>","protected":false},"featured_media":166615,"comment_status":"open","ping_status":"open","template":"","meta":[],"product_brand":[],"product_cat":[9507,4108,1175],"product_tag":[],"class_list":{"0":"post-166614","1":"product","2":"type-product","3":"status-publish","4":"has-post-thumbnail","6":"product_cat-furniture-system-indianapolis-jarstol-meble","7":"product_cat-jarstol","8":"product_cat-tv-stands","10":"first","11":"instock","12":"purchasable","13":"product-type-simple"},"_links":{"self":[{"href":"https:\/\/baldumarket.lt\/lt\/wp-json\/wp\/v2\/product\/166614","targetHints":{"allow":["GET"]}}],"collection":[{"href":"https:\/\/baldumarket.lt\/lt\/wp-json\/wp\/v2\/product"}],"about":[{"href":"https:\/\/baldumarket.lt\/lt\/wp-json\/wp\/v2\/types\/product"}],"replies":[{"embeddable":true,"href":"https:\/\/baldumarket.lt\/lt\/wp-json\/wp\/v2\/comments?post=166614"}],"wp:featuredmedia":[{"embeddable":true,"href":"https:\/\/baldumarket.lt\/lt\/wp-json\/wp\/v2\/media\/166615"}],"wp:attachment":[{"href":"https:\/\/baldumarket.lt\/lt\/wp-json\/wp\/v2\/media?parent=166614"}],"wp:term":[{"taxonomy":"product_brand","embeddable":true,"href":"https:\/\/baldumarket.lt\/lt\/wp-json\/wp\/v2\/product_brand?post=166614"},{"taxonomy":"product_cat","embeddable":true,"href":"https:\/\/baldumarket.lt\/lt\/wp-json\/wp\/v2\/product_cat?post=166614"},{"taxonomy":"product_tag","embeddable":true,"href":"https:\/\/baldumarket.lt\/lt\/wp-json\/wp\/v2\/product_tag?post=166614"}],"curies":[{"name":"wp","href":"https:\/\/api.w.org\/{rel}","templated":true}]}}