{"id":166609,"date":"2025-12-19T16:06:39","date_gmt":"2025-12-19T13:06:39","guid":{"rendered":"https:\/\/baldumarket.lt\/product\/indianapolis-10-komoda-rtv-2-drzwiowa-jesion-jasny\/"},"modified":"2026-02-09T12:28:41","modified_gmt":"2026-02-09T09:28:41","slug":"indianapolis-10-komoda-rtv-2-drzwiowa-jesion-jasny","status":"publish","type":"product","link":"https:\/\/baldumarket.lt\/lt\/product\/indianapolis-10-komoda-rtv-2-drzwiowa-jesion-jasny\/","title":{"rendered":"INDIANAPOLIS-10 \u2013 2 dur\u0173 TV spintel\u0117, \u0161viesaus uosio spalvos"},"content":{"rendered":"<p>\u201eJarstol\u201c \u201eIndianapolis\u201c televizoriaus staliukas, pasi\u017eymintis elegancija ir funkcionalumu viename, yra puikus pasirinkimas tiems, kurie vertina stili\u0173 ir prakti\u0161kum\u0105. Apdailintas \u0161viesios uosio medienos apdaila, jis \u017eavi modernia i\u0161vaizda, suteikdamas bet kokiam kambariui gaivumo. D\u0117l plono 96 cm plo\u010dio jis puikiai tinka ma\u017eoms erdv\u0117ms ir yra patrauklus sprendimas multimedijos laikymui. \u0160is staliukas i\u0161siskiria detaliu dizainu ir apgalvotais sprendimais. Jame yra viena spintel\u0117 su erdvia lentyna, puikiai tinkan\u010dia \u012fvairiems aksesuarams. Lentyna vir\u0161 jos ne tik pagerina spintel\u0117s funkcionalum\u0105, bet ir yra puiki vieta dekoderiui ar smulkiems papuo\u0161alams, kurie pagyvina interjer\u0105. Metalin\u0117s ranken\u0117l\u0117s, subtiliai pabr\u0117\u017eian\u010dios vis\u0105 dizain\u0105, rodo, kad kiekviena detal\u0117 buvo kruop\u0161\u010diai suplanuota. \u0160viesios uosio medienos spalv\u0173 gama papildys \u012fvairius interjero stilius \u2013 nuo skandinavi\u0161ko iki modernaus minimalizmo. Universal\u016bs atspalviai leid\u017eia harmoningai der\u0117ti su kitais baldais, tod\u0117l \u0161i komoda yra universalus pasirinkimas bet kokiam interjerui. Be to, trij\u0173 skirting\u0173 spalv\u0173 pasirinkimas padidina pritaikymo galimybes pagal individualius pageidavimus. Ap\u0161vietimas galimas kaip papildoma parinktis, \u012fsigyjamas atskirai.<\/p>","protected":false},"excerpt":{"rendered":"<p>Plotis (cm): 96<br \/>\n\u016agis (cm): 72,5<br \/>\nGylis (cm): 42<\/p>","protected":false},"featured_media":166610,"comment_status":"open","ping_status":"open","template":"","meta":[],"product_brand":[],"product_cat":[9507,4108,1175],"product_tag":[],"class_list":{"0":"post-166609","1":"product","2":"type-product","3":"status-publish","4":"has-post-thumbnail","6":"product_cat-furniture-system-indianapolis-jarstol-meble","7":"product_cat-jarstol","8":"product_cat-tv-stands","10":"first","11":"instock","12":"purchasable","13":"product-type-simple"},"_links":{"self":[{"href":"https:\/\/baldumarket.lt\/lt\/wp-json\/wp\/v2\/product\/166609","targetHints":{"allow":["GET"]}}],"collection":[{"href":"https:\/\/baldumarket.lt\/lt\/wp-json\/wp\/v2\/product"}],"about":[{"href":"https:\/\/baldumarket.lt\/lt\/wp-json\/wp\/v2\/types\/product"}],"replies":[{"embeddable":true,"href":"https:\/\/baldumarket.lt\/lt\/wp-json\/wp\/v2\/comments?post=166609"}],"wp:featuredmedia":[{"embeddable":true,"href":"https:\/\/baldumarket.lt\/lt\/wp-json\/wp\/v2\/media\/166610"}],"wp:attachment":[{"href":"https:\/\/baldumarket.lt\/lt\/wp-json\/wp\/v2\/media?parent=166609"}],"wp:term":[{"taxonomy":"product_brand","embeddable":true,"href":"https:\/\/baldumarket.lt\/lt\/wp-json\/wp\/v2\/product_brand?post=166609"},{"taxonomy":"product_cat","embeddable":true,"href":"https:\/\/baldumarket.lt\/lt\/wp-json\/wp\/v2\/product_cat?post=166609"},{"taxonomy":"product_tag","embeddable":true,"href":"https:\/\/baldumarket.lt\/lt\/wp-json\/wp\/v2\/product_tag?post=166609"}],"curies":[{"name":"wp","href":"https:\/\/api.w.org\/{rel}","templated":true}]}}