{"id":166604,"date":"2025-12-19T16:06:29","date_gmt":"2025-12-19T13:06:29","guid":{"rendered":"https:\/\/baldumarket.lt\/product\/indianapolis-10-komoda-rtv-2-drzwiowa-kraft-bialy\/"},"modified":"2026-02-09T12:28:41","modified_gmt":"2026-02-09T09:28:41","slug":"indianapolis-10-komoda-rtv-2-drzwiowa-kraft-bialy","status":"publish","type":"product","link":"https:\/\/baldumarket.lt\/lt\/product\/indianapolis-10-komoda-rtv-2-drzwiowa-kraft-bialy\/","title":{"rendered":"INDIANAPOLIS-10 \u2013 Dviej\u0173 dur\u0173 TV spintel\u0117, Kraft White"},"content":{"rendered":"<p>Atraskite \u201eJarstol\u201c \u201eIndianapolis-10\u201c televizoriaus staliuk\u0105 \u2013 funkcionalumo ir modernaus dizaino derin\u012f. Unikali \u201eKraft White\u201c konstrukcija suteikia bet kokiam kambariui lengvumo ir elegancijos. Tai puikus sprendimas ma\u017eoms erdv\u0117ms, kur estetika dera su prakti\u0161kumu. D\u0117l kompakti\u0161k\u0173 96 cm plo\u010dio, 72,5 cm auk\u0161\u010dio ir 42 cm gylio matmen\u0173 jis telpa bet kuriame kampe ir sukuria unikali\u0105 i\u0161vaizd\u0105. Stovas sukurtas atsi\u017evelgiant \u012f kasdien\u012f naudojim\u0105. Jame yra viena spintel\u0117 su erdvia lentyna, tod\u0117l jis idealiai tinka ne tik elektronikai, bet ir m\u0117gstamiems aksesuarams bei nieku\u010diams laikyti. Lentyna vir\u0161 spintel\u0117s puikiai tinka pried\u0117liui ar dekoratyviniams aksesuarams, kurie pagyvins j\u016bs\u0173 interjer\u0105. Tai u\u017etikrina, kad kiekvienas ras sau ka\u017ek\u0105 tinkamo \u2013 ir funkcionalumo, ir estetikos. Televizoriaus staliuko detal\u0117s yra tokios pat svarbios, kaip ir bendras dizainas. Metalin\u0117s rankenos pabr\u0117\u017eia modern\u0173 baldo charakter\u012f ir \u012frodo, kad d\u0117mesys detal\u0117ms yra raktas \u012f tobulum\u0105. Pasirink\u0119 \u201eIndianapolis-10\u201c, galite b\u016bti tikri, kad kiekviena detal\u0117 buvo kruop\u0161\u010diai apgalvota, padidinant komfort\u0105. Be to, spintel\u0117s pasirinkimas trij\u0173 mading\u0173 spalv\u0173 leid\u017eia j\u0105 lengvai papildyti \u012fvairiais interjero dizaino stiliais. Ap\u0161vietimas gali b\u016bti papildomas pasirinkimas, \u012fsigyjamas atskirai.<\/p>","protected":false},"excerpt":{"rendered":"<p>Plotis (cm): 96<br \/>\n\u016agis (cm): 72,5<br \/>\nGylis (cm): 42<\/p>","protected":false},"featured_media":166605,"comment_status":"open","ping_status":"open","template":"","meta":[],"product_brand":[],"product_cat":[9507,4108,1175],"product_tag":[],"class_list":{"0":"post-166604","1":"product","2":"type-product","3":"status-publish","4":"has-post-thumbnail","6":"product_cat-furniture-system-indianapolis-jarstol-meble","7":"product_cat-jarstol","8":"product_cat-tv-stands","10":"first","11":"instock","12":"purchasable","13":"product-type-simple"},"_links":{"self":[{"href":"https:\/\/baldumarket.lt\/lt\/wp-json\/wp\/v2\/product\/166604","targetHints":{"allow":["GET"]}}],"collection":[{"href":"https:\/\/baldumarket.lt\/lt\/wp-json\/wp\/v2\/product"}],"about":[{"href":"https:\/\/baldumarket.lt\/lt\/wp-json\/wp\/v2\/types\/product"}],"replies":[{"embeddable":true,"href":"https:\/\/baldumarket.lt\/lt\/wp-json\/wp\/v2\/comments?post=166604"}],"wp:featuredmedia":[{"embeddable":true,"href":"https:\/\/baldumarket.lt\/lt\/wp-json\/wp\/v2\/media\/166605"}],"wp:attachment":[{"href":"https:\/\/baldumarket.lt\/lt\/wp-json\/wp\/v2\/media?parent=166604"}],"wp:term":[{"taxonomy":"product_brand","embeddable":true,"href":"https:\/\/baldumarket.lt\/lt\/wp-json\/wp\/v2\/product_brand?post=166604"},{"taxonomy":"product_cat","embeddable":true,"href":"https:\/\/baldumarket.lt\/lt\/wp-json\/wp\/v2\/product_cat?post=166604"},{"taxonomy":"product_tag","embeddable":true,"href":"https:\/\/baldumarket.lt\/lt\/wp-json\/wp\/v2\/product_tag?post=166604"}],"curies":[{"name":"wp","href":"https:\/\/api.w.org\/{rel}","templated":true}]}}