{"id":166598,"date":"2025-12-19T16:06:17","date_gmt":"2025-12-19T13:06:17","guid":{"rendered":"https:\/\/baldumarket.lt\/product\/indianapolis-17-komoda-1d4s-jesion-ciemny\/"},"modified":"2026-02-09T12:28:41","modified_gmt":"2026-02-09T09:28:41","slug":"indianapolis-17-komoda-1d4s-jesion-ciemny","status":"publish","type":"product","link":"https:\/\/baldumarket.lt\/lt\/product\/indianapolis-17-komoda-1d4s-jesion-ciemny\/","title":{"rendered":"INDIANAPOLIS-17 \u2013 1D4S Tamsaus uosio komoda"},"content":{"rendered":"<p>Komoda INDIANAPOLIS-17 \u2013 puikus pasirinkimas tiems, kurie vertina ne tik funkcionalum\u0105, bet ir eleganti\u0161k\u0105 stili\u0173. Pagaminta i\u0161 auk\u0161tos kokyb\u0117s laminuotos plok\u0161t\u0117s, tamsios uosio spalvos, \u0161i komoda neabejotinai suteiks klas\u0117s bet kokiam interjerui. D\u0117l sant\u016braus spalv\u0173 derinio ji puikiai tinka tiek miegamajam, tiek svetainei, tiek formalesn\u0117ms erdv\u0117ms, tokioms kaip biuras ar darbo kambarys. INDIANAPOLIS-17 komodos erdvumas yra negin\u010dijamas jos privalumas. Tur\u0117dami keturis erdvius stal\u010dius ir papildom\u0105 lentyn\u0105 \u0161onin\u0117je spintel\u0117je, galite lengvai susitvarkyti savo drabu\u017eius, dokumentus ir aksesuarus. D\u0117l apgalvoto vidaus i\u0161planavimo garantuojate, kad kiekvienas daiktas ras savo viet\u0105, tod\u0117l kasdienis naudojimas bus lengvesnis. Be funkcionalumo, komoda taip pat i\u0161siskiria esteti\u0161ka apdaila. Modernus dizainas ir metalin\u0117s rankenos suteikia jai unikal\u0173 charakter\u012f, tod\u0117l ji tampa neatsiejama interjero dalimi. Komoda atrodo i\u0161skirtinai gerai ir pati savaime, ta\u010diau ji taip pat gali puikiai papildyti kitus j\u016bs\u0173 interjero baldus.<\/p>","protected":false},"excerpt":{"rendered":"<p>Plotis (cm): 108,5<br \/>\n\u016agis (cm): 103,5<br \/>\nGylis (cm): 42<\/p>","protected":false},"featured_media":166599,"comment_status":"open","ping_status":"open","template":"","meta":[],"product_brand":[],"product_cat":[9507,1173,4108],"product_tag":[],"class_list":{"0":"post-166598","1":"product","2":"type-product","3":"status-publish","4":"has-post-thumbnail","6":"product_cat-furniture-system-indianapolis-jarstol-meble","7":"product_cat-chests-of-drawers","8":"product_cat-jarstol","10":"first","11":"instock","12":"purchasable","13":"product-type-simple"},"_links":{"self":[{"href":"https:\/\/baldumarket.lt\/lt\/wp-json\/wp\/v2\/product\/166598","targetHints":{"allow":["GET"]}}],"collection":[{"href":"https:\/\/baldumarket.lt\/lt\/wp-json\/wp\/v2\/product"}],"about":[{"href":"https:\/\/baldumarket.lt\/lt\/wp-json\/wp\/v2\/types\/product"}],"replies":[{"embeddable":true,"href":"https:\/\/baldumarket.lt\/lt\/wp-json\/wp\/v2\/comments?post=166598"}],"wp:featuredmedia":[{"embeddable":true,"href":"https:\/\/baldumarket.lt\/lt\/wp-json\/wp\/v2\/media\/166599"}],"wp:attachment":[{"href":"https:\/\/baldumarket.lt\/lt\/wp-json\/wp\/v2\/media?parent=166598"}],"wp:term":[{"taxonomy":"product_brand","embeddable":true,"href":"https:\/\/baldumarket.lt\/lt\/wp-json\/wp\/v2\/product_brand?post=166598"},{"taxonomy":"product_cat","embeddable":true,"href":"https:\/\/baldumarket.lt\/lt\/wp-json\/wp\/v2\/product_cat?post=166598"},{"taxonomy":"product_tag","embeddable":true,"href":"https:\/\/baldumarket.lt\/lt\/wp-json\/wp\/v2\/product_tag?post=166598"}],"curies":[{"name":"wp","href":"https:\/\/api.w.org\/{rel}","templated":true}]}}