{"id":166593,"date":"2025-12-19T16:06:07","date_gmt":"2025-12-19T13:06:07","guid":{"rendered":"https:\/\/baldumarket.lt\/product\/indianapolis-17-komoda-1d4s-jesion-jasny\/"},"modified":"2026-02-09T12:28:41","modified_gmt":"2026-02-09T09:28:41","slug":"indianapolis-17-komoda-1d4s-jesion-jasny","status":"publish","type":"product","link":"https:\/\/baldumarket.lt\/lt\/product\/indianapolis-17-komoda-1d4s-jesion-jasny\/","title":{"rendered":"INDIANAPOLIS-17 \u2013 Komoda 1D4S \u0161viesaus uosio spalvos"},"content":{"rendered":"<p>\u012esigykite INDANAPOLIS-17 komod\u0105, kad suteiktum\u0117te savo interjerui unikalumo. Pagaminta i\u0161 \u0161viesios uosio medienos, \u0161i patraukli komoda derina elegancij\u0105 ir modern\u0173 dizain\u0105, sukurdama harmoning\u0105 visum\u0105, kuri tikrai patrauks ak\u012f. Minimalistin\u0117 forma puikiai dera prie \u012fvairi\u0173 i\u0161d\u0117stym\u0173, tod\u0117l ji yra ne tik prakti\u0161kas elementas, bet ir dekoratyvus bet kurio kambario akcentas. Keturi erdv\u016bs stal\u010diai suteikia INDANAPOLIS-17 komodoje patog\u0173 drabu\u017ei\u0173, dokument\u0173 ir \u012fvairi\u0173 aksesuar\u0173 laikym\u0105. Be erdvi\u0173 stal\u010di\u0173, \u0161onin\u0117je dalyje yra spintel\u0117 su lentyna, leid\u017eianti maksimaliai i\u0161naudoti erdv\u0119. D\u0117l gerai apgalvotos organizacijos kiekvienas ras savo erdv\u0119, m\u0117gausis tvarka ir estetika. Puikiai tinkanti tiek miegamajam, tiek svetainei, komoda taip pat puikiai tiks biure ar darbo kambaryje. Universalus dizainas daro j\u0105 eleganti\u0161k\u0105, ta\u010diau pakankamai subtili\u0105, kad neu\u017ego\u017et\u0173 kit\u0173 interjero element\u0173. Metalin\u0117s rankenos suteikia modernumo ir originalumo, o med\u017eiaga, i\u0161 kurios ji pagaminta, garantuoja ilgaam\u017ei\u0161kum\u0105. Ap\u0161vietimas galimas kaip papildoma \u012franga, \u012fsigyjamas atskirai.<\/p>","protected":false},"excerpt":{"rendered":"<p>Plotis (cm): 108,5<br \/>\n\u016agis (cm): 103,5<br \/>\nGylis (cm): 42<\/p>","protected":false},"featured_media":166594,"comment_status":"open","ping_status":"open","template":"","meta":[],"product_brand":[],"product_cat":[9507,1173,4108],"product_tag":[],"class_list":{"0":"post-166593","1":"product","2":"type-product","3":"status-publish","4":"has-post-thumbnail","6":"product_cat-furniture-system-indianapolis-jarstol-meble","7":"product_cat-chests-of-drawers","8":"product_cat-jarstol","10":"first","11":"instock","12":"purchasable","13":"product-type-simple"},"_links":{"self":[{"href":"https:\/\/baldumarket.lt\/lt\/wp-json\/wp\/v2\/product\/166593","targetHints":{"allow":["GET"]}}],"collection":[{"href":"https:\/\/baldumarket.lt\/lt\/wp-json\/wp\/v2\/product"}],"about":[{"href":"https:\/\/baldumarket.lt\/lt\/wp-json\/wp\/v2\/types\/product"}],"replies":[{"embeddable":true,"href":"https:\/\/baldumarket.lt\/lt\/wp-json\/wp\/v2\/comments?post=166593"}],"wp:featuredmedia":[{"embeddable":true,"href":"https:\/\/baldumarket.lt\/lt\/wp-json\/wp\/v2\/media\/166594"}],"wp:attachment":[{"href":"https:\/\/baldumarket.lt\/lt\/wp-json\/wp\/v2\/media?parent=166593"}],"wp:term":[{"taxonomy":"product_brand","embeddable":true,"href":"https:\/\/baldumarket.lt\/lt\/wp-json\/wp\/v2\/product_brand?post=166593"},{"taxonomy":"product_cat","embeddable":true,"href":"https:\/\/baldumarket.lt\/lt\/wp-json\/wp\/v2\/product_cat?post=166593"},{"taxonomy":"product_tag","embeddable":true,"href":"https:\/\/baldumarket.lt\/lt\/wp-json\/wp\/v2\/product_tag?post=166593"}],"curies":[{"name":"wp","href":"https:\/\/api.w.org\/{rel}","templated":true}]}}