{"id":166588,"date":"2025-12-19T16:05:57","date_gmt":"2025-12-19T13:05:57","guid":{"rendered":"https:\/\/baldumarket.lt\/product\/indianapolis-17-komoda-1d4s-kraft-bialy\/"},"modified":"2026-02-09T12:28:41","modified_gmt":"2026-02-09T09:28:41","slug":"indianapolis-17-komoda-1d4s-kraft-bialy","status":"publish","type":"product","link":"https:\/\/baldumarket.lt\/lt\/product\/indianapolis-17-komoda-1d4s-kraft-bialy\/","title":{"rendered":"INDIANAPOLIS-17 \u2013 Komoda 1D4S Kraft White"},"content":{"rendered":"<p>Atraskite INDIANAPOLIS-17 komod\u0105 \u2013 tobul\u0105 elegancijos ir prakti\u0161kumo derin\u012f, kuris bet kokiam interjerui suteiks unikalumo. \u0160iltai balta meistri\u0161kumo meistri\u0161kumo d\u0117ka, \u0161i komoda yra \u012fsp\u016bdingo 108,5 cm plo\u010dio, 103,5 cm auk\u0161\u010dio ir 42 cm gylio, tod\u0117l puikiai tinka tiek miegamajam, tiek svetainei, tiek biurui. Minimalistinis dizainas traukia ak\u012f ir harmoningai dera prie \u012fvairi\u0173 interjero stili\u0173. \u0160i erdvi komoda turi keturis tvirtus stal\u010dius, kuriuose tilps visi j\u016bs\u0173 lobiai \u2013 nuo drabu\u017ei\u0173 iki dokument\u0173 ir aksesuar\u0173. D\u0117l i\u0161manaus dizaino galite pilnai i\u0161naudoti erdv\u0119, u\u017etikrindami, kad j\u016bs\u0173 m\u0117gstamiausi daiktai visada b\u016bt\u0173 po ranka. Be to, \u0161onin\u0117 spintel\u0117 su lentyna viduje yra puikus b\u016bdas sutvarkyti erdv\u0119 ir sukurti dar daugiau vietos daiktams susid\u0117ti. Funkcionalumas n\u0117ra vienintelis \u0161io baldo privalumas. Baltos spalvos meistri\u0161kumas papildo sidabrines metalines rankenas, suteikdamas visam baldui modernumo ir elegancijos. \u0160i indauja ne tik atlieka praktin\u0119 funkcij\u0105, bet ir tampa interjero puo\u0161mena, suteikian\u010dia stiliaus ir unikalumo. Jei ie\u0161kote baldo, kuris atrodyt\u0173 nuostabiai ir tur\u0117t\u0173 daug vietos daiktams susid\u0117ti, tai puikus pasirinkimas. Ap\u0161vietimas gali b\u016bti papildomai \u012fsigyjamas atskirai.<\/p>","protected":false},"excerpt":{"rendered":"<p>Plotis (cm): 108,5<br \/>\n\u016agis (cm): 103,5<br \/>\nGylis (cm): 42<\/p>","protected":false},"featured_media":166589,"comment_status":"open","ping_status":"open","template":"","meta":[],"product_brand":[],"product_cat":[9507,1173,4108],"product_tag":[],"class_list":{"0":"post-166588","1":"product","2":"type-product","3":"status-publish","4":"has-post-thumbnail","6":"product_cat-furniture-system-indianapolis-jarstol-meble","7":"product_cat-chests-of-drawers","8":"product_cat-jarstol","10":"first","11":"instock","12":"purchasable","13":"product-type-simple"},"_links":{"self":[{"href":"https:\/\/baldumarket.lt\/lt\/wp-json\/wp\/v2\/product\/166588","targetHints":{"allow":["GET"]}}],"collection":[{"href":"https:\/\/baldumarket.lt\/lt\/wp-json\/wp\/v2\/product"}],"about":[{"href":"https:\/\/baldumarket.lt\/lt\/wp-json\/wp\/v2\/types\/product"}],"replies":[{"embeddable":true,"href":"https:\/\/baldumarket.lt\/lt\/wp-json\/wp\/v2\/comments?post=166588"}],"wp:featuredmedia":[{"embeddable":true,"href":"https:\/\/baldumarket.lt\/lt\/wp-json\/wp\/v2\/media\/166589"}],"wp:attachment":[{"href":"https:\/\/baldumarket.lt\/lt\/wp-json\/wp\/v2\/media?parent=166588"}],"wp:term":[{"taxonomy":"product_brand","embeddable":true,"href":"https:\/\/baldumarket.lt\/lt\/wp-json\/wp\/v2\/product_brand?post=166588"},{"taxonomy":"product_cat","embeddable":true,"href":"https:\/\/baldumarket.lt\/lt\/wp-json\/wp\/v2\/product_cat?post=166588"},{"taxonomy":"product_tag","embeddable":true,"href":"https:\/\/baldumarket.lt\/lt\/wp-json\/wp\/v2\/product_tag?post=166588"}],"curies":[{"name":"wp","href":"https:\/\/api.w.org\/{rel}","templated":true}]}}