{"id":166582,"date":"2025-12-19T16:05:45","date_gmt":"2025-12-19T13:05:45","guid":{"rendered":"https:\/\/baldumarket.lt\/product\/indianapolis-2-szafa-1d1s-jesion-jasny\/"},"modified":"2026-02-09T12:28:41","modified_gmt":"2026-02-09T09:28:41","slug":"indianapolis-2-szafa-1d1s-jesion-jasny","status":"publish","type":"product","link":"https:\/\/baldumarket.lt\/lt\/product\/indianapolis-2-szafa-1d1s-jesion-jasny\/","title":{"rendered":"INDIANAPOLIS-2 \u2013 Spinta 1D1S \u0161viesaus uosio spalvos"},"content":{"rendered":"<p>Suteikite savo interjerui elegancijos su garsaus \u201eJarstol\u201c prek\u0117s \u017eenklo vien\u0173 dur\u0173 spinta INDIANAPOLIS-2. Subtilus, \u0161viesaus uosio apdailos dizainas ne tik \u017eavi estetiniu patrauklumu, bet ir puikiai dera tiek moderniame, tiek klasikiniame interjere. Kompakti\u0161ki matmenys \u2013 56 cm plo\u010dio, 192 cm auk\u0161\u010dio ir 58 cm gylio \u2013 idealiai tinka ma\u017eesn\u0117ms erdv\u0117ms, neu\u017eimant daug vietos. \u0160i stilinga spinta buvo sukurta atsi\u017evelgiant \u012f funkcionalum\u0105. Viduje rasite prakti\u0161k\u0105 drabu\u017ei\u0173 kabykl\u0105 patogiam daikt\u0173 laikymui, taip pat stal\u010di\u0173 aksesuarams ir nieku\u010diams. Be to, galite pritaikyti jos vid\u0173 pagal savo poreikius, pakeisdami kabykl\u0105 trimis lentynomis ir taip i\u0161pl\u0117sdami daikt\u0173 laikymo galimybes. Tai daro spint\u0105 idealiu sprendimu tiek drabu\u017eiams, tiek kitiems asmeniniams daiktams laikyti. Spintos INDIANAPOLIS-2 dizainas derina modernum\u0105 su klasikiniu stiliumi, tod\u0117l ji yra ne tik prakti\u0161kas, bet ir eleganti\u0161kas dizaino elementas. Sidabrin\u0117s ranken\u0117l\u0117s suteikia subtilumo, ta\u010diau i\u0161lieka lengvai naudojamos. Trij\u0173 spalv\u0173 pasirinkimas leid\u017eia pritaikyti spint\u0105 prie individuali\u0173 pageidavim\u0173 ir interjero stiliaus, tod\u0117l tai ne\u012ftik\u0117tinai universalus baldas.<\/p>","protected":false},"excerpt":{"rendered":"<p>Plotis (cm): 56<br \/>\n\u016agis (cm): 192<br \/>\nGylis (cm): 42<\/p>","protected":false},"featured_media":166583,"comment_status":"open","ping_status":"open","template":"","meta":[],"product_brand":[],"product_cat":[9507,4108,1177],"product_tag":[],"class_list":{"0":"post-166582","1":"product","2":"type-product","3":"status-publish","4":"has-post-thumbnail","6":"product_cat-furniture-system-indianapolis-jarstol-meble","7":"product_cat-jarstol","8":"product_cat-wardrobes","10":"first","11":"instock","12":"purchasable","13":"product-type-simple"},"_links":{"self":[{"href":"https:\/\/baldumarket.lt\/lt\/wp-json\/wp\/v2\/product\/166582","targetHints":{"allow":["GET"]}}],"collection":[{"href":"https:\/\/baldumarket.lt\/lt\/wp-json\/wp\/v2\/product"}],"about":[{"href":"https:\/\/baldumarket.lt\/lt\/wp-json\/wp\/v2\/types\/product"}],"replies":[{"embeddable":true,"href":"https:\/\/baldumarket.lt\/lt\/wp-json\/wp\/v2\/comments?post=166582"}],"wp:featuredmedia":[{"embeddable":true,"href":"https:\/\/baldumarket.lt\/lt\/wp-json\/wp\/v2\/media\/166583"}],"wp:attachment":[{"href":"https:\/\/baldumarket.lt\/lt\/wp-json\/wp\/v2\/media?parent=166582"}],"wp:term":[{"taxonomy":"product_brand","embeddable":true,"href":"https:\/\/baldumarket.lt\/lt\/wp-json\/wp\/v2\/product_brand?post=166582"},{"taxonomy":"product_cat","embeddable":true,"href":"https:\/\/baldumarket.lt\/lt\/wp-json\/wp\/v2\/product_cat?post=166582"},{"taxonomy":"product_tag","embeddable":true,"href":"https:\/\/baldumarket.lt\/lt\/wp-json\/wp\/v2\/product_tag?post=166582"}],"curies":[{"name":"wp","href":"https:\/\/api.w.org\/{rel}","templated":true}]}}