{"id":166576,"date":"2025-12-19T16:05:34","date_gmt":"2025-12-19T13:05:34","guid":{"rendered":"https:\/\/baldumarket.lt\/product\/indianapolis-2-szafa-1d1s-kraft-bialy\/"},"modified":"2026-02-09T12:28:41","modified_gmt":"2026-02-09T09:28:41","slug":"indianapolis-2-szafa-1d1s-kraft-bialy","status":"publish","type":"product","link":"https:\/\/baldumarket.lt\/lt\/product\/indianapolis-2-szafa-1d1s-kraft-bialy\/","title":{"rendered":"INDIANAPOLIS-2 \u2013 Spinta 1D1S Kraft balta"},"content":{"rendered":"<p>\u201eIndianapolis-2\u201c spinta, kurios spalva \u2013 balta, lengvai \u012fsilieja \u012f bet kok\u012f interjer\u0105 ir suteikia jai modernumo. Matin\u0117s juodos rankenos suteikia rafinuotumo ir ne tik esteti\u0161kai patraukl\u0173, bet ir prakti\u0161k\u0105 kasdieniam naudojimui. Vien\u0173 dur\u0173 \u201eIndianapolis-2\u201c spinta sukurta taip, kad maksimaliai i\u0161naudot\u0173 erdv\u0119, tod\u0117l puikiai tinka ma\u017eoms erdv\u0117ms. D\u0117l \u012fmontuoto b\u0117gelio galite lengvai pakabinti m\u0117gstamus drabu\u017eius, o papildomame stal\u010diuje puikiai tinka laikyti smulkius daiktus ar aksesuarus. D\u0117l kompakti\u0161k\u0173 matmen\u0173 spinta neu\u017eima daug vietos, ta\u010diau vis tiek pasi\u017eymi reikalingu funkcionalumu. Be to, netradicinis spintos dizainas leid\u017eia j\u0105 pritaikyti individualiai. Jei norite tvarkingesnio daikt\u0173 laikymo, b\u0117gel\u012f galite pakeisti trimis lentynomis. Taip atsiras daugiau vietos drabu\u017eiams ir kitiems b\u016btiniausiems daiktams \u2013 nesvarbu, ar tai b\u016bt\u0173 papildomos antklod\u0117s, vadov\u0117liai, ar vasaros ir \u017eiemos drabu\u017ei\u0173 spinta.<\/p>","protected":false},"excerpt":{"rendered":"<p>Plotis (cm): 56<br \/>\n\u016agis (cm): 192<br \/>\nGylis (cm): 58<\/p>","protected":false},"featured_media":166577,"comment_status":"open","ping_status":"open","template":"","meta":[],"product_brand":[],"product_cat":[9507,4108,1177],"product_tag":[],"class_list":{"0":"post-166576","1":"product","2":"type-product","3":"status-publish","4":"has-post-thumbnail","6":"product_cat-furniture-system-indianapolis-jarstol-meble","7":"product_cat-jarstol","8":"product_cat-wardrobes","10":"first","11":"instock","12":"purchasable","13":"product-type-simple"},"_links":{"self":[{"href":"https:\/\/baldumarket.lt\/lt\/wp-json\/wp\/v2\/product\/166576","targetHints":{"allow":["GET"]}}],"collection":[{"href":"https:\/\/baldumarket.lt\/lt\/wp-json\/wp\/v2\/product"}],"about":[{"href":"https:\/\/baldumarket.lt\/lt\/wp-json\/wp\/v2\/types\/product"}],"replies":[{"embeddable":true,"href":"https:\/\/baldumarket.lt\/lt\/wp-json\/wp\/v2\/comments?post=166576"}],"wp:featuredmedia":[{"embeddable":true,"href":"https:\/\/baldumarket.lt\/lt\/wp-json\/wp\/v2\/media\/166577"}],"wp:attachment":[{"href":"https:\/\/baldumarket.lt\/lt\/wp-json\/wp\/v2\/media?parent=166576"}],"wp:term":[{"taxonomy":"product_brand","embeddable":true,"href":"https:\/\/baldumarket.lt\/lt\/wp-json\/wp\/v2\/product_brand?post=166576"},{"taxonomy":"product_cat","embeddable":true,"href":"https:\/\/baldumarket.lt\/lt\/wp-json\/wp\/v2\/product_cat?post=166576"},{"taxonomy":"product_tag","embeddable":true,"href":"https:\/\/baldumarket.lt\/lt\/wp-json\/wp\/v2\/product_tag?post=166576"}],"curies":[{"name":"wp","href":"https:\/\/api.w.org\/{rel}","templated":true}]}}