{"id":166569,"date":"2025-12-19T16:05:20","date_gmt":"2025-12-19T13:05:20","guid":{"rendered":"https:\/\/baldumarket.lt\/product\/indianapolis-4-witryna-2-drzwiowa-jesion-ciemny\/"},"modified":"2026-02-09T12:28:41","modified_gmt":"2026-02-09T09:28:41","slug":"indianapolis-4-witryna-2-drzwiowa-jesion-ciemny","status":"publish","type":"product","link":"https:\/\/baldumarket.lt\/lt\/product\/indianapolis-4-witryna-2-drzwiowa-jesion-ciemny\/","title":{"rendered":"INDIANAPOLIS-4 \u2013 2 dur\u0173 vitrina, tamsaus uosio spalvos"},"content":{"rendered":"<p>INDIANAPOLIS-4 2 dur\u0173 vitrina tamsaus uosio atspalvio \u2013 puikus sprendimas tiems, kurie vertina elegancijos ir funkcionalumo derin\u012f. 192 cm auk\u0161tis ir 56 cm plotis puikiai tinka tiek erdviai svetainei, tiek jaukiam miegamajam. Tamsi korpuso spalva, pagaminta i\u0161 laminuotos \u201eKronospan\u201c plok\u0161t\u0117s, suteikia jai subtilios klas\u0117s ir unikalaus charakterio. \u0160is unikalus baldas turi stiklines lentynas, kuriose galite eksponuoti m\u0117gstamus papuo\u0161alus, porcelian\u0105 ar vertingus suvenyrus. Papildoma spintel\u0117 apa\u010dioje su viena lentyna suteikia puiki\u0105 viet\u0105 drabu\u017eiams ir aksesuarams laikyti. Vitrin\u0105 galite pritaikyti pagal savo poreikius \u2013 pasirinkti stiklinius arba vientisus fasadus arba netgi prid\u0117ti LED ap\u0161vietim\u0105 vir\u0161uje ir lentynose, kad pabr\u0117\u017etum\u0117te laikom\u0173 daikt\u0173 gro\u017e\u012f. Ap\u0161vietimas gali b\u016bti papildomas priedas, \u012fsigyjamas atskirai. INDIANAPOLIS-4 vitrina yra ne tik funkcionalus baldas, bet ir dekoratyvinis elementas, suteikiantis j\u016bs\u0173 interjerui unikal\u0173 stili\u0173. Subtilios detal\u0117s, tokios kaip matin\u0117 juoda rankena ir metaliniai vyriai, pabr\u0117\u017eia baldo modern\u0173 charakter\u012f. Galite b\u016bti tikri, kad \u0161is produktas prad\u017eiugins j\u016bs\u0173 sve\u010dius ir suteiks j\u016bs\u0173 namams prabangos.<\/p>","protected":false},"excerpt":{"rendered":"<p>Plotis (cm): 56<br \/>\n\u016agis (cm): 192<br \/>\nGylis (cm): 58<\/p>","protected":false},"featured_media":166570,"comment_status":"open","ping_status":"open","template":"","meta":[],"product_brand":[],"product_cat":[9507,4108,2006],"product_tag":[],"class_list":{"0":"post-166569","1":"product","2":"type-product","3":"status-publish","4":"has-post-thumbnail","6":"product_cat-furniture-system-indianapolis-jarstol-meble","7":"product_cat-jarstol","8":"product_cat-vitrines","10":"first","11":"instock","12":"purchasable","13":"product-type-simple"},"_links":{"self":[{"href":"https:\/\/baldumarket.lt\/lt\/wp-json\/wp\/v2\/product\/166569","targetHints":{"allow":["GET"]}}],"collection":[{"href":"https:\/\/baldumarket.lt\/lt\/wp-json\/wp\/v2\/product"}],"about":[{"href":"https:\/\/baldumarket.lt\/lt\/wp-json\/wp\/v2\/types\/product"}],"replies":[{"embeddable":true,"href":"https:\/\/baldumarket.lt\/lt\/wp-json\/wp\/v2\/comments?post=166569"}],"wp:featuredmedia":[{"embeddable":true,"href":"https:\/\/baldumarket.lt\/lt\/wp-json\/wp\/v2\/media\/166570"}],"wp:attachment":[{"href":"https:\/\/baldumarket.lt\/lt\/wp-json\/wp\/v2\/media?parent=166569"}],"wp:term":[{"taxonomy":"product_brand","embeddable":true,"href":"https:\/\/baldumarket.lt\/lt\/wp-json\/wp\/v2\/product_brand?post=166569"},{"taxonomy":"product_cat","embeddable":true,"href":"https:\/\/baldumarket.lt\/lt\/wp-json\/wp\/v2\/product_cat?post=166569"},{"taxonomy":"product_tag","embeddable":true,"href":"https:\/\/baldumarket.lt\/lt\/wp-json\/wp\/v2\/product_tag?post=166569"}],"curies":[{"name":"wp","href":"https:\/\/api.w.org\/{rel}","templated":true}]}}