{"id":166563,"date":"2025-12-19T16:05:07","date_gmt":"2025-12-19T13:05:07","guid":{"rendered":"https:\/\/baldumarket.lt\/product\/indianapolis-4-witryna-2-drzwiowa-jesion-jasny\/"},"modified":"2026-02-09T12:28:49","modified_gmt":"2026-02-09T09:28:49","slug":"indianapolis-4-witryna-2-drzwiowa-jesion-jasny","status":"publish","type":"product","link":"https:\/\/baldumarket.lt\/lt\/product\/indianapolis-4-witryna-2-drzwiowa-jesion-jasny\/","title":{"rendered":"INDIANAPOLIS-4 \u2013 2 dur\u0173 vitrina, \u0161viesaus uosio spalvos"},"content":{"rendered":"<p>INDIANAPOLIS-4 vitrina i\u0161 uosio medienos suteiks j\u016bs\u0173 kambariui modernumo, o subtilus gr\u016bdinto stiklo blizgesys \u2013 lengvumo. Auk\u0161tas spintel\u0117s siluetas, kurio plotis \u2013 56 cm, auk\u0161tis \u2013 192 cm, o gylis \u2013 42 cm, tod\u0117l ji puikiai tinka tiek ma\u017eiems, tiek erdviems interjerams. INDIANAPOLIS-4 vitrinos funkcionalumas nusipelno ypatingo d\u0117mesio. Dvi stiklin\u0117s lentynos leis jums meistri\u0161kai eksponuoti m\u0117gstamus papuo\u0161alus, porcelian\u0105 ar suvenyrus, o apatin\u0117 spintel\u0117 su viena lentyna suteikia papildomos vietos drabu\u017eiams, aksesuarams ar dokumentams. D\u0117l kruop\u0161\u010diai apgalvoto dizaino \u0161is baldas puikiai derina estetik\u0105 ir prakti\u0161kum\u0105, tod\u0117l tai puikus sprendimas svetainei, miegamajam ar biurui. \u0160io baldo individualum\u0105 sustiprina galimyb\u0117 rinktis stiklin\u0119 arba vientis\u0105 priekin\u0119 dal\u012f, leid\u017eian\u010di\u0105 pritaikyti j\u012f pagal savo pageidavimus ir interjero stili\u0173. Be to, galimyb\u0117 vir\u0161uje ir lentynose \u012frengti LED ap\u0161vietim\u0105 padidina estetin\u0119 vert\u0119 ir vis\u0105 spintel\u0119 padaro dar patrauklesn\u0119 sutemus. Ap\u0161vietimas galimas kaip papildoma \u012franga, \u012fsigyjamas atskirai. INDIANAPOLIS-4 vitrina yra ne tik funkcionali, bet ir tikra dekoratyvin\u0117 detal\u0117 j\u016bs\u0173 namams.<\/p>","protected":false},"excerpt":{"rendered":"<p>Plotis (cm): 56<br \/>\n\u016agis (cm): 192<br \/>\nGylis (cm): 42<\/p>","protected":false},"featured_media":166564,"comment_status":"open","ping_status":"open","template":"","meta":[],"product_brand":[],"product_cat":[9507,4108,2006],"product_tag":[],"class_list":{"0":"post-166563","1":"product","2":"type-product","3":"status-publish","4":"has-post-thumbnail","6":"product_cat-furniture-system-indianapolis-jarstol-meble","7":"product_cat-jarstol","8":"product_cat-vitrines","10":"first","11":"instock","12":"purchasable","13":"product-type-simple"},"_links":{"self":[{"href":"https:\/\/baldumarket.lt\/lt\/wp-json\/wp\/v2\/product\/166563","targetHints":{"allow":["GET"]}}],"collection":[{"href":"https:\/\/baldumarket.lt\/lt\/wp-json\/wp\/v2\/product"}],"about":[{"href":"https:\/\/baldumarket.lt\/lt\/wp-json\/wp\/v2\/types\/product"}],"replies":[{"embeddable":true,"href":"https:\/\/baldumarket.lt\/lt\/wp-json\/wp\/v2\/comments?post=166563"}],"wp:featuredmedia":[{"embeddable":true,"href":"https:\/\/baldumarket.lt\/lt\/wp-json\/wp\/v2\/media\/166564"}],"wp:attachment":[{"href":"https:\/\/baldumarket.lt\/lt\/wp-json\/wp\/v2\/media?parent=166563"}],"wp:term":[{"taxonomy":"product_brand","embeddable":true,"href":"https:\/\/baldumarket.lt\/lt\/wp-json\/wp\/v2\/product_brand?post=166563"},{"taxonomy":"product_cat","embeddable":true,"href":"https:\/\/baldumarket.lt\/lt\/wp-json\/wp\/v2\/product_cat?post=166563"},{"taxonomy":"product_tag","embeddable":true,"href":"https:\/\/baldumarket.lt\/lt\/wp-json\/wp\/v2\/product_tag?post=166563"}],"curies":[{"name":"wp","href":"https:\/\/api.w.org\/{rel}","templated":true}]}}