{"id":166557,"date":"2025-12-19T16:04:52","date_gmt":"2025-12-19T13:04:52","guid":{"rendered":"https:\/\/baldumarket.lt\/product\/indianapolis-4-witryna-2-drzwiowa-kraft-bialy\/"},"modified":"2026-02-09T12:28:49","modified_gmt":"2026-02-09T09:28:49","slug":"indianapolis-4-witryna-2-drzwiowa-kraft-bialy","status":"publish","type":"product","link":"https:\/\/baldumarket.lt\/lt\/product\/indianapolis-4-witryna-2-drzwiowa-kraft-bialy\/","title":{"rendered":"INDIANAPOLIS-4 \u2013 2 dur\u0173 balta Kraft popieriaus vitrina"},"content":{"rendered":"<p>INDIANAPOLIS-4 vitrina \u2013 tai tobulas funkcionalumo ir modernaus stiliaus derinys, suteikiantis j\u016bs\u0173 interjerui elegancijos. Klasikin\u0117s Kraft baltos spalvos apdaila \u0161is baldas tikrai patrauks ak\u012f ir taps kambario traukos centru. D\u0117l gerai apgalvotos konstrukcijos ir minimalistinio dizaino jis puikiai tinka tiek moderniam, tiek tradiciniam interjerui, suteikdamas jam rafinuotumo. Auk\u0161tas spintel\u0117s formatas vizualiai i\u0161ple\u010dia j\u016bs\u0173 interjer\u0105 ir si\u016blo funkcionalius daikt\u0173 laikymo sprendimus. \u012erengtos stiklin\u0117s lentynos leid\u017eia efektyviai eksponuoti m\u0117gstamus papuo\u0161alus, porcelian\u0105 ar suvenyrus, suteikdamos kambariui asmeni\u0161kumo. Apatin\u0117 spintel\u0117 su viena lentyna yra puiki vieta laikyti knygas, dokumentus ar b\u016btiniausius aksesuarus, u\u017etikrinant tvark\u0105 bet kuriame kambaryje. Pasirinkus stiklin\u012f arba vientis\u0105 priekin\u012f pavir\u0161i\u0173, galite pritaikyti vitrin\u0105 pagal savo individual\u0173 stili\u0173. Be to, LED ap\u0161vietimas lentynoms ir stalvir\u0161iui pad\u0117s atskleisti vis\u0105 baldo estetin\u012f potencial\u0105 ir sukurti jauki\u0105 atmosfer\u0105 j\u016bs\u0173 namuose. Ap\u0161vietimas galimas kaip papildoma \u012franga, \u012fsigyjamas atskirai. INDINAPOLIS-4 vitrina yra ne tik prakti\u0161ka, bet ir stilinga, kuri \u012fne\u0161 naujos gyvyb\u0117s \u012f j\u016bs\u0173 interjer\u0105.<\/p>","protected":false},"excerpt":{"rendered":"<p>Plotis (cm): 56<br \/>\n\u016agis (cm): 192<br \/>\nGylis (cm): 42<\/p>","protected":false},"featured_media":166558,"comment_status":"open","ping_status":"open","template":"","meta":[],"product_brand":[],"product_cat":[9507,4108,2006],"product_tag":[],"class_list":{"0":"post-166557","1":"product","2":"type-product","3":"status-publish","4":"has-post-thumbnail","6":"product_cat-furniture-system-indianapolis-jarstol-meble","7":"product_cat-jarstol","8":"product_cat-vitrines","10":"first","11":"instock","12":"purchasable","13":"product-type-simple"},"_links":{"self":[{"href":"https:\/\/baldumarket.lt\/lt\/wp-json\/wp\/v2\/product\/166557","targetHints":{"allow":["GET"]}}],"collection":[{"href":"https:\/\/baldumarket.lt\/lt\/wp-json\/wp\/v2\/product"}],"about":[{"href":"https:\/\/baldumarket.lt\/lt\/wp-json\/wp\/v2\/types\/product"}],"replies":[{"embeddable":true,"href":"https:\/\/baldumarket.lt\/lt\/wp-json\/wp\/v2\/comments?post=166557"}],"wp:featuredmedia":[{"embeddable":true,"href":"https:\/\/baldumarket.lt\/lt\/wp-json\/wp\/v2\/media\/166558"}],"wp:attachment":[{"href":"https:\/\/baldumarket.lt\/lt\/wp-json\/wp\/v2\/media?parent=166557"}],"wp:term":[{"taxonomy":"product_brand","embeddable":true,"href":"https:\/\/baldumarket.lt\/lt\/wp-json\/wp\/v2\/product_brand?post=166557"},{"taxonomy":"product_cat","embeddable":true,"href":"https:\/\/baldumarket.lt\/lt\/wp-json\/wp\/v2\/product_cat?post=166557"},{"taxonomy":"product_tag","embeddable":true,"href":"https:\/\/baldumarket.lt\/lt\/wp-json\/wp\/v2\/product_tag?post=166557"}],"curies":[{"name":"wp","href":"https:\/\/api.w.org\/{rel}","templated":true}]}}