{"id":166551,"date":"2025-12-19T16:04:40","date_gmt":"2025-12-19T13:04:40","guid":{"rendered":"https:\/\/baldumarket.lt\/product\/indianapolis-5-regal-2-drzwiowy-jesion-ciemny\/"},"modified":"2026-02-09T12:28:49","modified_gmt":"2026-02-09T09:28:49","slug":"indianapolis-5-regal-2-drzwiowy-jesion-ciemny","status":"publish","type":"product","link":"https:\/\/baldumarket.lt\/lt\/product\/indianapolis-5-regal-2-drzwiowy-jesion-ciemny\/","title":{"rendered":"INDIANAPOLIS-5 \u2013 2 dur\u0173 knyg\u0173 lentyna, tamsios uosio spalvos"},"content":{"rendered":"<p>INDIANAPOLIS-5 \u2013 tai unikali knyg\u0173 lentyna, kurioje dera elegancija ir funkcionalumas, puikiai tinkanti bet kokiam interjerui. Tamsi uosio mediena suteikia namams klasikinio stiliaus ir harmonijos, kartu si\u016blydama prakti\u0161kus daikt\u0173 laikymo sprendimus. D\u0117l minimalistinio dizaino knyg\u0173 lentyna puikiai \u012fsilies tiek \u012f modern\u0173, tiek \u012f tradicin\u012f interjer\u0105 ir taps bet kurio kambario traukos centru. Knyg\u0173 lentynoje yra dvi lentynos ir apatin\u0117 spintel\u0117, leid\u017eianti tvarkingai susid\u0117ti knygas, papuo\u0161alus ir dokumentus. Tai ne tik suteikia stiling\u0105 akcent\u0105 j\u016bs\u0173 interjerui, bet ir yra i\u0161manus sprendimas erdv\u0117s organizavimui. 96 cm plo\u010dio ir 192 cm auk\u0161\u010dio knyg\u0173 lentyna yra pakankamai erdvi, kad joje tilpt\u0173 visi reikalingi daiktai, ta\u010diau pakankamai kompakti\u0161ka, kad neu\u017eimt\u0173 erdv\u0117s. LED foninis ap\u0161vietimas taip pat yra b\u016btinas, suteikiantis baldui unikal\u0173 charakter\u012f. Ap\u0161vietimas galimas kaip papildomas priedas, parduodamas atskirai. \u0160i savyb\u0117 ne tik patraukia ak\u012f, bet ir su\u0161ildo bet kurio kambario atmosfer\u0105, sukurdama jauki\u0105 viet\u0105 atsipalaiduoti po ilgos dienos. Matin\u0117s metalin\u0117s rankenos puikiai papildo visum\u0105, suteikdamos lentynai modern\u0173 ir eleganti\u0161k\u0105 stili\u0173.<\/p>","protected":false},"excerpt":{"rendered":"<p>Plotis (cm): 96<br \/>\n\u016agis (cm): 192<br \/>\nGylis (cm): 42<\/p>","protected":false},"featured_media":166552,"comment_status":"open","ping_status":"open","template":"","meta":[],"product_brand":[],"product_cat":[9507,4108,1987],"product_tag":[],"class_list":{"0":"post-166551","1":"product","2":"type-product","3":"status-publish","4":"has-post-thumbnail","6":"product_cat-furniture-system-indianapolis-jarstol-meble","7":"product_cat-jarstol","8":"product_cat-shelving-units","10":"first","11":"instock","12":"purchasable","13":"product-type-simple"},"_links":{"self":[{"href":"https:\/\/baldumarket.lt\/lt\/wp-json\/wp\/v2\/product\/166551","targetHints":{"allow":["GET"]}}],"collection":[{"href":"https:\/\/baldumarket.lt\/lt\/wp-json\/wp\/v2\/product"}],"about":[{"href":"https:\/\/baldumarket.lt\/lt\/wp-json\/wp\/v2\/types\/product"}],"replies":[{"embeddable":true,"href":"https:\/\/baldumarket.lt\/lt\/wp-json\/wp\/v2\/comments?post=166551"}],"wp:featuredmedia":[{"embeddable":true,"href":"https:\/\/baldumarket.lt\/lt\/wp-json\/wp\/v2\/media\/166552"}],"wp:attachment":[{"href":"https:\/\/baldumarket.lt\/lt\/wp-json\/wp\/v2\/media?parent=166551"}],"wp:term":[{"taxonomy":"product_brand","embeddable":true,"href":"https:\/\/baldumarket.lt\/lt\/wp-json\/wp\/v2\/product_brand?post=166551"},{"taxonomy":"product_cat","embeddable":true,"href":"https:\/\/baldumarket.lt\/lt\/wp-json\/wp\/v2\/product_cat?post=166551"},{"taxonomy":"product_tag","embeddable":true,"href":"https:\/\/baldumarket.lt\/lt\/wp-json\/wp\/v2\/product_tag?post=166551"}],"curies":[{"name":"wp","href":"https:\/\/api.w.org\/{rel}","templated":true}]}}