{"id":166546,"date":"2025-12-19T16:04:30","date_gmt":"2025-12-19T13:04:30","guid":{"rendered":"https:\/\/baldumarket.lt\/product\/indianapolis-5-regal-2-drzwiowy-jesion-jasny\/"},"modified":"2026-02-09T12:28:49","modified_gmt":"2026-02-09T09:28:49","slug":"indianapolis-5-regal-2-drzwiowy-jesion-jasny","status":"publish","type":"product","link":"https:\/\/baldumarket.lt\/lt\/product\/indianapolis-5-regal-2-drzwiowy-jesion-jasny\/","title":{"rendered":"INDIANAPOLIS-5 \u2013 2 dur\u0173 knyg\u0173 lentyna, \u0161viesaus uosio spalvos"},"content":{"rendered":"<p>\u201eIndianapolis-5\u201c dviej\u0173 dur\u0173 knyg\u0173 spinta \u2013 puikus sprendimas ie\u0161kantiems eleganti\u0161ko ir funkcionalaus baldo savo interjerui. Pagaminta i\u0161 \u0161viesaus uosio, \u0161i knyg\u0173 spinta bet kuriame kambaryje suteiks maloni\u0105, nat\u016brali\u0105 atmosfer\u0105 ir der\u0117s prie \u012fvairi\u0173 interjero stili\u0173. D\u0117l savo paprastumo ir universalumo ji puikiai tinka tiek svetain\u0117ms, tiek biurams, nes joje galima laikyti knygas, dekoracijas ir dokumentus. 192 cm auk\u0161\u010dio ir 96 cm plo\u010dio knyg\u0173 spintos suteikia daug vietos daiktams susid\u0117ti, neu\u017eimant per daug vietos. Dvi lentynos vir\u0161uje ir papildoma spintel\u0117 apa\u010dioje leid\u017eia organizuoti erdv\u0119 pagal savo poreikius. \u0160is prakti\u0161kas sprendimas palengvina tvarkos palaikym\u0105 ir tuo pa\u010diu metu suteikia stiliaus, tod\u0117l knyg\u0173 spinta tampa funkcionaliu dizaino elementu. Verta pamin\u0117ti, kad \u201eIndianapolis-5\u201c knyg\u0173 spint\u0105 galima papildyti pasirenkamu LED ap\u0161vietimu, kuris suteikia modernumo ir \u0161ilumos kambariui. Ap\u0161vietimas si\u016blomas kaip papildomas priedas, \u012fsigyjamas atskirai. Sidabrin\u0117s metalin\u0117s ranken\u0117l\u0117s subtiliai papildo bendr\u0105 dizain\u0105, suteikdamos baldui eleganti\u0161k\u0105 akcent\u0105. \u0160ios detal\u0117s u\u017etikrina, kad kiekvienas sve\u010dias tikrai pasteb\u0117s \u0161i\u0105 unikali\u0105 lentyn\u0105.<\/p>","protected":false},"excerpt":{"rendered":"<p>Plotis (cm): 96<br \/>\n\u016agis (cm): 192<br \/>\nGylis (cm): 42<\/p>","protected":false},"featured_media":166547,"comment_status":"open","ping_status":"open","template":"","meta":[],"product_brand":[],"product_cat":[9507,4108,1987],"product_tag":[],"class_list":{"0":"post-166546","1":"product","2":"type-product","3":"status-publish","4":"has-post-thumbnail","6":"product_cat-furniture-system-indianapolis-jarstol-meble","7":"product_cat-jarstol","8":"product_cat-shelving-units","10":"first","11":"instock","12":"purchasable","13":"product-type-simple"},"_links":{"self":[{"href":"https:\/\/baldumarket.lt\/lt\/wp-json\/wp\/v2\/product\/166546","targetHints":{"allow":["GET"]}}],"collection":[{"href":"https:\/\/baldumarket.lt\/lt\/wp-json\/wp\/v2\/product"}],"about":[{"href":"https:\/\/baldumarket.lt\/lt\/wp-json\/wp\/v2\/types\/product"}],"replies":[{"embeddable":true,"href":"https:\/\/baldumarket.lt\/lt\/wp-json\/wp\/v2\/comments?post=166546"}],"wp:featuredmedia":[{"embeddable":true,"href":"https:\/\/baldumarket.lt\/lt\/wp-json\/wp\/v2\/media\/166547"}],"wp:attachment":[{"href":"https:\/\/baldumarket.lt\/lt\/wp-json\/wp\/v2\/media?parent=166546"}],"wp:term":[{"taxonomy":"product_brand","embeddable":true,"href":"https:\/\/baldumarket.lt\/lt\/wp-json\/wp\/v2\/product_brand?post=166546"},{"taxonomy":"product_cat","embeddable":true,"href":"https:\/\/baldumarket.lt\/lt\/wp-json\/wp\/v2\/product_cat?post=166546"},{"taxonomy":"product_tag","embeddable":true,"href":"https:\/\/baldumarket.lt\/lt\/wp-json\/wp\/v2\/product_tag?post=166546"}],"curies":[{"name":"wp","href":"https:\/\/api.w.org\/{rel}","templated":true}]}}