{"id":166541,"date":"2025-12-19T16:04:20","date_gmt":"2025-12-19T13:04:20","guid":{"rendered":"https:\/\/baldumarket.lt\/product\/indianapolis-5-regal-2-drzwiowy-kraft-bialy\/"},"modified":"2026-02-09T12:28:49","modified_gmt":"2026-02-09T09:28:49","slug":"indianapolis-5-regal-2-drzwiowy-kraft-bialy","status":"publish","type":"product","link":"https:\/\/baldumarket.lt\/lt\/product\/indianapolis-5-regal-2-drzwiowy-kraft-bialy\/","title":{"rendered":"INDIANAPOLIS-5 \u2013 2 dur\u0173 balta knyg\u0173 lentyna i\u0161 kraft popieriaus"},"content":{"rendered":"<p>Atraskite elegancij\u0105 ir funkcionalum\u0105 su dviej\u0173 dur\u0173 \u201eJarstol\u201c baltos spalvos knyg\u0173 lentyna \u201eKraft White\u201c. \u0160is stilingas, 96 cm plo\u010dio ir 192 cm auk\u0161\u010dio baldas \u012fne\u0161 harmonijos ir tvarkos \u012f j\u016bs\u0173 interjer\u0105. Puikus modernaus dizaino ir prakti\u0161k\u0173 sprendim\u0173 derinys suteiks bet kokiam kambariui unikal\u0173 charakter\u012f. Pagaminta i\u0161 auk\u0161tos kokyb\u0117s laminuotos baltos spalvos plok\u0161t\u0117s, knyg\u0173 lentyna atrodo ne\u012ftik\u0117tinai eleganti\u0161kai. Metalin\u0117s ranken\u0117l\u0117s suteikia modernumo, o minimalistin\u0117 i\u0161vaizda puikiai tinka bet kokiam interjerui \u2013 tiek klasikiniam, tiek \u0161iuolaikiniam. Papildomai pasirenkant LED ap\u0161vietim\u0105, visa knyg\u0173 lentyna virsta vizualiai patrauklia erdve, suteikdama j\u016bs\u0173 namams \u0161ilumos ir malonios atmosferos. Ap\u0161vietimas gali b\u016bti \u012fsigyjamas atskirai. \u0160i prakti\u0161ka knyg\u0173 lentyna pasi\u017eymi ne tik estetika, bet ir funkcionalumu. Joje yra dvi erdvios lentynos, puikiai tinkan\u010dios knygoms, papuo\u0161alams ar dokumentams laikyti. Be to, apatin\u0117 spintel\u0117 suteikia dar daugiau vietos smulkiems daiktams, kuriuos norite laikyti po ranka. Tai puiki vieta laikyti visk\u0105, ko jums reikia, ir b\u016bdas palaikyti tvark\u0105 namuose.<\/p>","protected":false},"excerpt":{"rendered":"<p>Plotis (cm): 96<br \/>\n\u016agis (cm): 192<br \/>\nGylis (cm): 42<\/p>","protected":false},"featured_media":166542,"comment_status":"open","ping_status":"open","template":"","meta":[],"product_brand":[],"product_cat":[9507,4108,1987],"product_tag":[],"class_list":{"0":"post-166541","1":"product","2":"type-product","3":"status-publish","4":"has-post-thumbnail","6":"product_cat-furniture-system-indianapolis-jarstol-meble","7":"product_cat-jarstol","8":"product_cat-shelving-units","10":"first","11":"instock","12":"purchasable","13":"product-type-simple"},"_links":{"self":[{"href":"https:\/\/baldumarket.lt\/lt\/wp-json\/wp\/v2\/product\/166541","targetHints":{"allow":["GET"]}}],"collection":[{"href":"https:\/\/baldumarket.lt\/lt\/wp-json\/wp\/v2\/product"}],"about":[{"href":"https:\/\/baldumarket.lt\/lt\/wp-json\/wp\/v2\/types\/product"}],"replies":[{"embeddable":true,"href":"https:\/\/baldumarket.lt\/lt\/wp-json\/wp\/v2\/comments?post=166541"}],"wp:featuredmedia":[{"embeddable":true,"href":"https:\/\/baldumarket.lt\/lt\/wp-json\/wp\/v2\/media\/166542"}],"wp:attachment":[{"href":"https:\/\/baldumarket.lt\/lt\/wp-json\/wp\/v2\/media?parent=166541"}],"wp:term":[{"taxonomy":"product_brand","embeddable":true,"href":"https:\/\/baldumarket.lt\/lt\/wp-json\/wp\/v2\/product_brand?post=166541"},{"taxonomy":"product_cat","embeddable":true,"href":"https:\/\/baldumarket.lt\/lt\/wp-json\/wp\/v2\/product_cat?post=166541"},{"taxonomy":"product_tag","embeddable":true,"href":"https:\/\/baldumarket.lt\/lt\/wp-json\/wp\/v2\/product_tag?post=166541"}],"curies":[{"name":"wp","href":"https:\/\/api.w.org\/{rel}","templated":true}]}}