{"id":166533,"date":"2025-12-19T16:04:01","date_gmt":"2025-12-19T13:04:01","guid":{"rendered":"https:\/\/baldumarket.lt\/product\/indianapolis-6-komoda-2d2s-jesion-ciemny\/"},"modified":"2026-02-09T12:28:49","modified_gmt":"2026-02-09T09:28:49","slug":"indianapolis-6-komoda-2d2s-jesion-ciemny","status":"publish","type":"product","link":"https:\/\/baldumarket.lt\/lt\/product\/indianapolis-6-komoda-2d2s-jesion-ciemny\/","title":{"rendered":"INDIANAPOLIS-6 \u2013 2D2S komoda, tamsios spalvos"},"content":{"rendered":"<p>Atraskite nepaprast\u0105 \u201eIndianapolis-6\u201c indauja \u2013 tobul\u0105 stiliaus ir funkcionalumo derin\u012f, kuris suteiks j\u016bs\u0173 interjerui unikalaus charakterio. Subtilus tamsaus uosio apdailos derinys puikiai tinka \u012fvairiems interjerams \u2013 nuo klasikinio iki modernaus. 127 cm auk\u0161\u010dio indauja yra ne tik patrauklus dekoratyvinis elementas, bet ir prakti\u0161kas daikt\u0173 laikymo sprendimas. Apatin\u0117je dvidur\u0117s indaujaos dalyje yra erdvi spintel\u0117, o vidin\u0117 lentyna maksimaliai padidina daikt\u0173 saugojimo talp\u0105, padalydama erdv\u0119 perpus. Tai leid\u017eia pilnai i\u0161naudoti kiekvien\u0105 centimetr\u0105, tod\u0117l \u201eIndianapolis-6\u201c yra idealus sprendimas ma\u017eesn\u0117ms erdv\u0117ms. Be to, du erdv\u016bs stal\u010diai, atidaromi eleganti\u0161komis metalin\u0117mis rankenomis, suteikia puiki\u0105 viet\u0105 smulkiems daiktams ir aksesuarams, kuriuos norite laikyti po ranka. \u0160i indauja \u017eavi ne tik estetiniu patrauklumu, bet ir moderniomis savyb\u0117mis. Papildomai pasirenkamas LED stalvir\u0161io ap\u0161vietimas i\u0161ry\u0161kina baldo unikalum\u0105, suteikdamas jam modernumo ir stilingo spindesio. Ap\u0161vietimas galimas kaip papildomas priedas, \u012fsigyjamas atskirai. Tai puiki vieta eksponuoti m\u0117gstamas dekoracijas ar \u0161eimos nuotraukas, pagyvinanti erdv\u0119. \u201eIndianapolis-6\u201c indauja yra trij\u0173 eleganti\u0161k\u0173 spalv\u0173, tod\u0117l galite j\u0105 pritaikyti pagal savo individualius poreikius ir skon\u012f.<\/p>","protected":false},"excerpt":{"rendered":"<p>Plotis (cm): 76<br \/>\n\u016agis (cm): 127<br \/>\nGylis (cm): 42<\/p>","protected":false},"featured_media":166534,"comment_status":"open","ping_status":"open","template":"","meta":[],"product_brand":[],"product_cat":[9507,1173,4108],"product_tag":[],"class_list":{"0":"post-166533","1":"product","2":"type-product","3":"status-publish","4":"has-post-thumbnail","6":"product_cat-furniture-system-indianapolis-jarstol-meble","7":"product_cat-chests-of-drawers","8":"product_cat-jarstol","10":"first","11":"instock","12":"purchasable","13":"product-type-simple"},"_links":{"self":[{"href":"https:\/\/baldumarket.lt\/lt\/wp-json\/wp\/v2\/product\/166533","targetHints":{"allow":["GET"]}}],"collection":[{"href":"https:\/\/baldumarket.lt\/lt\/wp-json\/wp\/v2\/product"}],"about":[{"href":"https:\/\/baldumarket.lt\/lt\/wp-json\/wp\/v2\/types\/product"}],"replies":[{"embeddable":true,"href":"https:\/\/baldumarket.lt\/lt\/wp-json\/wp\/v2\/comments?post=166533"}],"wp:featuredmedia":[{"embeddable":true,"href":"https:\/\/baldumarket.lt\/lt\/wp-json\/wp\/v2\/media\/166534"}],"wp:attachment":[{"href":"https:\/\/baldumarket.lt\/lt\/wp-json\/wp\/v2\/media?parent=166533"}],"wp:term":[{"taxonomy":"product_brand","embeddable":true,"href":"https:\/\/baldumarket.lt\/lt\/wp-json\/wp\/v2\/product_brand?post=166533"},{"taxonomy":"product_cat","embeddable":true,"href":"https:\/\/baldumarket.lt\/lt\/wp-json\/wp\/v2\/product_cat?post=166533"},{"taxonomy":"product_tag","embeddable":true,"href":"https:\/\/baldumarket.lt\/lt\/wp-json\/wp\/v2\/product_tag?post=166533"}],"curies":[{"name":"wp","href":"https:\/\/api.w.org\/{rel}","templated":true}]}}