{"id":166527,"date":"2025-12-19T16:03:49","date_gmt":"2025-12-19T13:03:49","guid":{"rendered":"https:\/\/baldumarket.lt\/product\/indianapolis-6-komoda-2d2s-jesion-jasny\/"},"modified":"2026-02-09T12:28:49","modified_gmt":"2026-02-09T09:28:49","slug":"indianapolis-6-komoda-2d2s-jesion-jasny","status":"publish","type":"product","link":"https:\/\/baldumarket.lt\/lt\/product\/indianapolis-6-komoda-2d2s-jesion-jasny\/","title":{"rendered":"INDIANAPOLIS-6 \u2013 Komoda 2D2S \u0161viesaus uosio spalvos"},"content":{"rendered":"<p>\u201eJarstol\u201c komoda INDIANAPOLIS-6 \u2013 tikras lobis bet kokiam interjerui, kuriame dera elegancija ir funkcionalumas. Pagaminta i\u0161 \u0161viesaus uosio, unikalus dizainas suteikia kambariui nat\u016brali\u0105 atmosfer\u0105, puikiai tinkan\u010di\u0105 tiems, kurie vertina harmonij\u0105 ir stili\u0173. Subtilios linijos ir minimalistin\u0117 forma paver\u010dia \u0161i\u0105 komod\u0105 erdv\u0117s traukos centru, pritraukian\u010diu kiekvieno sve\u010dio d\u0117mes\u012f. 127 cm auk\u0161\u010dio ir 76 cm plo\u010dio komoda INDIANAPOLIS-6 \u2013 puikus sprendimas tiems, kurie ie\u0161ko efektyvaus erdv\u0117s organizavimo. Apatin\u0117je spintos dalyje yra dviej\u0173 dur\u0173 spinta, o vidin\u0117 lentyna padalija erdv\u0119, kad b\u016bt\u0173 maksimaliai i\u0161naudota daikt\u0173 laikymo vieta. Du papildomi stal\u010diai su subtiliomis metalin\u0117mis rankenomis suteikia puiki\u0105 viet\u0105 smulkiems daiktams laikyti, tod\u0117l kasdienyb\u0117 tampa dar paprastesn\u0117 ir organizuotesn\u0117. Komoda INDIANAPOLIS-6 taip pat si\u016blo galimyb\u0119 \u012frengti LED fonin\u012f ap\u0161vietim\u0105, kuris suteikia jai modernaus charakterio ir leid\u017eia suasmeninti interjer\u0105 pagal savo nuotaik\u0105. Ap\u0161vietimas galimas kaip papildomas priedas, \u012fsigyjamas atskirai. Galite rinktis i\u0161 trij\u0173 spalv\u0173 variant\u0173, tod\u0117l bald\u0105 priderinsite prie \u012fvairi\u0173 interjero dizain\u0173 ir stili\u0173. Nesvarbu, ar projektuojate modern\u0173 but\u0105, ar klasikin\u0119 erdv\u0119, \u0161i komoda tikrai papildys bet kok\u012f interjer\u0105.<\/p>","protected":false},"excerpt":{"rendered":"<p>Plotis (cm): 76<br \/>\n\u016agis (cm): 127<br \/>\nGylis (cm): 42<\/p>","protected":false},"featured_media":166528,"comment_status":"open","ping_status":"open","template":"","meta":[],"product_brand":[],"product_cat":[9507,1173,4108],"product_tag":[],"class_list":{"0":"post-166527","1":"product","2":"type-product","3":"status-publish","4":"has-post-thumbnail","6":"product_cat-furniture-system-indianapolis-jarstol-meble","7":"product_cat-chests-of-drawers","8":"product_cat-jarstol","10":"first","11":"instock","12":"purchasable","13":"product-type-simple"},"_links":{"self":[{"href":"https:\/\/baldumarket.lt\/lt\/wp-json\/wp\/v2\/product\/166527","targetHints":{"allow":["GET"]}}],"collection":[{"href":"https:\/\/baldumarket.lt\/lt\/wp-json\/wp\/v2\/product"}],"about":[{"href":"https:\/\/baldumarket.lt\/lt\/wp-json\/wp\/v2\/types\/product"}],"replies":[{"embeddable":true,"href":"https:\/\/baldumarket.lt\/lt\/wp-json\/wp\/v2\/comments?post=166527"}],"wp:featuredmedia":[{"embeddable":true,"href":"https:\/\/baldumarket.lt\/lt\/wp-json\/wp\/v2\/media\/166528"}],"wp:attachment":[{"href":"https:\/\/baldumarket.lt\/lt\/wp-json\/wp\/v2\/media?parent=166527"}],"wp:term":[{"taxonomy":"product_brand","embeddable":true,"href":"https:\/\/baldumarket.lt\/lt\/wp-json\/wp\/v2\/product_brand?post=166527"},{"taxonomy":"product_cat","embeddable":true,"href":"https:\/\/baldumarket.lt\/lt\/wp-json\/wp\/v2\/product_cat?post=166527"},{"taxonomy":"product_tag","embeddable":true,"href":"https:\/\/baldumarket.lt\/lt\/wp-json\/wp\/v2\/product_tag?post=166527"}],"curies":[{"name":"wp","href":"https:\/\/api.w.org\/{rel}","templated":true}]}}