{"id":166520,"date":"2025-12-19T16:03:34","date_gmt":"2025-12-19T13:03:34","guid":{"rendered":"https:\/\/baldumarket.lt\/product\/indianapolis-6-komoda-2d2s-kraft-bialy\/"},"modified":"2026-02-09T12:28:49","modified_gmt":"2026-02-09T09:28:49","slug":"indianapolis-6-komoda-2d2s-kraft-bialy","status":"publish","type":"product","link":"https:\/\/baldumarket.lt\/lt\/product\/indianapolis-6-komoda-2d2s-kraft-bialy\/","title":{"rendered":"INDIANAPOLIS-6 \u2013 Komoda su stal\u010diais, 2 stal\u010diais, balta, kraft ra\u0161to"},"content":{"rendered":"<p>Stilinga ir funkcionali komoda \u201eIndianapolis-6\u201c i\u0161 garsaus prek\u0117s \u017eenklo \u201eJarstol\u201c \u2013 puikus pasirinkimas visiems, norintiems \u012f savo interjer\u0105 \u012fne\u0161ti modernumo ir elegancijos. \u0160i komoda, padengta balta \u201eKraft White\u201c spalva, spinduliuoja gaivumu, \u012fne\u0161a harmonijos ir puikiai dera su \u012fvairiais dekoro stiliais. Minimalistinis dizainas puikiai tinka tiek svetainei, tiek miegamajam, suteikiant kiekvienai erdvei unikal\u0173 charakter\u012f. 127 cm auk\u0161tis ir 76 cm plotis u\u017etikrina tobul\u0105 balans\u0105 tarp talpos ir ergonomikos. Apatin\u0117 komodos dalis buvo sukurta atsi\u017evelgiant \u012f maksimal\u0173 funkcionalum\u0105 \u2013 dvigubos durys su prakti\u0161ka lentyna atlaisvino papildomos vietos drabu\u017eiams, patalynei ir kitiems smulkiems daiktams laikyti. Komoda \u201eIndianapolis-6\u201c i\u0161naudoja erdv\u0119 100% neu\u017egriozdindama vidaus. Papildomas \u0161io baldo privalumas yra du erdv\u016bs stal\u010diai, kurie atsidaro eleganti\u0161komis metalin\u0117mis ranken\u0117l\u0117mis. \u0160i gerai apgalvota komoda, puikiai tinkanti laikyti ma\u017eesnius daiktus, tokius kaip dokumentai, aksesuarai ar kosmetika, derina stili\u0173 ir prakti\u0161kum\u0105, tod\u0117l tai idealus pasirinkimas tiems, kurie vertina ir estetik\u0105, ir funkcionalum\u0105.<\/p>","protected":false},"excerpt":{"rendered":"<p>Plotis (cm): 76<br \/>\n\u016agis (cm): 127<br \/>\nGylis (cm): 42<\/p>","protected":false},"featured_media":166521,"comment_status":"open","ping_status":"open","template":"","meta":[],"product_brand":[],"product_cat":[9507,1173,4108],"product_tag":[],"class_list":{"0":"post-166520","1":"product","2":"type-product","3":"status-publish","4":"has-post-thumbnail","6":"product_cat-furniture-system-indianapolis-jarstol-meble","7":"product_cat-chests-of-drawers","8":"product_cat-jarstol","10":"first","11":"instock","12":"purchasable","13":"product-type-simple"},"_links":{"self":[{"href":"https:\/\/baldumarket.lt\/lt\/wp-json\/wp\/v2\/product\/166520","targetHints":{"allow":["GET"]}}],"collection":[{"href":"https:\/\/baldumarket.lt\/lt\/wp-json\/wp\/v2\/product"}],"about":[{"href":"https:\/\/baldumarket.lt\/lt\/wp-json\/wp\/v2\/types\/product"}],"replies":[{"embeddable":true,"href":"https:\/\/baldumarket.lt\/lt\/wp-json\/wp\/v2\/comments?post=166520"}],"wp:featuredmedia":[{"embeddable":true,"href":"https:\/\/baldumarket.lt\/lt\/wp-json\/wp\/v2\/media\/166521"}],"wp:attachment":[{"href":"https:\/\/baldumarket.lt\/lt\/wp-json\/wp\/v2\/media?parent=166520"}],"wp:term":[{"taxonomy":"product_brand","embeddable":true,"href":"https:\/\/baldumarket.lt\/lt\/wp-json\/wp\/v2\/product_brand?post=166520"},{"taxonomy":"product_cat","embeddable":true,"href":"https:\/\/baldumarket.lt\/lt\/wp-json\/wp\/v2\/product_cat?post=166520"},{"taxonomy":"product_tag","embeddable":true,"href":"https:\/\/baldumarket.lt\/lt\/wp-json\/wp\/v2\/product_tag?post=166520"}],"curies":[{"name":"wp","href":"https:\/\/api.w.org\/{rel}","templated":true}]}}