{"id":166513,"date":"2025-12-19T16:03:18","date_gmt":"2025-12-19T13:03:18","guid":{"rendered":"https:\/\/baldumarket.lt\/product\/indianapolis-7-komoda-2d4s-jesion-ciemny\/"},"modified":"2026-02-09T12:28:57","modified_gmt":"2026-02-09T09:28:57","slug":"indianapolis-7-komoda-2d4s-jesion-ciemny","status":"publish","type":"product","link":"https:\/\/baldumarket.lt\/lt\/product\/indianapolis-7-komoda-2d4s-jesion-ciemny\/","title":{"rendered":"INDIANAPOLIS-7 \u2013 2D4S Tamsaus uosio komoda"},"content":{"rendered":"<p>Suteikite savo interjerui elegancijos ir funkcionalumo su komoda INDIANAPOLIS-7, kuri kartu su tamsaus uosio atspalviu suteiks bet kokiam kambariui unikalaus charakterio. \u0160i \u017einomo \u201eJarstol\u201c prek\u0117s \u017eenklo komoda yra puikus pasirinkimas tiems, kurie vertina modern\u0173 dizain\u0105 ir prakti\u0161kus sprendimus. Nesvarbu, ar ie\u0161kote bald\u0173 miegamajam, svetainei, ar biurui, jos universalus stilius ir eleganti\u0161ka apdaila puikiai der\u0117s prie bet kokio interjero. Komoda INDIANAPOLIS-7 \u017eavi gerai apgalvotu dizainu, kur\u012f sudaro ne tik keturi erdv\u016bs stal\u010diai, bet ir dvi erdvios spintel\u0117s su lentynomis. \u0160is derinys leid\u017eia lengvai susitvarkyti drabu\u017eius, dokumentus ir net knygas. \u0160is baldas pavers tvark\u0105 j\u016bs\u0173 namuose nat\u016braliu rei\u0161kiniu, u\u017etikrindamas, kad kiekviena smulkmena tur\u0117t\u0173 savo viet\u0105. Juk kas nesvajoja apie funkcionali\u0105 erdv\u0119, kurioje viskas ranka pasiekiama? Detal\u0117s yra nepaprastai svarbios, o metalin\u0117s rankenos ir tvirti vyriai suteikia \u0161iai komodai ne tik estetinio patrauklumo, bet ir ilgaam\u017ei\u0161kumo. Tai \u012frodymas, kad d\u0117mesys detal\u0117ms yra skirtas tiems, kurie ie\u0161ko eleganti\u0161k\u0173 ir tvirt\u0173 bald\u0173. Stilinga matin\u0117s juodos spalvos rankena gra\u017eiai kontrastuoja su tamsia uosio mediena, suteikdama visam dizainui harmonijos ir modernumo. Ap\u0161vietimas gali b\u016bti papildomai \u012fsigyjamas atskirai.<\/p>","protected":false},"excerpt":{"rendered":"<p>Plotis (cm): 137<br \/>\n\u016agis (cm): 103,5<br \/>\nGylis (cm): 42<\/p>","protected":false},"featured_media":166514,"comment_status":"open","ping_status":"open","template":"","meta":[],"product_brand":[],"product_cat":[9507,1173,4108],"product_tag":[],"class_list":{"0":"post-166513","1":"product","2":"type-product","3":"status-publish","4":"has-post-thumbnail","6":"product_cat-furniture-system-indianapolis-jarstol-meble","7":"product_cat-chests-of-drawers","8":"product_cat-jarstol","10":"first","11":"instock","12":"purchasable","13":"product-type-simple"},"_links":{"self":[{"href":"https:\/\/baldumarket.lt\/lt\/wp-json\/wp\/v2\/product\/166513","targetHints":{"allow":["GET"]}}],"collection":[{"href":"https:\/\/baldumarket.lt\/lt\/wp-json\/wp\/v2\/product"}],"about":[{"href":"https:\/\/baldumarket.lt\/lt\/wp-json\/wp\/v2\/types\/product"}],"replies":[{"embeddable":true,"href":"https:\/\/baldumarket.lt\/lt\/wp-json\/wp\/v2\/comments?post=166513"}],"wp:featuredmedia":[{"embeddable":true,"href":"https:\/\/baldumarket.lt\/lt\/wp-json\/wp\/v2\/media\/166514"}],"wp:attachment":[{"href":"https:\/\/baldumarket.lt\/lt\/wp-json\/wp\/v2\/media?parent=166513"}],"wp:term":[{"taxonomy":"product_brand","embeddable":true,"href":"https:\/\/baldumarket.lt\/lt\/wp-json\/wp\/v2\/product_brand?post=166513"},{"taxonomy":"product_cat","embeddable":true,"href":"https:\/\/baldumarket.lt\/lt\/wp-json\/wp\/v2\/product_cat?post=166513"},{"taxonomy":"product_tag","embeddable":true,"href":"https:\/\/baldumarket.lt\/lt\/wp-json\/wp\/v2\/product_tag?post=166513"}],"curies":[{"name":"wp","href":"https:\/\/api.w.org\/{rel}","templated":true}]}}