{"id":166507,"date":"2025-12-19T16:03:05","date_gmt":"2025-12-19T13:03:05","guid":{"rendered":"https:\/\/baldumarket.lt\/product\/indianapolis-7-komoda-2d4s-jesion-jasny\/"},"modified":"2026-02-09T12:28:57","modified_gmt":"2026-02-09T09:28:57","slug":"indianapolis-7-komoda-2d4s-jesion-jasny","status":"publish","type":"product","link":"https:\/\/baldumarket.lt\/lt\/product\/indianapolis-7-komoda-2d4s-jesion-jasny\/","title":{"rendered":"INDIANAPOLIS-7 \u2013 Komoda 2D4S \u0161viesaus uosio spalvos"},"content":{"rendered":"<p>INDIANAPOLIS-7 komoda \u2013 tai unikalus baldas, kuris j\u016bs\u0173 interjerui suteiks harmonijos ir elegancijos. Pagaminta i\u0161 \u0161viesaus uosio, minimalistinis stilius traukia ak\u012f ir puikiai dera su \u012fvairiu dekoru. Subtili apdaila ir nat\u016brali spalva bet kur\u012f kambar\u012f pavers \u0161viesesniu ir jaukesniu, sukurdamos puik\u0173 fon\u0105 kitiems dekoro elementams. Nesvarbu, ar j\u0105 pastatysite miegamajame, svetain\u0117je, ar prie\u0161kambaryje, ji neabejotinai taps erdv\u0117s traukos centru. Funkcionalumas yra dar vienas INDIANAPOLIS-7 komodos privalumas. Keturi gil\u016bs stal\u010diai ir dvi spintel\u0117s su lentynomis suteikia daug vietos visiems j\u016bs\u0173 daiktams. Tai leid\u017eia lengvai susitvarkyti drabu\u017eius, aksesuarus, knygas ir dokumentus. Galimyb\u0117 visk\u0105 laikyti vienoje vietoje labai palengvina tvarkos palaikym\u0105 namuose, tod\u0117l galite skirti laiko tam, kas i\u0161 tikr\u0173j\u0173 svarbu. Detal\u0117s taip pat svarbios, o INDIANAPOLIS-7 metalin\u0117s ranken\u0117l\u0117s demonstruoja kruop\u0161t\u0173 meistri\u0161kum\u0105 ir kokyb\u0119. J\u0173 moderni i\u0161vaizda puikiai papildo bendr\u0105 dizain\u0105 ir pabr\u0117\u017eia komodos elegancij\u0105. Tvirti metaliniai vyriai ir kreipian\u010diosios suteikia patvarumo, u\u017etikrindami, kad \u0161is baldas tarnaus ilgus metus, net ir kasdien naudojant. Ap\u0161vietimas galimas kaip papildoma \u012franga, \u012fsigyjama atskirai.<\/p>","protected":false},"excerpt":{"rendered":"<p>Plotis (cm): 137<br \/>\n\u016agis (cm): 103,5<br \/>\nGylis (cm): 42<\/p>","protected":false},"featured_media":166508,"comment_status":"open","ping_status":"open","template":"","meta":[],"product_brand":[],"product_cat":[9507,1173,4108],"product_tag":[],"class_list":{"0":"post-166507","1":"product","2":"type-product","3":"status-publish","4":"has-post-thumbnail","6":"product_cat-furniture-system-indianapolis-jarstol-meble","7":"product_cat-chests-of-drawers","8":"product_cat-jarstol","10":"first","11":"instock","12":"purchasable","13":"product-type-simple"},"_links":{"self":[{"href":"https:\/\/baldumarket.lt\/lt\/wp-json\/wp\/v2\/product\/166507","targetHints":{"allow":["GET"]}}],"collection":[{"href":"https:\/\/baldumarket.lt\/lt\/wp-json\/wp\/v2\/product"}],"about":[{"href":"https:\/\/baldumarket.lt\/lt\/wp-json\/wp\/v2\/types\/product"}],"replies":[{"embeddable":true,"href":"https:\/\/baldumarket.lt\/lt\/wp-json\/wp\/v2\/comments?post=166507"}],"wp:featuredmedia":[{"embeddable":true,"href":"https:\/\/baldumarket.lt\/lt\/wp-json\/wp\/v2\/media\/166508"}],"wp:attachment":[{"href":"https:\/\/baldumarket.lt\/lt\/wp-json\/wp\/v2\/media?parent=166507"}],"wp:term":[{"taxonomy":"product_brand","embeddable":true,"href":"https:\/\/baldumarket.lt\/lt\/wp-json\/wp\/v2\/product_brand?post=166507"},{"taxonomy":"product_cat","embeddable":true,"href":"https:\/\/baldumarket.lt\/lt\/wp-json\/wp\/v2\/product_cat?post=166507"},{"taxonomy":"product_tag","embeddable":true,"href":"https:\/\/baldumarket.lt\/lt\/wp-json\/wp\/v2\/product_tag?post=166507"}],"curies":[{"name":"wp","href":"https:\/\/api.w.org\/{rel}","templated":true}]}}