{"id":166501,"date":"2025-12-19T16:02:52","date_gmt":"2025-12-19T13:02:52","guid":{"rendered":"https:\/\/baldumarket.lt\/product\/indianapolis-7-komoda-2d4s-kraft-bialy\/"},"modified":"2026-02-09T12:28:57","modified_gmt":"2026-02-09T09:28:57","slug":"indianapolis-7-komoda-2d4s-kraft-bialy","status":"publish","type":"product","link":"https:\/\/baldumarket.lt\/lt\/product\/indianapolis-7-komoda-2d4s-kraft-bialy\/","title":{"rendered":"INDIANAPOLIS-7 \u2013 Komoda 2D4S Kraft White"},"content":{"rendered":"<p>Komoda INDIANAPOLIS-7 \u2013 tai tobulas funkcionalumo ir modernaus dizaino derinys, kuris puikiai der\u0117s prie bet kokios erdv\u0117s. Nesvarbu, ar dekoruojate miegam\u0105j\u012f, svetain\u0119, ar biur\u0105, \u0161i stilinga komoda pritrauks j\u016bs\u0173 sve\u010di\u0173 d\u0117mes\u012f ir tuo pa\u010diu patenkins j\u016bs\u0173 daikt\u0173 laikymo poreikius. Eleganti\u0161ka Kraft White spalva kartu su sidabrin\u0117mis rankenomis suteikia lengvumo ir gaivumo, sukurdama jauki\u0105 atmosfer\u0105 j\u016bs\u0173 interjere. Komoda INDIANAPOLIS-7 turi keturis gilius stal\u010dius ir dvi spinteles su lentynomis, tod\u0117l si\u016blo neribotas organizavimo galimybes. Galite lengvai susitvarkyti drabu\u017eius, knygas, aksesuarus ir dokumentus, tod\u0117l j\u016bs\u0173 gyvenimas taps organizuotesnis. D\u0117l gerai apgalvoto dizaino visi daiktai visada bus po ranka, tod\u0117l sutaupysite laiko ie\u0161kant b\u016btiniausi\u0173 daikt\u0173. Tai puikus sprendimas tiems, kurie vertina tvark\u0105. Auk\u0161tos kokyb\u0117s med\u017eiag\u0173, toki\u0173 kaip laminuota plok\u0161t\u0117 ir metalin\u0117s rankenos, naudojimas rodo d\u0117mes\u012f detal\u0117ms. \u0160i komoda ne tik puikiai atrodo, bet ir yra patvari bei atspari kasdieniam naudojimui. Tvirta konstrukcija u\u017etikrina ilgaam\u017ei\u0161kum\u0105, tod\u0117l tai ilgalaik\u0117 investicija. Be to, d\u0117l \u012fvairi\u0173 spalv\u0173 baldus galite priderinti prie individuali\u0173 pageidavim\u0173 ir interjero stiliaus. Ap\u0161vietimas gali b\u016bti papildomai \u012fsigyjamas atskirai.<\/p>","protected":false},"excerpt":{"rendered":"<p>Plotis (cm): 137<br \/>\n\u016agis (cm): 103,5<br \/>\nGylis (cm): 42<\/p>","protected":false},"featured_media":166502,"comment_status":"open","ping_status":"open","template":"","meta":[],"product_brand":[],"product_cat":[9507,1173,4108],"product_tag":[],"class_list":{"0":"post-166501","1":"product","2":"type-product","3":"status-publish","4":"has-post-thumbnail","6":"product_cat-furniture-system-indianapolis-jarstol-meble","7":"product_cat-chests-of-drawers","8":"product_cat-jarstol","10":"first","11":"instock","12":"purchasable","13":"product-type-simple"},"_links":{"self":[{"href":"https:\/\/baldumarket.lt\/lt\/wp-json\/wp\/v2\/product\/166501","targetHints":{"allow":["GET"]}}],"collection":[{"href":"https:\/\/baldumarket.lt\/lt\/wp-json\/wp\/v2\/product"}],"about":[{"href":"https:\/\/baldumarket.lt\/lt\/wp-json\/wp\/v2\/types\/product"}],"replies":[{"embeddable":true,"href":"https:\/\/baldumarket.lt\/lt\/wp-json\/wp\/v2\/comments?post=166501"}],"wp:featuredmedia":[{"embeddable":true,"href":"https:\/\/baldumarket.lt\/lt\/wp-json\/wp\/v2\/media\/166502"}],"wp:attachment":[{"href":"https:\/\/baldumarket.lt\/lt\/wp-json\/wp\/v2\/media?parent=166501"}],"wp:term":[{"taxonomy":"product_brand","embeddable":true,"href":"https:\/\/baldumarket.lt\/lt\/wp-json\/wp\/v2\/product_brand?post=166501"},{"taxonomy":"product_cat","embeddable":true,"href":"https:\/\/baldumarket.lt\/lt\/wp-json\/wp\/v2\/product_cat?post=166501"},{"taxonomy":"product_tag","embeddable":true,"href":"https:\/\/baldumarket.lt\/lt\/wp-json\/wp\/v2\/product_tag?post=166501"}],"curies":[{"name":"wp","href":"https:\/\/api.w.org\/{rel}","templated":true}]}}