{"id":166494,"date":"2025-12-19T16:02:35","date_gmt":"2025-12-19T13:02:35","guid":{"rendered":"https:\/\/baldumarket.lt\/product\/indianapolis-8-witryna-z-barkiem-3d3s-jesion-ciemny\/"},"modified":"2026-02-09T12:28:57","modified_gmt":"2026-02-09T09:28:57","slug":"indianapolis-8-witryna-z-barkiem-3d3s-jesion-ciemny","status":"publish","type":"product","link":"https:\/\/baldumarket.lt\/lt\/product\/indianapolis-8-witryna-z-barkiem-3d3s-jesion-ciemny\/","title":{"rendered":"INDIANAPOLIS-8 \u2013 Vitrina su baru 3D3S Tamsaus uosio spalvos"},"content":{"rendered":"<p>\u2019Jarstol\u201c 3D3S tamsaus uosio vitrina su baru \u2013 eleganti\u0161kas baldas, kuris neabejotinai pakeis j\u016bs\u0173 interjer\u0105. Modernus dizainas ir esteti\u0161ka tamsaus uosio apdaila i\u0161 \u201eKronospan 5692\u201c kolekcijos puikiai tinka minimalistiniam ir funkcionaliam interjerui. Ji puikiai tiks \u012fvairiuose kambariuose, tokiuose kaip svetain\u0117, valgomasis ar prie\u0161kambaris, pritraukdama sve\u010di\u0173 d\u0117mes\u012f ir suteikdama kiekvienai erdvei charakterio. \u0160i auk\u0161ta komoda pasi\u017eymi erdvumu ir prakti\u0161kumu, kurie patenkins net ir reikliausi\u0173 vartotoj\u0173 l\u016bkes\u010dius. Eleganti\u0161kos \u0161onin\u0117s vitrinos suteikia vietos knygoms, porcelianui ar suvenyrams eksponuoti. Dvigubos stiklin\u0117s lentynos suteikia lengvumo ir leid\u017eia efektyviai eksponuoti m\u0117gstamus daiktus, sukurdamos stiling\u0105 dekoratyvin\u012f element\u0105 j\u016bs\u0173 interjere. Trys gil\u016bs stal\u010diai komodos centre pad\u0117s laikyti tekstil\u0119 ir kitus smulkius daiktus. \u0160is funkcionalus baras puikiai tinka socialiniams susib\u016brimams, leisdamas eleganti\u0161kai patiekti m\u0117gstamus g\u0117rimus. Metalin\u0117s rankenos pabr\u0117\u017eia d\u0117mes\u012f detal\u0117ms, suteikdamos baldams industrin\u0119 i\u0161vaizd\u0105 ir patvarum\u0105, kur\u012f tikrai \u012fvertins kiekvienas vartotojas. Ap\u0161vietimas galimas kaip papildoma \u012franga, \u012fsigyjamas atskirai.<\/p>","protected":false},"excerpt":{"rendered":"<p>Plotis (cm): 137<br \/>\n\u016agis (cm): 122<br \/>\nGylis (cm): 42<\/p>","protected":false},"featured_media":166495,"comment_status":"open","ping_status":"open","template":"","meta":[],"product_brand":[],"product_cat":[9507,4108,2006],"product_tag":[],"class_list":{"0":"post-166494","1":"product","2":"type-product","3":"status-publish","4":"has-post-thumbnail","6":"product_cat-furniture-system-indianapolis-jarstol-meble","7":"product_cat-jarstol","8":"product_cat-vitrines","10":"first","11":"instock","12":"purchasable","13":"product-type-simple"},"_links":{"self":[{"href":"https:\/\/baldumarket.lt\/lt\/wp-json\/wp\/v2\/product\/166494","targetHints":{"allow":["GET"]}}],"collection":[{"href":"https:\/\/baldumarket.lt\/lt\/wp-json\/wp\/v2\/product"}],"about":[{"href":"https:\/\/baldumarket.lt\/lt\/wp-json\/wp\/v2\/types\/product"}],"replies":[{"embeddable":true,"href":"https:\/\/baldumarket.lt\/lt\/wp-json\/wp\/v2\/comments?post=166494"}],"wp:featuredmedia":[{"embeddable":true,"href":"https:\/\/baldumarket.lt\/lt\/wp-json\/wp\/v2\/media\/166495"}],"wp:attachment":[{"href":"https:\/\/baldumarket.lt\/lt\/wp-json\/wp\/v2\/media?parent=166494"}],"wp:term":[{"taxonomy":"product_brand","embeddable":true,"href":"https:\/\/baldumarket.lt\/lt\/wp-json\/wp\/v2\/product_brand?post=166494"},{"taxonomy":"product_cat","embeddable":true,"href":"https:\/\/baldumarket.lt\/lt\/wp-json\/wp\/v2\/product_cat?post=166494"},{"taxonomy":"product_tag","embeddable":true,"href":"https:\/\/baldumarket.lt\/lt\/wp-json\/wp\/v2\/product_tag?post=166494"}],"curies":[{"name":"wp","href":"https:\/\/api.w.org\/{rel}","templated":true}]}}