{"id":166488,"date":"2025-12-19T16:02:22","date_gmt":"2025-12-19T13:02:22","guid":{"rendered":"https:\/\/baldumarket.lt\/product\/indianapolis-8-witryna-z-barkiem-3d3s-jesion-jasny\/"},"modified":"2026-02-09T12:28:57","modified_gmt":"2026-02-09T09:28:57","slug":"indianapolis-8-witryna-z-barkiem-3d3s-jesion-jasny","status":"publish","type":"product","link":"https:\/\/baldumarket.lt\/lt\/product\/indianapolis-8-witryna-z-barkiem-3d3s-jesion-jasny\/","title":{"rendered":"INDIANAPOLIS-8 \u2013 3D3S \u0161viesaus uosio spalvos vitrina su baru"},"content":{"rendered":"<p>Su \u201eJarstol\u201c vitrina su baru \u201eINDIANAPOLIS-8\u201c suteikite savo interjerui elegancijos ir funkcionalumo. Subtilus \u0161viesus pelen\u0173 atspalvis suteikia erdv\u0117je jaukumo bet kokiam kambariui. Kruop\u0161\u010diai suprojektuota, ji derina ne tik estetik\u0105, bet ir prakti\u0161kum\u0105, puikiai dera tiek su moderniu, tiek su klasikiniu stiliumi. \u0160i 137 cm plo\u010dio ir 122 cm auk\u0161\u010dio vitrina si\u016blo daug vietos daiktams susid\u0117ti. D\u0117l trij\u0173 gili\u0173 stal\u010di\u0173 ir i\u0161orini\u0173 vitrin\u0173 su dvigubomis stiklin\u0117mis lentynomis tur\u0117site vietos ne tik knygoms ir porcelianui, bet ir puiki\u0105 viet\u0105 m\u0117gstamiems suvenyrams eksponuoti. Visa tai apgaubia eleganti\u0161kas dizainas, kuris traukia ak\u012f ir d\u017eiugina sve\u010dius. Sukurta galvojant apie paprast\u0105 naudojim\u0105, \u201eINDIANAPOLIS-8\u201c vitrina yra ne tik daikt\u0173 laikymo vieta, bet ir unikalus dekoratyvinis elementas. Metalin\u0117s rankenos ir gr\u016bdintas stiklas suteikia jai modernumo, kartu u\u017etikrindami patvarum\u0105 ir funkcionalum\u0105 ilgus metus. D\u0117l to galite b\u016bti tikri, kad baldai ilg\u0105 laik\u0105 puikiai papildys j\u016bs\u0173 interjer\u0105.<\/p>","protected":false},"excerpt":{"rendered":"<p>Plotis (cm): 137<br \/>\n\u016agis (cm): 122<br \/>\nGylis (cm): 42<\/p>","protected":false},"featured_media":166489,"comment_status":"open","ping_status":"open","template":"","meta":[],"product_brand":[],"product_cat":[9507,4108,2006],"product_tag":[],"class_list":{"0":"post-166488","1":"product","2":"type-product","3":"status-publish","4":"has-post-thumbnail","6":"product_cat-furniture-system-indianapolis-jarstol-meble","7":"product_cat-jarstol","8":"product_cat-vitrines","10":"first","11":"instock","12":"purchasable","13":"product-type-simple"},"_links":{"self":[{"href":"https:\/\/baldumarket.lt\/lt\/wp-json\/wp\/v2\/product\/166488","targetHints":{"allow":["GET"]}}],"collection":[{"href":"https:\/\/baldumarket.lt\/lt\/wp-json\/wp\/v2\/product"}],"about":[{"href":"https:\/\/baldumarket.lt\/lt\/wp-json\/wp\/v2\/types\/product"}],"replies":[{"embeddable":true,"href":"https:\/\/baldumarket.lt\/lt\/wp-json\/wp\/v2\/comments?post=166488"}],"wp:featuredmedia":[{"embeddable":true,"href":"https:\/\/baldumarket.lt\/lt\/wp-json\/wp\/v2\/media\/166489"}],"wp:attachment":[{"href":"https:\/\/baldumarket.lt\/lt\/wp-json\/wp\/v2\/media?parent=166488"}],"wp:term":[{"taxonomy":"product_brand","embeddable":true,"href":"https:\/\/baldumarket.lt\/lt\/wp-json\/wp\/v2\/product_brand?post=166488"},{"taxonomy":"product_cat","embeddable":true,"href":"https:\/\/baldumarket.lt\/lt\/wp-json\/wp\/v2\/product_cat?post=166488"},{"taxonomy":"product_tag","embeddable":true,"href":"https:\/\/baldumarket.lt\/lt\/wp-json\/wp\/v2\/product_tag?post=166488"}],"curies":[{"name":"wp","href":"https:\/\/api.w.org\/{rel}","templated":true}]}}